{"id":44442,"date":"2025-01-21T22:30:15","date_gmt":"2025-01-21T20:30:15","guid":{"rendered":"https:\/\/agrozone.ee\/toode\/meksikolainen-minikurkku\/"},"modified":"2026-03-09T15:50:57","modified_gmt":"2026-03-09T13:50:57","slug":"meksikolainen-minikurkku","status":"publish","type":"product","link":"https:\/\/agrozone.ee\/fi\/tuote\/meksikolainen-minikurkku\/","title":{"rendered":"Meksikolainen minikurkku"},"content":{"rendered":"<ul>\n<li data-sourcepos=\"1:1-1:684\">Toki Hedelm\u00e4t ovat pieni\u00e4, maukkaita, 5-10g, eritt\u00e4in runsas sato.<\/li>\n<li data-sourcepos=\"1:1-1:684\">Sy\u00f6d\u00e4\u00e4n tuoreena, marinoituna, lis\u00e4t\u00e4\u00e4n salaatteihin, maku muistuttaa kurkkua.<\/li>\n<li data-sourcepos=\"1:1-1:684\">Toki Kasvit kasvavat nopeasti jopa 3-5 metrin korkeuteen, yksi kasvi kattaa 2-3 m\u00b2 alan, joten se on istutettava sein\u00e4n viereen tai tuettava.<\/li>\n<li data-sourcepos=\"1:1-1:684\">Toki Sek\u00e4 hedelm\u00e4t ett\u00e4 koko kasvi, joka muistuttaa liaania, ovat koristeellisia.<\/li>\n<li data-sourcepos=\"1:1-1:684\">Toki Taimet istutetaan taimina y\u00f6pakasten menty\u00e4.<\/li>\n<li data-sourcepos=\"1:1-1:684\">Toki, jos kurkun siemenet kylvet\u00e4\u00e4n maaliskuussa, taimet ovat valmiita istutettaviksi 30-35 p\u00e4iv\u00e4n kuluttua.<\/li>\n<li data-sourcepos=\"1:1-1:684\">Siksi riippuen istutusmahdollisuuksista kylv\u00e4 siemenet oikea-aikaisesti, jotta taimet eiv\u00e4t kasva liian suuriksi.<\/li>\n<\/ul>\n<p>Kasvatetaan lasitetuissa kasvihuoneissa, parvekkeilla ja ulkona, jolloin suositellaan aurinkoista ja tuulelta suojattua paikkaa.<\/p>\n","protected":false},"excerpt":{"rendered":"<p>Melothria scarbra naudin<\/p>\n","protected":false},"featured_media":42707,"template":"","meta":{"_acf_changed":false,"_seopress_robots_primary_cat":"none","_seopress_titles_title":"","_seopress_titles_desc":"","_seopress_robots_index":"","_gspb_post_css":""},"product_brand":[2566],"product_cat":[2392,2409,2399,2401],"product_tag":[],"class_list":{"0":"post-44442","1":"product","2":"type-product","3":"status-publish","4":"has-post-thumbnail","6":"product_brand-lucia-elite","7":"product_cat-kaikki-luokat","8":"product_cat-kurkku","9":"product_cat-siemenet","10":"product_cat-vihanneksien-siemenet","12":"first","13":"instock","14":"taxable","15":"shipping-taxable","16":"purchasable","17":"product-type-simple"},"ct_brands":[{"id":2566,"name":"Lucia Elite","slug":"lucia-elite"}],"acf":[],"_links":{"self":[{"href":"https:\/\/agrozone.ee\/fi\/wp-json\/wp\/v2\/product\/44442","targetHints":{"allow":["GET"]}}],"collection":[{"href":"https:\/\/agrozone.ee\/fi\/wp-json\/wp\/v2\/product"}],"about":[{"href":"https:\/\/agrozone.ee\/fi\/wp-json\/wp\/v2\/types\/product"}],"wp:featuredmedia":[{"embeddable":true,"href":"https:\/\/agrozone.ee\/fi\/wp-json\/wp\/v2\/media\/42707"}],"wp:attachment":[{"href":"https:\/\/agrozone.ee\/fi\/wp-json\/wp\/v2\/media?parent=44442"}],"wp:term":[{"taxonomy":"product_brand","embeddable":true,"href":"https:\/\/agrozone.ee\/fi\/wp-json\/wp\/v2\/product_brand?post=44442"},{"taxonomy":"product_cat","embeddable":true,"href":"https:\/\/agrozone.ee\/fi\/wp-json\/wp\/v2\/product_cat?post=44442"},{"taxonomy":"product_tag","embeddable":true,"href":"https:\/\/agrozone.ee\/fi\/wp-json\/wp\/v2\/product_tag?post=44442"}],"curies":[{"name":"wp","href":"https:\/\/api.w.org\/{rel}","templated":true}]}}