{"id":44461,"date":"2024-08-06T12:08:09","date_gmt":"2024-08-06T10:08:09","guid":{"rendered":"https:\/\/agrozone.ee\/toode\/vaco-hyttyskierukat-max-6-kpl\/"},"modified":"2024-08-06T12:08:09","modified_gmt":"2024-08-06T10:08:09","slug":"vaco-hyttyskierukat-max-6-kpl","status":"publish","type":"product","link":"https:\/\/agrozone.ee\/fi\/tuote\/vaco-hyttyskierukat-max-6-kpl\/","title":{"rendered":"VACO hyttyskierukat MAX &#8211; 6 kpl"},"content":{"rendered":"<p>Kierteet, jotka on tarkoitettu hyttysten ja k\u00e4rp\u00e4sten torjuntaan ulkotiloissa. Yksi kierukka on tehokas 9 tuntia.<br \/>\nKierukan paloaika on noin 7 tuntia. Tappava vaikutus saavutetaan 60 minuutin kuluttua sytytt\u00e4misest\u00e4.  <\/p>\n<p><strong>Ominaisuudet<\/strong><\/p>\n<p>\u25cf suojaa hyttysilt\u00e4 ja k\u00e4rp\u00e4silt\u00e4,<br \/>\n\u25cf antaa sinun viett\u00e4\u00e4 aikaa ilman puremien pelkoa,<br \/>\n\u25cf ne eiv\u00e4t hajoa,<br \/>\n\u25cf eiv\u00e4t tahraa k\u00e4si\u00e4,<br \/>\n\u25cf ne toimivat tehokkaasti 60 minuutin kuluttua sytytt\u00e4misest\u00e4,<br \/>\n\u25cf yksi kierukka palaa jopa 7 tuntia.<\/p>\n<p><strong>K\u00e4ytt\u00f6ohjeet<\/strong><\/p>\n<p>1. Ota k\u00e4\u00e4mit pakkauksesta ja erota ne toisistaan. 2. Paina metallituen kielt\u00e4 ja aseta k\u00e4\u00e4mi sen p\u00e4\u00e4lle. 3. Ota k\u00e4\u00e4min p\u00e4\u00e4 kiinni, puhalla liekki pois ja j\u00e4t\u00e4 hehkuva p\u00e4\u00e4. \u00c4L\u00c4 HENGIT\u00c4 SAVUA.<\/p>\n<p>Pese k\u00e4det sen j\u00e4lkeen, kun olet k\u00e4sitellyt k\u00e4\u00e4mi\u00e4 suoraan, v\u00e4lt\u00e4 kosketusta silmiin ja iholle. Poista sivulliset, lapset ja el\u00e4imet toimenpiteen ajaksi sis\u00e4tiloista. Tuuleta huone k\u00e4sittelyn j\u00e4lkeen. Tuote sis\u00e4lt\u00e4\u00e4 geraniolia, joka voi aiheuttaa allergisia reaktioita.<\/p>\n","protected":false},"excerpt":{"rendered":"<p>\u25cf suojaa hyttysilt\u00e4 ja k\u00e4rp\u00e4silt\u00e4,<br \/>\n\u25cf antaa sinun viett\u00e4\u00e4 aikaa ilman puremien pelkoa,<br \/>\n\u25cf ne eiv\u00e4t hajoa,<br \/>\n\u25cf eiv\u00e4t tahraa k\u00e4si\u00e4,<br \/>\n\u25cf ne toimivat tehokkaasti 60 minuutin kuluttua sytytt\u00e4misest\u00e4,<br \/>\n\u25cf yksi kierukka palaa jopa 7 tuntia.<\/p>\n","protected":false},"featured_media":44462,"template":"","meta":{"_acf_changed":false,"_seopress_robots_primary_cat":"none","_seopress_titles_title":"","_seopress_titles_desc":"","_seopress_robots_index":"","_gspb_post_css":""},"product_brand":[],"product_cat":[2358,2392,2356],"product_tag":[],"class_list":{"0":"post-44461","1":"product","2":"type-product","3":"status-publish","4":"has-post-thumbnail","6":"product_cat-hyonteisten-ja-hyttysten-torjunta","7":"product_cat-kaikki-luokat","8":"product_cat-puutarhan-ja-kasvien-suojelu","10":"first","11":"instock","12":"taxable","13":"shipping-taxable","14":"purchasable","15":"product-type-simple"},"ct_brands":[],"acf":[],"_links":{"self":[{"href":"https:\/\/agrozone.ee\/fi\/wp-json\/wp\/v2\/product\/44461","targetHints":{"allow":["GET"]}}],"collection":[{"href":"https:\/\/agrozone.ee\/fi\/wp-json\/wp\/v2\/product"}],"about":[{"href":"https:\/\/agrozone.ee\/fi\/wp-json\/wp\/v2\/types\/product"}],"wp:featuredmedia":[{"embeddable":true,"href":"https:\/\/agrozone.ee\/fi\/wp-json\/wp\/v2\/media\/44462"}],"wp:attachment":[{"href":"https:\/\/agrozone.ee\/fi\/wp-json\/wp\/v2\/media?parent=44461"}],"wp:term":[{"taxonomy":"product_brand","embeddable":true,"href":"https:\/\/agrozone.ee\/fi\/wp-json\/wp\/v2\/product_brand?post=44461"},{"taxonomy":"product_cat","embeddable":true,"href":"https:\/\/agrozone.ee\/fi\/wp-json\/wp\/v2\/product_cat?post=44461"},{"taxonomy":"product_tag","embeddable":true,"href":"https:\/\/agrozone.ee\/fi\/wp-json\/wp\/v2\/product_tag?post=44461"}],"curies":[{"name":"wp","href":"https:\/\/api.w.org\/{rel}","templated":true}]}}