{"id":44463,"date":"2024-07-05T08:58:04","date_gmt":"2024-07-05T06:58:04","guid":{"rendered":"https:\/\/agrozone.ee\/toode\/lemmikkielainten-kasvatuspakkaus\/"},"modified":"2025-07-01T00:00:03","modified_gmt":"2025-06-30T22:00:03","slug":"lemmikkielainten-kasvatuspakkaus","status":"publish","type":"product","link":"https:\/\/agrozone.ee\/fi\/tuote\/lemmikkielainten-kasvatuspakkaus\/","title":{"rendered":"LEMMIKKIEL\u00c4INTEN KASVATUSPAKKAUS"},"content":{"rendered":"<p>LEMMIKKIEL\u00c4INTEN KASVATUSPAKKAUS - Lactuca sativa L.<\/p>\n<ul>\n<li>Ilahduta lemmikkisi tuoreella ja mehukkaalla salaatilla!<\/li>\n<li>Tuore ja maukas salaatti on eritt\u00e4in suosittu erilaisten lemmikkien keskuudessa: kanit, marsut, hamsterit, kilpikonnat, liskot ja jopa jotkut kissat.<\/li>\n<li>N\u00e4et, ett\u00e4 kasvattaminen voi olla helppoa ja hauskaa!<\/li>\n<li>Kasvata kasveja ja nauti sadosta yhdess\u00e4 lemmikkisi kanssa!<\/li>\n<li>T\u00e4m\u00e4 pakkaus on loistava lahja lapsille, jotka haluavat paitsi hoitaa kasveja my\u00f6s tarjota itse kasvatettua salaattia lemmikeilleen.<\/li>\n<\/ul>\n<p><strong>Pakkaus sis\u00e4lt\u00e4\u00e4:<\/strong> uudelleenk\u00e4ytett\u00e4v\u00e4n kierr\u00e4tysmuoviruukun 10,8&#215;10,9cm, 2 kookosp\u00e4hkin\u00e4leivinpohjaa, tarroja ja siemenpaketin (salaattisiemenseos 1g).<br \/>\nSiementen m\u00e4\u00e4r\u00e4 grammassa ~700-1200 siement\u00e4 Er\u00e4 I-XII.<\/p>\n","protected":false},"excerpt":{"rendered":"<ul>\n<li>Ilahduta lemmikkisi tuoreella ja mehukkaalla salaatilla!<\/li>\n<li>Tuore ja maukas salaatti on eritt\u00e4in suosittu erilaisten lemmikkien keskuudessa: kanit, marsut, hamsterit, kilpikonnat, liskot ja jopa jotkut kissat.<\/li>\n<li>N\u00e4et, ett\u00e4 kasvattaminen voi olla helppoa ja hauskaa!<\/li>\n<li>Kasvata kasveja ja nauti sadosta yhdess\u00e4 lemmikkisi kanssa!<\/li>\n<li>T\u00e4m\u00e4 pakkaus on loistava lahja lapsille, jotka haluavat paitsi hoitaa kasveja my\u00f6s tarjota itse kasvatettua salaattia lemmikeilleen.<\/li>\n<\/ul>\n","protected":false},"featured_media":44464,"template":"","meta":{"_acf_changed":false,"_seopress_robots_primary_cat":"none","_seopress_titles_title":"","_seopress_titles_desc":"","_seopress_robots_index":"","_gspb_post_css":""},"product_brand":[],"product_cat":[2392,2400,2399],"product_tag":[],"class_list":{"0":"post-44463","1":"product","2":"type-product","3":"status-publish","4":"has-post-thumbnail","6":"product_cat-kaikki-luokat","7":"product_cat-kasvatuspakkaukset","8":"product_cat-siemenet","10":"first","11":"instock","12":"featured","13":"taxable","14":"shipping-taxable","15":"purchasable","16":"product-type-simple"},"ct_brands":[],"acf":[],"_links":{"self":[{"href":"https:\/\/agrozone.ee\/fi\/wp-json\/wp\/v2\/product\/44463","targetHints":{"allow":["GET"]}}],"collection":[{"href":"https:\/\/agrozone.ee\/fi\/wp-json\/wp\/v2\/product"}],"about":[{"href":"https:\/\/agrozone.ee\/fi\/wp-json\/wp\/v2\/types\/product"}],"wp:featuredmedia":[{"embeddable":true,"href":"https:\/\/agrozone.ee\/fi\/wp-json\/wp\/v2\/media\/44464"}],"wp:attachment":[{"href":"https:\/\/agrozone.ee\/fi\/wp-json\/wp\/v2\/media?parent=44463"}],"wp:term":[{"taxonomy":"product_brand","embeddable":true,"href":"https:\/\/agrozone.ee\/fi\/wp-json\/wp\/v2\/product_brand?post=44463"},{"taxonomy":"product_cat","embeddable":true,"href":"https:\/\/agrozone.ee\/fi\/wp-json\/wp\/v2\/product_cat?post=44463"},{"taxonomy":"product_tag","embeddable":true,"href":"https:\/\/agrozone.ee\/fi\/wp-json\/wp\/v2\/product_tag?post=44463"}],"curies":[{"name":"wp","href":"https:\/\/api.w.org\/{rel}","templated":true}]}}