{"id":44467,"date":"2024-06-09T15:59:41","date_gmt":"2024-06-09T13:59:41","guid":{"rendered":"https:\/\/agrozone.ee\/toode\/muurahaisgeeli-5g\/"},"modified":"2025-06-05T08:34:01","modified_gmt":"2025-06-05T06:34:01","slug":"muurahaisgeeli-5g","status":"publish","type":"product","link":"https:\/\/agrozone.ee\/fi\/tuote\/muurahaisgeeli-5g\/","title":{"rendered":"Muurahaisgeeli 5g"},"content":{"rendered":"<ul>\n<li class=\"plained\">Muurahaisgeeli on k\u00e4ytt\u00f6valmis hy\u00f6nteismyrkky, joka sis\u00e4lt\u00e4\u00e4 imidaklopridia ja tuhoaa yleisimm\u00e4t mustamuurahaiset (Lasius niger) ja trooppiset muurahaiset (Linepithema humile, Monomorium pharaonis) sek\u00e4 niiden pes\u00e4t.<\/li>\n<li class=\"plained\">Muurahaisgeeli on muurahaisille eritt\u00e4in maistuva sy\u00f6tti, joka sis\u00e4lt\u00e4\u00e4 runsaasti ravitsevia ja sokeripitoisia lis\u00e4aineita; geelin nestem\u00e4inen olomuoto ja energiasis\u00e4lt\u00f6 takaavat nopean ja riitt\u00e4v\u00e4n sy\u00f6misen.<\/li>\n<li class=\"plained\">Sy\u00f6ty\u00e4\u00e4n sy\u00f6tin muurahaiset palaavat pes\u00e4\u00e4n ja jakavat sit\u00e4 muille siirtokunnassa oleville muurahaisille, mukaan lukien kuningattarelle.<\/li>\n<li class=\"plained\">Sy\u00f6tin siirtyminen muurahaiselta toiselle mahdollistaa dominoefektin, jonka seurauksena koko pes\u00e4 tuhoutuu kahden viikon kuluessa tuotteen levitt\u00e4misest\u00e4.<\/li>\n<li class=\"plained\">Muurahaisgeeli on v\u00e4rit\u00f6n, hajuton, ei tahraa ja mahdollistaa hy\u00f6nteismyrkyn huomaamattoman k\u00e4yt\u00f6n.<\/li>\n<\/ul>\n<p class=\"plained\"><strong>K\u00e4ytt\u00f6paikka:<\/strong><\/p>\n<p class=\"plained\"><strong>Sis\u00e4tiloissa:<\/strong> raoissa ja halkeamissa, seini\u00e4 pitkin.<br \/>\n<strong>Ulkoymp\u00e4rist\u00f6ss\u00e4:<\/strong> raoissa ja halkeamissa, rakennusten ymp\u00e4rill\u00e4 tai pes\u00e4n sis\u00e4\u00e4nk\u00e4ynneiss\u00e4. Levit\u00e4 biosidia vain rakoihin ja halkeamiin tai suoraan muurahaispes\u00e4\u00e4n. <\/p>\n<ul>\n<li class=\"plained\">Suojaa mehil\u00e4isilt\u00e4 ja sateelta peitt\u00e4m\u00e4ll\u00e4 se esimerkiksi kukkaruukulla tai lautasella (joka kuitenkin varmistaa, ett\u00e4 muurahaiset p\u00e4\u00e4sev\u00e4t myrkkyyn).<\/li>\n<li class=\"plained\">Muurahaisgeeli pysyy maittavana pitk\u00e4\u00e4n, mik\u00e4 takaa tuotteen tehokkuuden jopa 3 kuukaudeksi sen levitt\u00e4misen j\u00e4lkeen.<\/li>\n<li class=\"plained\">Muurahaisgeeli sis\u00e4lt\u00e4\u00e4 katkeruainetta (denatoniumbentsoaatti), joka v\u00e4hent\u00e4\u00e4 sen vahingossa tapahtuvan nauttimisen riski\u00e4 ihmisten toimesta.<\/li>\n<\/ul>\n<h3>K\u00e4ytt\u00f6ohjeet<\/h3>\n<p><strong>Siirto-organismit:<\/strong> Mustamuurahainen (Lasius niger), Argentiinanmuurahainen (Linepithema humile), Faaraomuurahainen (Monomorium pharaonis), kaikissa kehitysvaiheissa.<\/p>\n<p><strong>K\u00e4ytt\u00f6tapa:<\/strong> Levit\u00e4 tuotetta pisaroina muurahaisten kulkureiteille tai rakoihin ja halkeamiin, tai vaakasuorille imem\u00e4tt\u00f6mille pinnoille pes\u00e4n sis\u00e4\u00e4nk\u00e4yntien kohdalle.<\/p>\n<p><strong>Ruiskun k\u00e4ytt\u00f6ohje:<\/strong> Poista Muurahaisgeeli-sy\u00f6tin korkki k\u00e4rjest\u00e4 ja aseta k\u00e4rki k\u00e4sitelt\u00e4v\u00e4lle pinnalle. Paina m\u00e4nt\u00e4\u00e4 hitaasti ja annostele tuotetta ilmoitetun annostuksen mukaisesti. Sulje ruiskun korkki levityksen j\u00e4lkeen. <\/p>\n<p><strong>K\u00e4ytt\u00f6m\u00e4\u00e4r\u00e4 ja -tiheys:<\/strong> 2 pisaraa 0,05 g (halkaisija 5 mm) jokaista metri\u00e4 tai pes\u00e4n sis\u00e4\u00e4nk\u00e4ynti\u00e4 kohti. Korkeintaan 30 pisaraa 0,05 g per pes\u00e4 (enint\u00e4\u00e4n 1,5 g tuotetta). <\/p>\n<ul>\n<li>Tarkista tuotteen kulutus s\u00e4\u00e4nn\u00f6llisesti ja vaihda se uuteen, kun se on loppunut.<\/li>\n<li>Tuote saavuttaa t\u00e4yden tehonsa kaksi viikkoa levityksen j\u00e4lkeen ja pysyy tehokkaana jopa 3 kuukautta levityksen j\u00e4lkeen.<\/li>\n<li>Levit\u00e4 uudelleen 3 kuukauden v\u00e4lein tai aikaisemmin, jos sy\u00f6tti on muuttunut tai kokonaan kulunut loppuun.<\/li>\n<li>\u00c4l\u00e4 levit\u00e4 tuotetta imeville pinnoille.<\/li>\n<li>Varmista, etteiv\u00e4t sy\u00f6ttipisarat j\u00e4\u00e4 auringonvaloon tai kuumuuteen (esim. l\u00e4mp\u00f6patterin l\u00e4heisyyteen).<\/li>\n<\/ul>\n<p>Lue aina etiketti tai k\u00e4ytt\u00f6ohjeet ennen k\u00e4ytt\u00f6\u00e4 ja noudata kaikkia annettuja ohjeita. <strong>V\u00e4lt\u00e4 tuotteen jatkuvaa k\u00e4ytt\u00f6\u00e4.<\/strong><\/p>\n<p>Ennen k\u00e4sittely\u00e4 poista kaikki muurahaisten ravinnonl\u00e4hteet (j\u00e4tteet, ruoant\u00e4hteet&#8230;) tuholaisten esiintymisalueelta geelin sy\u00f6misen edist\u00e4miseksi.<\/p>\n<p><strong>Myrkkysy\u00f6tin tarkistustiheys:<\/strong> kerran viikossa. Poista j\u00e4ljelle j\u00e4\u00e4nyt myrkkysy\u00f6tti tai myrkkysy\u00f6ttilaatikot k\u00e4ytt\u00f6jakson lopussa h\u00e4vitt\u00e4mist\u00e4 varten. <\/p>\n","protected":false},"excerpt":{"rendered":"<p>Muurahaisgeeli-sy\u00f6tti on k\u00e4ytt\u00f6valmis hy\u00f6nteismyrkkygeeli, joka sis\u00e4lt\u00e4\u00e4 imidaklopridia. Se tuhoaa yleisimm\u00e4t tavalliset muurahaiset (Lasius niger) ja trooppiset muurahaiset (Linepithema humile, Monomorium pharaonis) sek\u00e4 niiden pes\u00e4t.<br \/>\nMuurahaisgeeli-sy\u00f6tti on muurahaisille eritt\u00e4in maistuva sy\u00f6tti, joka sis\u00e4lt\u00e4\u00e4 runsaasti ravitsevia ja sokeripitoisia lis\u00e4aineita. Geelisy\u00f6tin nestem\u00e4inen olomuoto ja energiapitoisuus varmistavat nopean ja runsaan sy\u00f6nnin. Sy\u00f6ty\u00e4\u00e4n sy\u00f6tin muurahaiset palaavat pes\u00e4\u00e4n ja jakavat sit\u00e4 muille siirtokunnassa oleville muurahaisille, mukaan lukien kuningattarelle. Sy\u00f6tin siirtyminen muurahaiselta toiselle aikaansaa dominoefektin, jonka seurauksena koko pes\u00e4 tuhoutuu kahden viikon kuluessa tuotteen levityksest\u00e4.<br \/>\nMuurahaisgeeli-sy\u00f6tti on v\u00e4rit\u00f6n, hajuton, ei tahraa ja mahdollistaa hy\u00f6nteismyrkyn huomaamattoman k\u00e4yt\u00f6n.<\/p>\n","protected":false},"featured_media":50540,"template":"","meta":{"_acf_changed":false,"_seopress_robots_primary_cat":"none","_seopress_titles_title":"","_seopress_titles_desc":"Muurahaisgeeli on k\u00e4ytt\u00f6valmis hy\u00f6nteismyrkky, joka sis\u00e4lt\u00e4\u00e4 imidaklopridia ja tuhoaa yleisimm\u00e4t muurahaiset.","_seopress_robots_index":"","_gspb_post_css":""},"product_brand":[],"product_cat":[2392,2356,2360],"product_tag":[],"class_list":{"0":"post-44467","1":"product","2":"type-product","3":"status-publish","4":"has-post-thumbnail","6":"product_cat-kaikki-luokat","7":"product_cat-puutarhan-ja-kasvien-suojelu","8":"product_cat-kasvintuholaisten-torjunta","10":"first","11":"instock","12":"featured","13":"taxable","14":"shipping-taxable","15":"purchasable","16":"product-type-simple"},"ct_brands":[],"acf":[],"_links":{"self":[{"href":"https:\/\/agrozone.ee\/fi\/wp-json\/wp\/v2\/product\/44467","targetHints":{"allow":["GET"]}}],"collection":[{"href":"https:\/\/agrozone.ee\/fi\/wp-json\/wp\/v2\/product"}],"about":[{"href":"https:\/\/agrozone.ee\/fi\/wp-json\/wp\/v2\/types\/product"}],"wp:featuredmedia":[{"embeddable":true,"href":"https:\/\/agrozone.ee\/fi\/wp-json\/wp\/v2\/media\/50540"}],"wp:attachment":[{"href":"https:\/\/agrozone.ee\/fi\/wp-json\/wp\/v2\/media?parent=44467"}],"wp:term":[{"taxonomy":"product_brand","embeddable":true,"href":"https:\/\/agrozone.ee\/fi\/wp-json\/wp\/v2\/product_brand?post=44467"},{"taxonomy":"product_cat","embeddable":true,"href":"https:\/\/agrozone.ee\/fi\/wp-json\/wp\/v2\/product_cat?post=44467"},{"taxonomy":"product_tag","embeddable":true,"href":"https:\/\/agrozone.ee\/fi\/wp-json\/wp\/v2\/product_tag?post=44467"}],"curies":[{"name":"wp","href":"https:\/\/api.w.org\/{rel}","templated":true}]}}