{"id":44470,"date":"2024-06-09T16:04:09","date_gmt":"2024-06-09T13:04:09","guid":{"rendered":"https:\/\/agrozone.ee\/toode\/hunajakukka-200g\/"},"modified":"2025-05-16T08:10:30","modified_gmt":"2025-05-16T06:10:30","slug":"hunajakukka-200g","status":"publish","type":"product","link":"https:\/\/agrozone.ee\/fi\/tuote\/hunajakukka-200g\/","title":{"rendered":"Hunajakukka"},"content":{"rendered":"<h2><span style=\"font-size: 18px;\"><strong>Hunajakukka &#8211; Monipuolinen apulainen puutarhassasi<\/strong><\/span><\/h2>\n<h3><strong>Rikastuta maaper\u00e4\u00e4si ja auta luontoa kukoistamaan!<\/strong><\/h3>\n<p>Erinomainen v\u00e4liviljelykasvi, koriste- ja hunajakasvi.<\/p>\n<ul>\n<li>Kurkumalla ei ole yhteisi\u00e4 tauteja useimpien yleisten viljelykasvien kanssa, joten se soveltuu hyvin viljelykiertoon.<\/li>\n<li>Satokasvina sit\u00e4 viljell\u00e4\u00e4n parantamaan maaper\u00e4n hedelm\u00e4llisyytt\u00e4, ja se my\u00f6s kilpailee voimakkaasti rikkakasvien kanssa.<\/li>\n<li>Kasvi pystyy tuottamaan fosforia, jota muut kasvit eiv\u00e4t saa k\u00e4ytt\u00f6\u00f6ns\u00e4.<\/li>\n<li>Jos siemenet kylvet\u00e4\u00e4n sen j\u00e4lkeen, kun varhaiset perussadot ovat kypsi\u00e4, ne viel\u00e4 kukkivat. Koristek\u00e4ytt\u00f6\u00f6n siemenet olisi kuitenkin kylvett\u00e4v\u00e4 kev\u00e4\u00e4ll\u00e4. <\/li>\n<li>Kuusenkorennon tuottavuus 150-300 kg\/ha.<\/li>\n<li>Kikhernehunajaa pidet\u00e4\u00e4n hiivahunajan kaltaisena.<\/li>\n<li>Kurkumaa kasvatetaan my\u00f6s koristekasvina.<\/li>\n<\/ul>\n<h3>K\u00e4ytt\u00f6ohjeet<\/h3>\n<p>Kylv\u00f6m\u00e4\u00e4r\u00e4 100-120 g\/100 m2, 150 g\/100 m2, kun kasvusto kasvatetaan viherrytt\u00e4miseksi.<\/p>\n<p>Kylv\u00f6 alkaa huhtikuussa.<\/p>\n<p>Kylv\u00f6syvyys 1-2 cm.<\/p>\n<p>Yksivuotinen.<\/p>\n<p>Kasvaa noin 60 cm korkeaksi.<\/p>\n<div class=\"vc_row wpb_row vc_row-fluid\">\n<div class=\"wpb_column vc_column_container vc_col-sm-12\">\n<div class=\"vc_column-inner\">\n<div class=\"wpb_wrapper\">\n<div class=\"wpb_text_column wpb_content_element\">\n<div class=\"wpb_wrapper\">\n<p><strong>V\u00e4likasvien viljelyll\u00e4 on erilaisia tavoitteita. <\/strong><\/p>\n<ul>\n<li><strong>V\u00e4likasvit parantavat maaper\u00e4n hedelm\u00e4llisyytt\u00e4, v\u00e4hent\u00e4v\u00e4t ravinteiden huuhtoutumista, est\u00e4v\u00e4t rikkaruohojen kasvua, parantavat maaper\u00e4n rakennetta ja v\u00e4hent\u00e4v\u00e4t maaper\u00e4ss\u00e4 levi\u00e4vi\u00e4 tauteja. <\/strong><\/li>\n<li><strong>Viherlannoitteena viljeltyn\u00e4 v\u00e4likasvit lis\u00e4\u00e4v\u00e4t maaper\u00e4\u00e4n ravinteita. <\/strong><\/li>\n<li><strong>Mahdollisuus on my\u00f6s yhdistetty k\u00e4ytt\u00f6 \u2013 kateviljelykasveina kasvatetut kasvit muokataan viherlannoitteeksi maahan. <\/strong><\/li>\n<li><strong>V\u00e4likasvit auttavat yll\u00e4pit\u00e4m\u00e4\u00e4n maaper\u00e4n terveytt\u00e4 ja v\u00e4hent\u00e4m\u00e4\u00e4n tuholaisten levi\u00e4mist\u00e4 ilman kemiallista torjuntaa.<\/strong><\/li>\n<\/ul>\n<\/div>\n<\/div>\n<div class=\"vc_empty_space\"><\/div>\n<\/div>\n<\/div>\n<\/div>\n<\/div>\n<div class=\"vc_row wpb_row vc_row-fluid\">\n<div class=\"wpb_column vc_column_container vc_col-sm-6\">\n<div class=\"vc_column-inner\">\n<div class=\"wpb_wrapper\">\n<div class=\"wpb_text_column wpb_content_element\">\n<div class=\"wpb_wrapper\">\n<div class=\"wpb_text_column wpb_content_element\">\n<div class=\"wpb_wrapper\">\n<h2>Miten viljell\u00e4 v\u00e4likasveja<\/h2>\n<p>Kun p\u00e4\u00e4viljelykasvi \u2013 mansikka, kaali, peruna tai mik\u00e4 tahansa kasvi, jota p\u00e4\u00e4asiassa viljelit \u2013 on tuottanut sadon ja nostettu maasta, kylv\u00e4 v\u00e4likasvi.<\/p>\n<ul>\n<li>Kylv\u00f6n tulee olla tihe\u00e4, jotta muodostuisi suuri biomassa.<\/li>\n<li>Parempa it\u00e4vyyden takaamiseksi kylv\u00f6 voidaan peitt\u00e4\u00e4 katekankaalla.<\/li>\n<li>V\u00e4likasvi j\u00e4tet\u00e4\u00e4n talveksi penkkiin, sit\u00e4 ei tarvitse nostaa pois.<\/li>\n<li>K\u00e4\u00e4nn\u00e4 v\u00e4likasvi maahan ennen seuraavan p\u00e4\u00e4viljelykasvin kylv\u00f6\u00e4 tai peit\u00e4 se kompostilla tai mullalla.<\/li>\n<li>N\u00e4in v\u00e4likasvista muodostuu luonnollinen viherlannoite.<\/li>\n<li>Talvehtiva v\u00e4likasvi kaivetaan maahan, joka alkaisi kasvaa uudelleen kev\u00e4\u00e4ll\u00e4.<\/li>\n<\/ul>\n<\/div>\n<\/div>\n<\/div>\n<\/div>\n<\/div>\n<\/div>\n<\/div>\n<\/div>\n","protected":false},"excerpt":{"rendered":"<p>Erinomainen v\u00e4liviljelykasvi, koriste- ja hunajakasvi. Kurkumalla ei ole yhteisi\u00e4 tauteja useimpien yleisten viljelykasvien kanssa, joten se soveltuu hyvin viljelykiertoon.<\/p>\n<p>Satokasvina sit\u00e4 viljell\u00e4\u00e4n parantamaan maaper\u00e4n hedelm\u00e4llisyytt\u00e4, ja se my\u00f6s kilpailee voimakkaasti rikkakasvien kanssa.<\/p>\n<p>Kasvi pystyy tuottamaan fosforia, jota muut kasvit eiv\u00e4t saa k\u00e4ytt\u00f6\u00f6ns\u00e4.<\/p>\n<p>Jos siemenet kylvet\u00e4\u00e4n sen j\u00e4lkeen, kun varhaiset perussadot ovat kypsi\u00e4, ne viel\u00e4 kukkivat.<\/p>\n<p>Koristetarkoituksiin siemenet olisi kuitenkin kylvett\u00e4v\u00e4 kev\u00e4\u00e4ll\u00e4.<\/p>\n<p>Kuusenkorennon tuottavuus 150-300 kg\/ha.<\/p>\n<p>Kikhernehunajaa pidet\u00e4\u00e4n hiivahunajan kaltaisena.<\/p>\n<p>Kurkumaa kasvatetaan my\u00f6s koristekasvina.<\/p>\n","protected":false},"featured_media":42324,"template":"","meta":{"_acf_changed":false,"_seopress_robots_primary_cat":"none","_seopress_titles_title":"","_seopress_titles_desc":"Hunajakukka - upea koriste- ja mesikasvi. V\u00e4likasvina sit\u00e4 viljell\u00e4\u00e4n maan hedelm\u00e4llisyyden parantamiseksi, ja se kilpailee tehokkaasti rikkaruohojen kanssa. ","_seopress_robots_index":"","_gspb_post_css":""},"product_brand":[],"product_cat":[2444,2392,2423,2399],"product_tag":[],"class_list":{"0":"post-44470","1":"product","2":"type-product","3":"status-publish","4":"has-post-thumbnail","6":"product_cat-hunajakasvit-ja-valiviljelykasvit","7":"product_cat-kaikki-luokat","8":"product_cat-kukkien-siemenet","9":"product_cat-siemenet","11":"first","12":"instock","13":"featured","14":"taxable","15":"shipping-taxable","16":"purchasable","17":"product-type-variable"},"ct_brands":[],"acf":[],"_links":{"self":[{"href":"https:\/\/agrozone.ee\/fi\/wp-json\/wp\/v2\/product\/44470","targetHints":{"allow":["GET"]}}],"collection":[{"href":"https:\/\/agrozone.ee\/fi\/wp-json\/wp\/v2\/product"}],"about":[{"href":"https:\/\/agrozone.ee\/fi\/wp-json\/wp\/v2\/types\/product"}],"wp:featuredmedia":[{"embeddable":true,"href":"https:\/\/agrozone.ee\/fi\/wp-json\/wp\/v2\/media\/42324"}],"wp:attachment":[{"href":"https:\/\/agrozone.ee\/fi\/wp-json\/wp\/v2\/media?parent=44470"}],"wp:term":[{"taxonomy":"product_brand","embeddable":true,"href":"https:\/\/agrozone.ee\/fi\/wp-json\/wp\/v2\/product_brand?post=44470"},{"taxonomy":"product_cat","embeddable":true,"href":"https:\/\/agrozone.ee\/fi\/wp-json\/wp\/v2\/product_cat?post=44470"},{"taxonomy":"product_tag","embeddable":true,"href":"https:\/\/agrozone.ee\/fi\/wp-json\/wp\/v2\/product_tag?post=44470"}],"curies":[{"name":"wp","href":"https:\/\/api.w.org\/{rel}","templated":true}]}}