{"id":44858,"date":"2025-02-11T08:40:19","date_gmt":"2025-02-11T06:40:19","guid":{"rendered":"https:\/\/agrozone.ee\/toode\/kosteudenkestava-teippi-48-mm-50-m-sininen\/"},"modified":"2025-10-24T08:02:15","modified_gmt":"2025-10-24T06:02:15","slug":"kosteudenkestava-teippi-48-mm-50-m-sininen","status":"publish","type":"product","link":"https:\/\/agrozone.ee\/fi\/tuote\/kosteudenkestava-teippi-48-mm-50-m-sininen\/","title":{"rendered":"Kosteudenkest\u00e4v\u00e4 teippi 48 mm\/50 m sininen"},"content":{"rendered":"<ul>\n<li>Vahvistettu <span class=\"mark6y9u2owoj\" data-markjs=\"true\" data-ogac=\"\" data-ogab=\"\" data-ogsc=\"\" data-ogsb=\"\">vedenpit\u00e4v\u00e4<\/span> <span class=\"markp8sbkvqv4\" data-markjs=\"true\" data-ogac=\"\" data-ogab=\"\" data-ogsc=\"\" data-ogsb=\"\">teippi<\/span> on valmistettu erikoismateriaaleista, joiden ansiosta sit\u00e4 voidaan k\u00e4ytt\u00e4\u00e4 putkien vuotojen est\u00e4miseen ja erilaisten raskaita kuormia kantavien rakenteiden liitt\u00e4miseen.<\/li>\n<li>Vahvistetun nauhan pohjana olevan polyeteenin ansiosta sen vedenl\u00e4p\u00e4isevyys on minimaalinen.<\/li>\n<li>Sit\u00e4 voidaan k\u00e4ytt\u00e4\u00e4 putkien ja paneelien saumojen ja liitosten tiivist\u00e4miseen.<\/li>\n<li>Vahvistettuja <span class=\"markp8sbkvqv4\" data-markjs=\"true\" data-ogac=\"\" data-ogab=\"\" data-ogsc=\"\" data-ogsb=\"\">teippej\u00e4<\/span>k\u00e4ytet\u00e4\u00e4n my\u00f6s erilaisten kosteudelle ja h\u00f6yrylle altistuvien pakkausten tiivist\u00e4miseen.<\/li>\n<li>Vahvistetuilla nauhoilla on korkea vetolujuus ja eritt\u00e4in alhainen venym\u00e4.<\/li>\n<li>Vahvistettu <span class=\"markp8sbkvqv4\" data-markjs=\"true\" data-ogac=\"\" data-ogab=\"\" data-ogsc=\"\" data-ogsb=\"\">teippi<\/span> kest\u00e4\u00e4 helposti sek\u00e4 korkeita ett\u00e4 matalia l\u00e4mp\u00f6tiloja, sill\u00e4 on suurempi lujuus, ja sit\u00e4 k\u00e4ytet\u00e4\u00e4n erilaisille pinnoille ja materiaaleille.<\/li>\n<li>Samalla <span class=\"markp8sbkvqv4\" data-markjs=\"true\" data-ogac=\"\" data-ogab=\"\" data-ogsc=\"\" data-ogsb=\"\">teippi<\/span> kest\u00e4\u00e4 repimist\u00e4 ja venymist\u00e4, mutta se voidaan repi\u00e4 irti k\u00e4sin.<\/li>\n<\/ul>\n","protected":false},"excerpt":{"rendered":"<p>Vahvistettu vedenpit\u00e4v\u00e4 teippi on valmistettu erikoismateriaaleista, joiden ansiosta sit\u00e4 voidaan k\u00e4ytt\u00e4\u00e4 putkien vuotojen est\u00e4miseen ja erilaisten raskaita kuormia kantavien rakenteiden liitt\u00e4miseen. Vahvistetun nauhan pohjana olevan polyeteenin ansiosta sen vedenl\u00e4p\u00e4isevyys on minimaalinen. Sit\u00e4 voidaan k\u00e4ytt\u00e4\u00e4 putkien ja paneelien saumojen ja liitosten tiivist\u00e4miseen. Vahvistettuja teippej\u00e4k\u00e4ytet\u00e4\u00e4n my\u00f6s erilaisten kosteudelle ja h\u00f6yrylle altistuvien pakkausten tiivist\u00e4miseen. Vahvistetuilla nauhoilla on korkea [&hellip;]<\/p>\n","protected":false},"featured_media":44452,"template":"","meta":{"_acf_changed":false,"_seopress_robots_primary_cat":"none","_seopress_titles_title":"","_seopress_titles_desc":"","_seopress_robots_index":"","_gspb_post_css":""},"product_brand":[],"product_cat":[2392,2368,2363,2378],"product_tag":[],"class_list":{"0":"post-44858","1":"product","2":"type-product","3":"status-publish","4":"has-post-thumbnail","6":"product_cat-kaikki-luokat","7":"product_cat-kasvihuoneet-lisavarusteet","8":"product_cat-puutarhatarvikkeet","9":"product_cat-verkkopussi","11":"first","12":"instock","13":"taxable","14":"shipping-taxable","15":"purchasable","16":"product-type-simple"},"ct_brands":[],"acf":[],"_links":{"self":[{"href":"https:\/\/agrozone.ee\/fi\/wp-json\/wp\/v2\/product\/44858","targetHints":{"allow":["GET"]}}],"collection":[{"href":"https:\/\/agrozone.ee\/fi\/wp-json\/wp\/v2\/product"}],"about":[{"href":"https:\/\/agrozone.ee\/fi\/wp-json\/wp\/v2\/types\/product"}],"wp:featuredmedia":[{"embeddable":true,"href":"https:\/\/agrozone.ee\/fi\/wp-json\/wp\/v2\/media\/44452"}],"wp:attachment":[{"href":"https:\/\/agrozone.ee\/fi\/wp-json\/wp\/v2\/media?parent=44858"}],"wp:term":[{"taxonomy":"product_brand","embeddable":true,"href":"https:\/\/agrozone.ee\/fi\/wp-json\/wp\/v2\/product_brand?post=44858"},{"taxonomy":"product_cat","embeddable":true,"href":"https:\/\/agrozone.ee\/fi\/wp-json\/wp\/v2\/product_cat?post=44858"},{"taxonomy":"product_tag","embeddable":true,"href":"https:\/\/agrozone.ee\/fi\/wp-json\/wp\/v2\/product_tag?post=44858"}],"curies":[{"name":"wp","href":"https:\/\/api.w.org\/{rel}","templated":true}]}}