{"id":4506,"date":"2024-06-09T16:02:59","date_gmt":"2024-06-09T13:02:59","guid":{"rendered":"https:\/\/agrozone.ee\/?post_type=product&#038;p=4506"},"modified":"2025-08-05T11:15:10","modified_gmt":"2025-08-05T09:15:10","slug":"taimetugi-06m","status":"publish","type":"product","link":"https:\/\/agrozone.ee\/fi\/tuote\/taimetugi-06m\/","title":{"rendered":"Taimetugi 0,6m"},"content":{"rendered":"<p>Metallist plastikkattega taimetugi taimede toestamiseks.<\/p>\n<p>&nbsp;<\/p>\n<h3>Kasutusjuhend<\/h3>\n<p>60 cm, l\u00e4bim\u00f5\u00f5t 8 mm.<\/p>\n","protected":false},"excerpt":{"rendered":"<p>Metallist plastikkattega taimetugi taimede toestamiseks.<\/p>\n","protected":false},"featured_media":4564,"template":"","meta":{"_acf_changed":false,"_seopress_robots_primary_cat":"","_seopress_titles_title":"","_seopress_titles_desc":"","_seopress_robots_index":"","_gspb_post_css":""},"product_brand":[],"product_cat":[149,15,150],"product_tag":[],"class_list":{"0":"post-4506","1":"product","2":"type-product","3":"status-publish","4":"has-post-thumbnail","6":"product_cat-aiatarvikud","7":"product_cat-koik-kategooriad","8":"product_cat-taimetoed","10":"first","11":"instock","12":"taxable","13":"shipping-taxable","14":"purchasable","15":"product-type-simple"},"ct_brands":[],"acf":[],"_links":{"self":[{"href":"https:\/\/agrozone.ee\/fi\/wp-json\/wp\/v2\/product\/4506","targetHints":{"allow":["GET"]}}],"collection":[{"href":"https:\/\/agrozone.ee\/fi\/wp-json\/wp\/v2\/product"}],"about":[{"href":"https:\/\/agrozone.ee\/fi\/wp-json\/wp\/v2\/types\/product"}],"wp:featuredmedia":[{"embeddable":true,"href":"https:\/\/agrozone.ee\/fi\/wp-json\/wp\/v2\/media\/4564"}],"wp:attachment":[{"href":"https:\/\/agrozone.ee\/fi\/wp-json\/wp\/v2\/media?parent=4506"}],"wp:term":[{"taxonomy":"product_brand","embeddable":true,"href":"https:\/\/agrozone.ee\/fi\/wp-json\/wp\/v2\/product_brand?post=4506"},{"taxonomy":"product_cat","embeddable":true,"href":"https:\/\/agrozone.ee\/fi\/wp-json\/wp\/v2\/product_cat?post=4506"},{"taxonomy":"product_tag","embeddable":true,"href":"https:\/\/agrozone.ee\/fi\/wp-json\/wp\/v2\/product_tag?post=4506"}],"curies":[{"name":"wp","href":"https:\/\/api.w.org\/{rel}","templated":true}]}}