{"id":4508,"date":"2024-06-09T16:02:59","date_gmt":"2024-06-09T13:02:59","guid":{"rendered":"https:\/\/agrozone.ee\/?post_type=product&#038;p=4508"},"modified":"2026-01-16T12:23:50","modified_gmt":"2026-01-16T10:23:50","slug":"taimetugi-12m","status":"publish","type":"product","link":"https:\/\/agrozone.ee\/fi\/tuote\/taimetugi-12m\/","title":{"rendered":"Taimetugi 1,2m"},"content":{"rendered":"<p>Metallist plastikkattega taimetugi taimede toestamiseks.<\/p>\n<p>&nbsp;<\/p>\n<h3>Kasutusjuhend<\/h3>\n<p>120 cm, l\u00e4bim\u00f5\u00f5t 11 mm.<\/p>\n","protected":false},"excerpt":{"rendered":"<p>Metallist plastikkattega taimetugi taimede toestamiseks.<\/p>\n","protected":false},"featured_media":4566,"template":"","meta":{"_acf_changed":false,"_seopress_robots_primary_cat":"none","_seopress_titles_title":"","_seopress_titles_desc":"","_seopress_robots_index":"","_gspb_post_css":""},"product_brand":[],"product_cat":[149,15,150],"product_tag":[],"class_list":{"0":"post-4508","1":"product","2":"type-product","3":"status-publish","4":"has-post-thumbnail","6":"product_cat-aiatarvikud","7":"product_cat-koik-kategooriad","8":"product_cat-taimetoed","9":"product_shipping_class-ei-mahu-automaati","11":"first","12":"instock","13":"taxable","14":"shipping-taxable","15":"purchasable","16":"product-type-simple"},"ct_brands":[],"acf":[],"_links":{"self":[{"href":"https:\/\/agrozone.ee\/fi\/wp-json\/wp\/v2\/product\/4508","targetHints":{"allow":["GET"]}}],"collection":[{"href":"https:\/\/agrozone.ee\/fi\/wp-json\/wp\/v2\/product"}],"about":[{"href":"https:\/\/agrozone.ee\/fi\/wp-json\/wp\/v2\/types\/product"}],"wp:featuredmedia":[{"embeddable":true,"href":"https:\/\/agrozone.ee\/fi\/wp-json\/wp\/v2\/media\/4566"}],"wp:attachment":[{"href":"https:\/\/agrozone.ee\/fi\/wp-json\/wp\/v2\/media?parent=4508"}],"wp:term":[{"taxonomy":"product_brand","embeddable":true,"href":"https:\/\/agrozone.ee\/fi\/wp-json\/wp\/v2\/product_brand?post=4508"},{"taxonomy":"product_cat","embeddable":true,"href":"https:\/\/agrozone.ee\/fi\/wp-json\/wp\/v2\/product_cat?post=4508"},{"taxonomy":"product_tag","embeddable":true,"href":"https:\/\/agrozone.ee\/fi\/wp-json\/wp\/v2\/product_tag?post=4508"}],"curies":[{"name":"wp","href":"https:\/\/api.w.org\/{rel}","templated":true}]}}