{"id":4533,"date":"2024-06-09T16:03:22","date_gmt":"2024-06-09T13:03:22","guid":{"rendered":"https:\/\/agrozone.ee\/?post_type=product&#038;p=4533"},"modified":"2026-01-16T12:21:57","modified_gmt":"2026-01-16T10:21:57","slug":"perliit-100l","status":"publish","type":"product","link":"https:\/\/agrozone.ee\/fi\/tuote\/perliit-100l\/","title":{"rendered":"Perliit 100l"},"content":{"rendered":"<p>Suurteks projektideks vali 100-liitrine agroperliit.<\/p>\n<p>See on asendamatu komponent oma substraadisegude valmistamisel v\u00f5i peenarde ettevalmistamisel.<\/p>\n<p>Vaatamata suurele mahule on kott \u00fcllatavalt kerge, muutes selle k\u00e4sitsemise lihtsaks ka suuremates aedades.<\/p>\n<p>Tagab p\u00fcsivalt koheva ja viljaka pinnase aastateks.<\/p>\n<ul>\n<li>pH: 6,5-7,5<\/li>\n<li>EC: &lt; 0,1<\/li>\n<li>Pooride maht: \u00b196%<\/li>\n<li>Puistetihedus: 70-110 kg\/m\u00b3<\/li>\n<li>Fraktsioon 3: 0-6,5 mm<\/li>\n<\/ul>\n<h4>Kasutusjuhend<\/h4>\n<ul>\n<li>Soovitav segada taimede kasvumullaga vahekorras 1:4.<\/li>\n<\/ul>\n<p data-path-to-node=\"23\"><b data-path-to-node=\"23\" data-index-in-node=\"100\">Kumb valida: Perliit v\u00f5i Vermikuliit?<\/b><\/p>\n<ul data-path-to-node=\"24\">\n<li>\n<p data-path-to-node=\"24,0,0\"><b data-path-to-node=\"24,0,0\" data-index-in-node=\"0\">Perliit:<\/b> vali, kui vajad rohkem \u00f5hku ja kiiret drenaa\u017ei (nt kaktused).<\/p>\n<\/li>\n<li>\n<p data-path-to-node=\"24,1,0\"><b data-path-to-node=\"24,1,0\" data-index-in-node=\"0\">Vermikuliit:<\/b> vali, kui vajad rohkem niiskust ja toitainete p\u00fcsivust (nt k\u00fclvid ja troopilised taimed).<\/p>\n<\/li>\n<\/ul>\n","protected":false},"excerpt":{"rendered":"<ul>\n<li>Perliit on vulkaaniline kivim, mis sobib k\u00fclvimulla koostisesse, seemnek\u00fclvide katmiseks, pistikute juurdumiseks, samuti k\u00f6\u00f6giviljade ja lillesibulate talviseks s\u00e4ilitamiseks ning lillepottidesse drenaa\u017eiks.<\/li>\n<li>Veemahutavus 97,1%.<\/li>\n<li>Parandab kasvusubstraadi struktuuri ja suurendab veemahutavust.<\/li>\n<li>Luues mullas hea niiskus\u2013 ja \u00f5hure\u017eiimi, v\u00e4hendab see nii ala- kui \u00fclekastmisest tingitud ohte.<\/li>\n<li>Lillepottides mulla perliidiga kattes, on v\u00f5imalik kompenseerida talvist valguse v\u00e4hesust, kuna valgus peegeldub tagasi lumivalgelt perliidilt ja v\u00f5imendab selle tegelikku tugevust.<\/li>\n<li>Sobib kasutamiseks ka mahekasvatuses.<\/li>\n<\/ul>\n","protected":false},"featured_media":4575,"template":"","meta":{"_acf_changed":false,"_seopress_robots_primary_cat":"none","_seopress_titles_title":"Perliit 100L (Agroperliit) \u2013 Parim hind ja kvaliteet | Agrozone","_seopress_titles_desc":"Vajad suuremat kogust? Perliit 100L on soodsaim valik kasvuhoonesse ja suurteks istutust\u00f6\u00f6deks. Kerge transportida, efektiivne kasutada. Telli kohe!","_seopress_robots_index":"","_gspb_post_css":""},"product_brand":[],"product_cat":[149,15,166],"product_tag":[],"class_list":{"0":"post-4533","1":"product","2":"type-product","3":"status-publish","4":"has-post-thumbnail","6":"product_cat-aiatarvikud","7":"product_cat-koik-kategooriad","8":"product_cat-mullaparandajad","9":"product_shipping_class-ei-mahu-automaati","11":"first","12":"instock","13":"taxable","14":"shipping-taxable","15":"purchasable","16":"product-type-simple"},"ct_brands":[],"acf":[],"_links":{"self":[{"href":"https:\/\/agrozone.ee\/fi\/wp-json\/wp\/v2\/product\/4533","targetHints":{"allow":["GET"]}}],"collection":[{"href":"https:\/\/agrozone.ee\/fi\/wp-json\/wp\/v2\/product"}],"about":[{"href":"https:\/\/agrozone.ee\/fi\/wp-json\/wp\/v2\/types\/product"}],"wp:featuredmedia":[{"embeddable":true,"href":"https:\/\/agrozone.ee\/fi\/wp-json\/wp\/v2\/media\/4575"}],"wp:attachment":[{"href":"https:\/\/agrozone.ee\/fi\/wp-json\/wp\/v2\/media?parent=4533"}],"wp:term":[{"taxonomy":"product_brand","embeddable":true,"href":"https:\/\/agrozone.ee\/fi\/wp-json\/wp\/v2\/product_brand?post=4533"},{"taxonomy":"product_cat","embeddable":true,"href":"https:\/\/agrozone.ee\/fi\/wp-json\/wp\/v2\/product_cat?post=4533"},{"taxonomy":"product_tag","embeddable":true,"href":"https:\/\/agrozone.ee\/fi\/wp-json\/wp\/v2\/product_tag?post=4533"}],"curies":[{"name":"wp","href":"https:\/\/api.w.org\/{rel}","templated":true}]}}