{"id":4539,"date":"2024-06-09T16:03:23","date_gmt":"2024-06-09T13:03:23","guid":{"rendered":"https:\/\/agrozone.ee\/?post_type=product&#038;p=4539"},"modified":"2025-10-24T10:13:53","modified_gmt":"2025-10-24T08:13:53","slug":"kasiprits-500ml","status":"publish","type":"product","link":"https:\/\/agrozone.ee\/fi\/tuote\/kasiprits-500ml\/","title":{"rendered":"K\u00e4siprits v\u00e4rviline 450 ml"},"content":{"rendered":"<p data-sourcepos=\"3:1-3:30\"><strong>K\u00e4siprits v\u00e4rviline 450 ml<\/strong><\/p>\n<p data-sourcepos=\"5:1-5:38\">See v\u00e4rviline k\u00e4siprits on ideaalne abimees nii kodu kui ka aia eest hoolitsemisel.<\/p>\n<p data-sourcepos=\"5:1-5:38\">Selle 450 ml mahutavus v\u00f5imaldab pihustada suuremat ala ilma pideva t\u00e4itmise vajaduseta. Ergonoomiline disain tagab mugava kasutamise.<\/p>\n<p data-sourcepos=\"7:1-7:11\">Kasuta seda k\u00e4sipritsi taimede kastmiseks, v\u00e4etiste ja putukat\u00f5rjevahendite pihustamiseks, akende pesemiseks v\u00f5i isegi juuste niisutamiseks kuumal suvep\u00e4eval. Kvaliteetsed materjalid tagavad pika kasutusea ning erksad v\u00e4rvid toovad r\u00f5\u00f5mu Sinu igap\u00e4evategevustesse.<\/p>\n","protected":false},"excerpt":{"rendered":"<p>V\u00e4rviline ja mugav k\u00e4siprits 450 ml mahutavusega. Ideaalne taimede kastmiseks, aia- ja majapidamist\u00f6\u00f6deks.<\/p>\n","protected":false},"featured_media":36438,"template":"","meta":{"_acf_changed":false,"_seopress_robots_primary_cat":"none","_seopress_titles_title":"","_seopress_titles_desc":"","_seopress_robots_index":"","_gspb_post_css":""},"product_brand":[],"product_cat":[149,15,162],"product_tag":[],"class_list":{"0":"post-4539","1":"product","2":"type-product","3":"status-publish","4":"has-post-thumbnail","6":"product_cat-aiatarvikud","7":"product_cat-koik-kategooriad","8":"product_cat-pritsid","10":"first","11":"instock","12":"taxable","13":"shipping-taxable","14":"purchasable","15":"product-type-simple"},"ct_brands":[],"acf":[],"_links":{"self":[{"href":"https:\/\/agrozone.ee\/fi\/wp-json\/wp\/v2\/product\/4539","targetHints":{"allow":["GET"]}}],"collection":[{"href":"https:\/\/agrozone.ee\/fi\/wp-json\/wp\/v2\/product"}],"about":[{"href":"https:\/\/agrozone.ee\/fi\/wp-json\/wp\/v2\/types\/product"}],"wp:featuredmedia":[{"embeddable":true,"href":"https:\/\/agrozone.ee\/fi\/wp-json\/wp\/v2\/media\/36438"}],"wp:attachment":[{"href":"https:\/\/agrozone.ee\/fi\/wp-json\/wp\/v2\/media?parent=4539"}],"wp:term":[{"taxonomy":"product_brand","embeddable":true,"href":"https:\/\/agrozone.ee\/fi\/wp-json\/wp\/v2\/product_brand?post=4539"},{"taxonomy":"product_cat","embeddable":true,"href":"https:\/\/agrozone.ee\/fi\/wp-json\/wp\/v2\/product_cat?post=4539"},{"taxonomy":"product_tag","embeddable":true,"href":"https:\/\/agrozone.ee\/fi\/wp-json\/wp\/v2\/product_tag?post=4539"}],"curies":[{"name":"wp","href":"https:\/\/api.w.org\/{rel}","templated":true}]}}