{"id":4552,"date":"2024-06-09T16:03:45","date_gmt":"2024-06-09T13:03:45","guid":{"rendered":"https:\/\/agrozone.ee\/?post_type=product&#038;p=4552"},"modified":"2025-07-30T15:08:17","modified_gmt":"2025-07-30T13:08:17","slug":"aiaprits-ghibli-1l","status":"publish","type":"product","link":"https:\/\/agrozone.ee\/fi\/tuote\/aiaprits-ghibli-1l\/","title":{"rendered":"Aiaprits Ghibli 1l"},"content":{"rendered":"<p>Mugav k\u00e4siprits Ghibli sobib aias taimede hooldamiseks. 1 l mahuti on valmistatud taaskasutatavast plastikust pol\u00fcet\u00fcleenist. On olemas otsik, mida saab reguleerida pihustist vooluni. Pumba hoob on ergonoomiline ja kergesti haaratav.<\/p>\n<p>&nbsp;<\/p>\n<h3>Kasutusjuhend<\/h3>\n<p>K\u00e4sipritsi otsik on v\u00f5imalik reguleerida sirgeks joaks v\u00f5i uduvihmaks. Segukastis punane ja valge pritsipaak.<\/p>\n","protected":false},"excerpt":{"rendered":"<p>Mugav k\u00e4siprits Ghibli sobib aias taimede hooldamiseks. 1 l mahuti on valmistatud taaskasutatavast plastikust pol\u00fcet\u00fcleenist. On olemas otsik, mida saab reguleerida pihustist vooluni. Pumba hoob on ergonoomiline ja kergesti haaratav.<\/p>\n","protected":false},"featured_media":4594,"template":"","meta":{"_acf_changed":false,"_seopress_robots_primary_cat":"none","_seopress_titles_title":"","_seopress_titles_desc":"","_seopress_robots_index":"","_gspb_post_css":""},"product_brand":[],"product_cat":[149,15,162],"product_tag":[],"class_list":{"0":"post-4552","1":"product","2":"type-product","3":"status-publish","4":"has-post-thumbnail","6":"product_cat-aiatarvikud","7":"product_cat-koik-kategooriad","8":"product_cat-pritsid","10":"first","11":"instock","12":"taxable","13":"shipping-taxable","14":"purchasable","15":"product-type-simple"},"ct_brands":[],"acf":[],"_links":{"self":[{"href":"https:\/\/agrozone.ee\/fi\/wp-json\/wp\/v2\/product\/4552","targetHints":{"allow":["GET"]}}],"collection":[{"href":"https:\/\/agrozone.ee\/fi\/wp-json\/wp\/v2\/product"}],"about":[{"href":"https:\/\/agrozone.ee\/fi\/wp-json\/wp\/v2\/types\/product"}],"wp:featuredmedia":[{"embeddable":true,"href":"https:\/\/agrozone.ee\/fi\/wp-json\/wp\/v2\/media\/4594"}],"wp:attachment":[{"href":"https:\/\/agrozone.ee\/fi\/wp-json\/wp\/v2\/media?parent=4552"}],"wp:term":[{"taxonomy":"product_brand","embeddable":true,"href":"https:\/\/agrozone.ee\/fi\/wp-json\/wp\/v2\/product_brand?post=4552"},{"taxonomy":"product_cat","embeddable":true,"href":"https:\/\/agrozone.ee\/fi\/wp-json\/wp\/v2\/product_cat?post=4552"},{"taxonomy":"product_tag","embeddable":true,"href":"https:\/\/agrozone.ee\/fi\/wp-json\/wp\/v2\/product_tag?post=4552"}],"curies":[{"name":"wp","href":"https:\/\/api.w.org\/{rel}","templated":true}]}}