{"id":4554,"date":"2024-06-09T16:03:45","date_gmt":"2024-06-09T13:03:45","guid":{"rendered":"https:\/\/agrozone.ee\/?post_type=product&#038;p=4554"},"modified":"2025-07-30T15:06:48","modified_gmt":"2025-07-30T13:06:48","slug":"surveprits-eros-viton-2l","status":"publish","type":"product","link":"https:\/\/agrozone.ee\/fi\/tuote\/surveprits-eros-viton-2l\/","title":{"rendered":"Surveprits Eros Viton 2l"},"content":{"rendered":"<p>Manuaalne surveprits Eros Viton on tugevdatud 2 liitrise vedelikupaagiga ning sobib kemikaalidele.<\/p>\n<p>&nbsp;<\/p>\n<h3>Kasutusjuhend<\/h3>\n<p>Manuaalne surveprits Eros Viton r\u00f5hk keskmisena 2 bar. Survepritsi otsik on v\u00f5imalik reguleerida sirgeks joaks v\u00f5i uduvihmaks. Maksimaalne v\u00e4ljalase sirge joa korral 0,4 l\/min ja uduvihma korral 1,1 l\/min.<\/p>\n","protected":false},"excerpt":{"rendered":"<p>Manuaalne surveprits Eros Viton on tugevdatud 2 liitrise vedelikupaagiga ning sobib kemikaalidele.<\/p>\n","protected":false},"featured_media":4596,"template":"","meta":{"_acf_changed":false,"_seopress_robots_primary_cat":"none","_seopress_titles_title":"","_seopress_titles_desc":"","_seopress_robots_index":"","_gspb_post_css":""},"product_brand":[],"product_cat":[149,15,162],"product_tag":[],"class_list":{"0":"post-4554","1":"product","2":"type-product","3":"status-publish","4":"has-post-thumbnail","6":"product_cat-aiatarvikud","7":"product_cat-koik-kategooriad","8":"product_cat-pritsid","10":"first","11":"instock","12":"sale","13":"taxable","14":"shipping-taxable","15":"purchasable","16":"product-type-simple"},"ct_brands":[],"acf":[],"_links":{"self":[{"href":"https:\/\/agrozone.ee\/fi\/wp-json\/wp\/v2\/product\/4554","targetHints":{"allow":["GET"]}}],"collection":[{"href":"https:\/\/agrozone.ee\/fi\/wp-json\/wp\/v2\/product"}],"about":[{"href":"https:\/\/agrozone.ee\/fi\/wp-json\/wp\/v2\/types\/product"}],"wp:featuredmedia":[{"embeddable":true,"href":"https:\/\/agrozone.ee\/fi\/wp-json\/wp\/v2\/media\/4596"}],"wp:attachment":[{"href":"https:\/\/agrozone.ee\/fi\/wp-json\/wp\/v2\/media?parent=4554"}],"wp:term":[{"taxonomy":"product_brand","embeddable":true,"href":"https:\/\/agrozone.ee\/fi\/wp-json\/wp\/v2\/product_brand?post=4554"},{"taxonomy":"product_cat","embeddable":true,"href":"https:\/\/agrozone.ee\/fi\/wp-json\/wp\/v2\/product_cat?post=4554"},{"taxonomy":"product_tag","embeddable":true,"href":"https:\/\/agrozone.ee\/fi\/wp-json\/wp\/v2\/product_tag?post=4554"}],"curies":[{"name":"wp","href":"https:\/\/api.w.org\/{rel}","templated":true}]}}