{"id":4557,"date":"2024-06-09T16:03:45","date_gmt":"2024-06-09T13:03:45","guid":{"rendered":"https:\/\/agrozone.ee\/?post_type=product&#038;p=4557"},"modified":"2025-12-01T12:33:18","modified_gmt":"2025-12-01T10:33:18","slug":"hernes-utrillo","status":"publish","type":"product","link":"https:\/\/agrozone.ee\/fi\/tuote\/hernes-utrillo\/","title":{"rendered":"Hernes Utrillo"},"content":{"rendered":"<p><strong>Hernes Utrillo<\/strong><\/p>\n<ul>\n<li>Hernes Utrillo on hea maitsega hiline hernesort nii v\u00e4rskelt tarbimiseks kui toitude valmistamiseks.<\/li>\n<li>K\u00f5rgus 75 cm.<\/li>\n<li>Saagikas ja suurekaunaline.<\/li>\n<\/ul>\n<h3>Kasutusjuhend<\/h3>\n<p>&nbsp;<\/p>\n<p><strong>K\u00dcLVIAEG.<\/strong><\/p>\n<ul>\n<li>K\u00fclvatakse aprillis-juunis 3 cm s\u00fcgavusele, kui mulla temperatuur on v\u00e4hemalt 10\u00b0C.<\/li>\n<\/ul>\n<p><strong>Istutusskeem.<\/strong><\/p>\n<ul>\n<li>Taimevahe reas 6 cm, reavahe 40-50 cm.<\/li>\n<\/ul>\n<p><strong>KASVUAEG. <\/strong><\/p>\n<p>Kasvuperiood u 70-75 p\u00e4eva.<\/p>\n","protected":false},"excerpt":{"rendered":"<ul>\n<li>Hernes Utrillo on hea maitsega hiline hernesort nii v\u00e4rskelt tarbimiseks kui toitude valmistamiseks.<\/li>\n<li>K\u00f5rgus 75 cm.<\/li>\n<li>Saagikas ja suurekaunaline.<\/li>\n<\/ul>\n","protected":false},"featured_media":42479,"template":"","meta":{"_acf_changed":false,"_seopress_robots_primary_cat":"none","_seopress_titles_title":"","_seopress_titles_desc":"Hernes Utrillo on hea maitsega hiline hernesort nii v\u00e4rskelt tarbimiseks kui toitude valmistamiseks. K\u00f5rgus 75 cm. Saagikas ja suurekaunaline.","_seopress_robots_index":"","_gspb_post_css":""},"product_brand":[2906],"product_cat":[332,15,88,2995,87],"product_tag":[],"class_list":{"0":"post-4557","1":"product","2":"type-product","3":"status-publish","4":"has-post-thumbnail","6":"product_brand-baltic-agro","7":"product_cat-hernes","8":"product_cat-koik-kategooriad","9":"product_cat-koogiviljaseemned","10":"product_cat-mikrovorsed-idandamiseks","11":"product_cat-seemned","13":"first","14":"instock","15":"taxable","16":"shipping-taxable","17":"purchasable","18":"product-type-simple"},"ct_brands":[{"id":2906,"name":"Baltic Agro","slug":"baltic-agro"}],"acf":[],"_links":{"self":[{"href":"https:\/\/agrozone.ee\/fi\/wp-json\/wp\/v2\/product\/4557","targetHints":{"allow":["GET"]}}],"collection":[{"href":"https:\/\/agrozone.ee\/fi\/wp-json\/wp\/v2\/product"}],"about":[{"href":"https:\/\/agrozone.ee\/fi\/wp-json\/wp\/v2\/types\/product"}],"wp:featuredmedia":[{"embeddable":true,"href":"https:\/\/agrozone.ee\/fi\/wp-json\/wp\/v2\/media\/42479"}],"wp:attachment":[{"href":"https:\/\/agrozone.ee\/fi\/wp-json\/wp\/v2\/media?parent=4557"}],"wp:term":[{"taxonomy":"product_brand","embeddable":true,"href":"https:\/\/agrozone.ee\/fi\/wp-json\/wp\/v2\/product_brand?post=4557"},{"taxonomy":"product_cat","embeddable":true,"href":"https:\/\/agrozone.ee\/fi\/wp-json\/wp\/v2\/product_cat?post=4557"},{"taxonomy":"product_tag","embeddable":true,"href":"https:\/\/agrozone.ee\/fi\/wp-json\/wp\/v2\/product_tag?post=4557"}],"curies":[{"name":"wp","href":"https:\/\/api.w.org\/{rel}","templated":true}]}}