{"id":4558,"date":"2024-06-09T16:03:45","date_gmt":"2024-06-09T13:03:45","guid":{"rendered":"https:\/\/agrozone.ee\/?post_type=product&#038;p=4558"},"modified":"2025-09-22T12:53:58","modified_gmt":"2025-09-22T10:53:58","slug":"polduba-helbi","status":"publish","type":"product","link":"https:\/\/agrozone.ee\/fi\/tuote\/polduba-helbi\/","title":{"rendered":"P\u00f5lduba Helbi"},"content":{"rendered":"<p><strong>P\u00f5lduba Helbi<\/strong><\/p>\n<ul>\n<li>V\u00e4ga hea maitsega keskvarajane proteiinirikas p\u00f5lduba.<\/li>\n<li>Sobib h\u00e4sti toitude (sh soolaoa) valmistamiseks.<\/li>\n<li>Suured kaunad ja seemned.<\/li>\n<li>Kaunas 4-6 tera.<\/li>\n<li>Tugevad p\u00fcstised keskmise pikkusega varred.<\/li>\n<li>Oad on lihakad, pehmed ja mahlakad, k\u00f5rge valgu- ja suhkrusisaldusega.<\/li>\n<\/ul>\n<h3>Kasutusjuhend<\/h3>\n<p>&nbsp;<\/p>\n<ul>\n<li>Kasutatakse koduses toiduvalmistamises, konserveerimisel ja k\u00fclmutamisel.<\/li>\n<li>Et saak kestaks kaua, k\u00fclvatakse mitu korda.<\/li>\n<li>K\u00fclvamine avamaale toimub aprilli l\u00f5pust kuni mai alguseni, 5 cm s\u00fcgavusele.<\/li>\n<li>Taimede vaheline kaugus: 15-20 cm.<\/li>\n<li>Ridade vahekaugus: 40-60 cm.<\/li>\n<\/ul>\n","protected":false},"excerpt":{"rendered":"<ul>\n<li>V\u00e4ga hea maitsega keskvarajane proteiinirikas p\u00f5lduba.<\/li>\n<li>Sobib h\u00e4sti toitude (sh soolaoa) valmistamiseks.<\/li>\n<li>Suured kaunad ja seemned.<\/li>\n<li>Kaunas 4-6 tera.<\/li>\n<li>Tugevad p\u00fcstised keskmise pikkusega varred.<\/li>\n<li>Kasutatakse koduses toiduvalmistamises, konserveerimisel ja k\u00fclmutamisel.<\/li>\n<\/ul>\n","protected":false},"featured_media":4612,"template":"","meta":{"_acf_changed":false,"_seopress_robots_primary_cat":"none","_seopress_titles_title":"","_seopress_titles_desc":"P\u00f5lduba Helbi - v\u00e4ga hea maitsega keskvarajane proteiinirikas p\u00f5lduba. Sobib h\u00e4sti toitude (sh soolaoa) valmistamiseks. Suured kaunad ja seemned.","_seopress_robots_index":"","_gspb_post_css":""},"product_brand":[],"product_cat":[327,15,88,87],"product_tag":[],"class_list":{"0":"post-4558","1":"product","2":"type-product","3":"status-publish","4":"has-post-thumbnail","6":"product_cat-aeduba","7":"product_cat-koik-kategooriad","8":"product_cat-koogiviljaseemned","9":"product_cat-seemned","11":"first","12":"instock","13":"taxable","14":"shipping-taxable","15":"purchasable","16":"product-type-simple"},"ct_brands":[],"acf":[],"_links":{"self":[{"href":"https:\/\/agrozone.ee\/fi\/wp-json\/wp\/v2\/product\/4558","targetHints":{"allow":["GET"]}}],"collection":[{"href":"https:\/\/agrozone.ee\/fi\/wp-json\/wp\/v2\/product"}],"about":[{"href":"https:\/\/agrozone.ee\/fi\/wp-json\/wp\/v2\/types\/product"}],"wp:featuredmedia":[{"embeddable":true,"href":"https:\/\/agrozone.ee\/fi\/wp-json\/wp\/v2\/media\/4612"}],"wp:attachment":[{"href":"https:\/\/agrozone.ee\/fi\/wp-json\/wp\/v2\/media?parent=4558"}],"wp:term":[{"taxonomy":"product_brand","embeddable":true,"href":"https:\/\/agrozone.ee\/fi\/wp-json\/wp\/v2\/product_brand?post=4558"},{"taxonomy":"product_cat","embeddable":true,"href":"https:\/\/agrozone.ee\/fi\/wp-json\/wp\/v2\/product_cat?post=4558"},{"taxonomy":"product_tag","embeddable":true,"href":"https:\/\/agrozone.ee\/fi\/wp-json\/wp\/v2\/product_tag?post=4558"}],"curies":[{"name":"wp","href":"https:\/\/api.w.org\/{rel}","templated":true}]}}