{"id":4607,"date":"2024-06-09T15:04:32","date_gmt":"2024-06-09T13:04:32","guid":{"rendered":"https:\/\/agrozone.ee\/?post_type=product&#038;p=4607"},"modified":"2026-04-03T09:07:13","modified_gmt":"2026-04-03T07:07:13","slug":"seemnekartul-gala-5kg","status":"publish","type":"product","link":"https:\/\/agrozone.ee\/fi\/tuote\/seemnekartul-gala-5kg\/","title":{"rendered":"Seemnekartul Gala 5kg"},"content":{"rendered":"<p><strong>Seemnekartul Gala 5kg<\/strong><\/p>\n<ul>\n<li>Sertifitseeritud seemnekartul.<\/li>\n<li>Kartul \u2018Gala\u2019 on keskvarajane v\u00e4ga hea s\u00e4ilivusega kartulisort.<\/li>\n<li>Mugulad on \u00fcmarovaalsed kuni ovaalsed, madalate silmadega ning kollase koore ja sisuga.<\/li>\n<li>V\u00e4ga heade keetmisomadustega mittelagunev lauakartul.<\/li>\n<li>Suuresaagiline intensiivsort.<\/li>\n<li>Resistents: Nematodid Ro1 ja Ro4, V\u00e4hk normaalt\u00fc\u00fcp D1, v\u00e4ga k\u00f5rge vastupanu Y-viiruse suhtes, v\u00e4ga v\u00e4ike kalduvus pruunm\u00e4danikule ja mehhaanilistele kahjustustele.<\/li>\n<li>S\u00e4ilivus v\u00e4ga hea, pikk puhkeperiood.<\/li>\n<\/ul>\n","protected":false},"excerpt":{"rendered":"<p><em>Sertifitseeritud seemnekartul<\/em><\/p>\n","protected":false},"featured_media":4661,"template":"","meta":{"_acf_changed":false,"_seopress_robots_primary_cat":"none","_seopress_titles_title":"","_seopress_titles_desc":"Seemnekartul Gala on keskvarajane v\u00e4ga hea s\u00e4ilivusega kartulisort. V\u00e4ga heade keetmisomadustega mittelagunev lauakartul. Suuresaagiline intensiivsort.","_seopress_robots_index":"","_gspb_post_css":""},"product_brand":[],"product_cat":[15,87,994],"product_tag":[],"class_list":{"0":"post-4607","1":"product","2":"type-product","3":"status-publish","4":"has-post-thumbnail","6":"product_cat-koik-kategooriad","7":"product_cat-seemned","8":"product_cat-seemnekartul","10":"first","11":"instock","12":"taxable","13":"shipping-taxable","14":"purchasable","15":"product-type-simple"},"ct_brands":[],"acf":[],"_links":{"self":[{"href":"https:\/\/agrozone.ee\/fi\/wp-json\/wp\/v2\/product\/4607","targetHints":{"allow":["GET"]}}],"collection":[{"href":"https:\/\/agrozone.ee\/fi\/wp-json\/wp\/v2\/product"}],"about":[{"href":"https:\/\/agrozone.ee\/fi\/wp-json\/wp\/v2\/types\/product"}],"wp:featuredmedia":[{"embeddable":true,"href":"https:\/\/agrozone.ee\/fi\/wp-json\/wp\/v2\/media\/4661"}],"wp:attachment":[{"href":"https:\/\/agrozone.ee\/fi\/wp-json\/wp\/v2\/media?parent=4607"}],"wp:term":[{"taxonomy":"product_brand","embeddable":true,"href":"https:\/\/agrozone.ee\/fi\/wp-json\/wp\/v2\/product_brand?post=4607"},{"taxonomy":"product_cat","embeddable":true,"href":"https:\/\/agrozone.ee\/fi\/wp-json\/wp\/v2\/product_cat?post=4607"},{"taxonomy":"product_tag","embeddable":true,"href":"https:\/\/agrozone.ee\/fi\/wp-json\/wp\/v2\/product_tag?post=4607"}],"curies":[{"name":"wp","href":"https:\/\/api.w.org\/{rel}","templated":true}]}}