{"id":4608,"date":"2024-06-09T15:04:32","date_gmt":"2024-06-09T13:04:32","guid":{"rendered":"https:\/\/agrozone.ee\/?post_type=product&#038;p=4608"},"modified":"2026-03-27T11:38:15","modified_gmt":"2026-03-27T09:38:15","slug":"seemnekartul-paroli-5kg","status":"publish","type":"product","link":"https:\/\/agrozone.ee\/fi\/tuote\/seemnekartul-paroli-5kg\/","title":{"rendered":"Seemnekartul Paroli 5kg"},"content":{"rendered":"<p data-path-to-node=\"7,4,1,0\">Kas soovid suvel v\u00f5imalikult vara v\u00e4rsket kartulit nautida? <b data-path-to-node=\"7,4,1,0\" data-index-in-node=\"60\">Paroli<\/b> on Sinu kindel valik. See on v\u00e4ga varajane sort, mis \u00fcllatab oma hea s\u00e4ilivusega \u2013 haruldane omadus varajaste kartulite puhul!<\/p>\n<p data-path-to-node=\"7,4,1,1\">Paroli sobib ideaalselt neile, kes armastavad <b data-path-to-node=\"7,4,1,1\" data-index-in-node=\"46\">praekartulit<\/b>, kuna see ei lagune pannil ja hoiab oma ilusat kuju. Mugulad on suurep\u00e4rased ka eelidandamiseks, et saaksid saaki veelgi kiiremini.<\/p>\n<ul data-path-to-node=\"7,4,1,2\">\n<li>\n<p data-path-to-node=\"7,4,1,2,0,0\"><b data-path-to-node=\"7,4,1,2,0,0\" data-index-in-node=\"0\">T\u00fc\u00fcp:<\/b> V\u00e4ga varajane lauakartul<\/p>\n<\/li>\n<li>\n<p data-path-to-node=\"7,4,1,2,1,0\"><b data-path-to-node=\"7,4,1,2,1,0\" data-index-in-node=\"0\">Kasutus:<\/b> Keetmine, praadimine (t\u00e4rklis ~12%)<\/p>\n<\/li>\n<li>\n<p data-path-to-node=\"7,4,1,2,2,0\"><b data-path-to-node=\"7,4,1,2,2,0\" data-index-in-node=\"0\">Eelis:<\/b> V\u00e4ga hea s\u00e4ilivus varajase sordi kohta.<\/p>\n<\/li>\n<\/ul>\n","protected":false},"excerpt":{"rendered":"<p><em>Sertifitseeritud seemnekartul<\/em><\/p>\n","protected":false},"featured_media":4662,"template":"","meta":{"_acf_changed":false,"_seopress_robots_primary_cat":"none","_seopress_titles_title":"Paroli Seemnekartul (V\u00e4ga Varajane) \u2013 Kiire Saak ja Hea Praekartul | Agrozone","_seopress_titles_desc":"Osta Paroli seemnekartul Agrozone e-poest. V\u00e4ga varajane ja k\u00f5rge saagikusega sort. Suurep\u00e4rane praekartul, mis ei lagune. Telli mugavalt koju!","_seopress_robots_index":"","_gspb_post_css":""},"product_brand":[],"product_cat":[15,87,994],"product_tag":[],"class_list":{"0":"post-4608","1":"product","2":"type-product","3":"status-publish","4":"has-post-thumbnail","6":"product_cat-koik-kategooriad","7":"product_cat-seemned","8":"product_cat-seemnekartul","10":"first","11":"instock","12":"taxable","13":"shipping-taxable","14":"purchasable","15":"product-type-simple"},"ct_brands":[],"acf":[],"_links":{"self":[{"href":"https:\/\/agrozone.ee\/fi\/wp-json\/wp\/v2\/product\/4608","targetHints":{"allow":["GET"]}}],"collection":[{"href":"https:\/\/agrozone.ee\/fi\/wp-json\/wp\/v2\/product"}],"about":[{"href":"https:\/\/agrozone.ee\/fi\/wp-json\/wp\/v2\/types\/product"}],"wp:featuredmedia":[{"embeddable":true,"href":"https:\/\/agrozone.ee\/fi\/wp-json\/wp\/v2\/media\/4662"}],"wp:attachment":[{"href":"https:\/\/agrozone.ee\/fi\/wp-json\/wp\/v2\/media?parent=4608"}],"wp:term":[{"taxonomy":"product_brand","embeddable":true,"href":"https:\/\/agrozone.ee\/fi\/wp-json\/wp\/v2\/product_brand?post=4608"},{"taxonomy":"product_cat","embeddable":true,"href":"https:\/\/agrozone.ee\/fi\/wp-json\/wp\/v2\/product_cat?post=4608"},{"taxonomy":"product_tag","embeddable":true,"href":"https:\/\/agrozone.ee\/fi\/wp-json\/wp\/v2\/product_tag?post=4608"}],"curies":[{"name":"wp","href":"https:\/\/api.w.org\/{rel}","templated":true}]}}