{"id":4646,"date":"2024-06-09T16:05:17","date_gmt":"2024-06-09T13:05:17","guid":{"rendered":"https:\/\/agrozone.ee\/?post_type=product&#038;p=4646"},"modified":"2025-08-26T11:02:13","modified_gmt":"2025-08-26T09:02:13","slug":"hernes-looming","status":"publish","type":"product","link":"https:\/\/agrozone.ee\/fi\/tuote\/hernes-looming\/","title":{"rendered":"Hernes Looming"},"content":{"rendered":"<ul>\n<li class=\"plained\">Hernes Looming on Eestis aretatud sort v\u00e4ga saagikas madalakasvuline (50-60 cm) keskvalmiv hernesort.<\/li>\n<li class=\"plained\">Kaun tumeroheline, terava otsaga, teri kaunas kuni 11 tk.<\/li>\n<li class=\"plained\">Herne-laikp\u00f5letiku kindlus keskmine.<\/li>\n<\/ul>\n<h2>Kasutusjuhend<\/h2>\n<p><strong>K\u00dcLVAMINE: <\/strong><\/p>\n<ul>\n<li>Avamaale k\u00fclvatakse aprilli-mais u 3 cm s\u00fcgavusele, kui mulla temperatuur on v\u00e4hemalt 10\u00b0C.<\/li>\n<li>Taimevahe reas 6 cm, reavahe 40-50 cm.<\/li>\n<li>Soovitav katta taimed kattelooriga, et idanemine ja kasv oleks kiirem ja \u00fchtlasem.<\/li>\n<li>Eemaldada katteloor kui taimed vajavad toestamist.<\/li>\n<li>Korrates k\u00fclvi 2-3 n\u00e4dalaste vahedega kuni juunini saab herneid nautida kogu suve jooksul.<\/li>\n<\/ul>\n<p><strong>KASVUAEG:<\/strong><\/p>\n<ul>\n<li>u 60-70 p\u00e4eva.<\/li>\n<\/ul>\n","protected":false},"excerpt":{"rendered":"<ul>\n<li class=\"plained\">Hernes &#8216;Looming&#8217; on Eestis aretatud sort v\u00e4ga saagikas madalakasvuline (50-60 cm) keskvalmiv hernesort.<\/li>\n<li class=\"plained\">Kaun tumeroheline, terava otsaga, teri kaunas kuni 11 tk.<\/li>\n<li class=\"plained\">Herne-laikp\u00f5letiku kindlus keskmine.<\/li>\n<\/ul>\n","protected":false},"featured_media":40721,"template":"","meta":{"_acf_changed":false,"_seopress_robots_primary_cat":"none","_seopress_titles_title":"","_seopress_titles_desc":"Hernes Looming on Eestis aretatud sort v\u00e4ga saagikas madalakasvuline (50-60 cm) keskvalmiv hernesort. Kaun tumeroheline, terava otsaga.","_seopress_robots_index":"","_gspb_post_css":""},"product_brand":[],"product_cat":[332,15,88,87],"product_tag":[],"class_list":{"0":"post-4646","1":"product","2":"type-product","3":"status-publish","4":"has-post-thumbnail","6":"product_cat-hernes","7":"product_cat-koik-kategooriad","8":"product_cat-koogiviljaseemned","9":"product_cat-seemned","11":"first","12":"instock","13":"taxable","14":"shipping-taxable","15":"purchasable","16":"product-type-simple"},"ct_brands":[],"acf":[],"_links":{"self":[{"href":"https:\/\/agrozone.ee\/fi\/wp-json\/wp\/v2\/product\/4646","targetHints":{"allow":["GET"]}}],"collection":[{"href":"https:\/\/agrozone.ee\/fi\/wp-json\/wp\/v2\/product"}],"about":[{"href":"https:\/\/agrozone.ee\/fi\/wp-json\/wp\/v2\/types\/product"}],"wp:featuredmedia":[{"embeddable":true,"href":"https:\/\/agrozone.ee\/fi\/wp-json\/wp\/v2\/media\/40721"}],"wp:attachment":[{"href":"https:\/\/agrozone.ee\/fi\/wp-json\/wp\/v2\/media?parent=4646"}],"wp:term":[{"taxonomy":"product_brand","embeddable":true,"href":"https:\/\/agrozone.ee\/fi\/wp-json\/wp\/v2\/product_brand?post=4646"},{"taxonomy":"product_cat","embeddable":true,"href":"https:\/\/agrozone.ee\/fi\/wp-json\/wp\/v2\/product_cat?post=4646"},{"taxonomy":"product_tag","embeddable":true,"href":"https:\/\/agrozone.ee\/fi\/wp-json\/wp\/v2\/product_tag?post=4646"}],"curies":[{"name":"wp","href":"https:\/\/api.w.org\/{rel}","templated":true}]}}