{"id":4650,"date":"2024-06-09T16:05:17","date_gmt":"2024-06-09T13:05:17","guid":{"rendered":"https:\/\/agrozone.ee\/?post_type=product&#038;p=4650"},"modified":"2025-12-17T09:47:53","modified_gmt":"2025-12-17T07:47:53","slug":"oksakaarid-universale","status":"publish","type":"product","link":"https:\/\/agrozone.ee\/fi\/tuote\/oksakaarid-universale\/","title":{"rendered":"OKSAK\u00c4\u00c4RID UNIVERSALE"},"content":{"rendered":"<p class=\"lead\">Universaalsete k\u00e4epidemetega ja kumera alasiga oksak\u00e4\u00e4rid sobivad nii parema- kui ka vasakuk\u00e4elistel.<\/p>\n<div>\n<h2>UNIVERSALE eelised<\/h2>\n<p><img decoding=\"async\" src=\"https:\/\/www.balticagro.ee\/Files\/Images\/Baltic%20Agro%20Estonia\/210x130\/oksakaarid_universale_400x180.jpg\" alt=\"OKSAK\u00c4\u00c4RID UNIVERSALE\" \/><\/p>\n<ul>\n<li>K\u00e4\u00e4ride universaalne k\u00e4epide v\u00f5imaldab neid kasutada nii parema- kui ka vasakuk\u00e4elistel.<\/li>\n<li>Alasis\u00fcsteem hoiab \u00e4ra\u00a0tagasil\u00f6\u00f6gi randmetele ja nende kumer kuju v\u00f5imaldab kasutajal hoida oksa l\u00f5ikamise ajal paigal.<\/li>\n<li>k\u00e4epide ja vastutera on valmistatud kuumsepistatud kergest alumiiniumsulamist, mis annab eluaegse purunemiskindluse.<\/li>\n<li>Pinna anodeerimine muudab oksak\u00e4\u00e4rid vastupidavamaks.<\/li>\n<li>Tera on valmistatud suure s\u00fcsinikusisaldusega terasest ning on kuumsepistatud.<\/li>\n<li>Tera \u00f5henev osa v\u00e4hendab h\u00f5\u00f5rdumist ning parandab oksast l\u00e4bi tungimist.<\/li>\n<\/ul>\n<\/div>\n","protected":false},"excerpt":{"rendered":"<p class=\"lead\">Universaalsete k\u00e4epidemetega ja kumera alasiga oksak\u00e4\u00e4rid sobivad nii parema- kui ka vasakuk\u00e4elistel.<\/p>\n<div>\n<h2>UNIVERSALE eelised<\/h2>\n<ul>\n<li>K\u00e4\u00e4ride universaalne k\u00e4epide v\u00f5imaldab neid kasutada nii parema- kui ka vasakuk\u00e4elistel.<\/li>\n<li>Alasis\u00fcsteem hoiab \u00e4ra\u00a0tagasil\u00f6\u00f6gi randmetele ja nende kumer kuju v\u00f5imaldab kasutajal hoida oksa l\u00f5ikamise ajal paigal.<\/li>\n<li>k\u00e4epide ja vastutera on valmistatud kuumsepistatud kergest alumiiniumsulamist, mis annab eluaegse purunemiskindluse.<\/li>\n<li>Pinna anodeerimine muudab oksak\u00e4\u00e4rid vastupidavamaks.<\/li>\n<li>Tera on valmistatud suure s\u00fcsinikusisaldusega terasest ning on kuumsepistatud.<\/li>\n<li>Tera \u00f5henev osa v\u00e4hendab h\u00f5\u00f5rdumist ning parandab oksast l\u00e4bi tungimist.<\/li>\n<\/ul>\n<\/div>\n","protected":false},"featured_media":4724,"template":"","meta":{"_acf_changed":false,"_seopress_robots_primary_cat":"none","_seopress_titles_title":"","_seopress_titles_desc":"","_seopress_robots_index":"","_seopress_analysis_target_kw":"OKSAK\u00c4\u00c4RID UNIVERSALE","_gspb_post_css":""},"product_brand":[3000],"product_cat":[15,1072],"product_tag":[],"class_list":{"0":"post-4650","1":"product","2":"type-product","3":"status-publish","4":"has-post-thumbnail","6":"product_brand-castellari","7":"product_cat-koik-kategooriad","8":"product_cat-oksakaarid","10":"first","11":"instock","12":"taxable","13":"shipping-taxable","14":"purchasable","15":"product-type-simple"},"ct_brands":[{"id":3000,"name":"CASTELLARI","slug":"castellari"}],"acf":[],"_links":{"self":[{"href":"https:\/\/agrozone.ee\/fi\/wp-json\/wp\/v2\/product\/4650","targetHints":{"allow":["GET"]}}],"collection":[{"href":"https:\/\/agrozone.ee\/fi\/wp-json\/wp\/v2\/product"}],"about":[{"href":"https:\/\/agrozone.ee\/fi\/wp-json\/wp\/v2\/types\/product"}],"wp:featuredmedia":[{"embeddable":true,"href":"https:\/\/agrozone.ee\/fi\/wp-json\/wp\/v2\/media\/4724"}],"wp:attachment":[{"href":"https:\/\/agrozone.ee\/fi\/wp-json\/wp\/v2\/media?parent=4650"}],"wp:term":[{"taxonomy":"product_brand","embeddable":true,"href":"https:\/\/agrozone.ee\/fi\/wp-json\/wp\/v2\/product_brand?post=4650"},{"taxonomy":"product_cat","embeddable":true,"href":"https:\/\/agrozone.ee\/fi\/wp-json\/wp\/v2\/product_cat?post=4650"},{"taxonomy":"product_tag","embeddable":true,"href":"https:\/\/agrozone.ee\/fi\/wp-json\/wp\/v2\/product_tag?post=4650"}],"curies":[{"name":"wp","href":"https:\/\/api.w.org\/{rel}","templated":true}]}}