{"id":4652,"date":"2024-06-09T16:05:17","date_gmt":"2024-06-09T13:05:17","guid":{"rendered":"https:\/\/agrozone.ee\/?post_type=product&#038;p=4652"},"modified":"2025-12-17T09:48:28","modified_gmt":"2025-12-17T07:48:28","slug":"oksakaarid-b12","status":"publish","type":"product","link":"https:\/\/agrozone.ee\/fi\/tuote\/oksakaarid-b12\/","title":{"rendered":"OKSAK\u00c4\u00c4RID B12"},"content":{"rendered":"<p class=\"lead\">Professionaalsed kahe l\u00f5iketeraga k\u00e4\u00e4rid vahetatava l\u00f5ikeosaga. Sobivad nii parema- kui ka vasakuk\u00e4elistele.<\/p>\n<p><img decoding=\"async\" src=\"https:\/\/www.balticagro.ee\/Files\/Images\/Baltic%20Agro%20Estonia\/210x130\/oksakaarid_B12_400x138.jpg\" alt=\"OKSAK\u00c4\u00c4RID B12\" \/><\/p>\n<div>\n<h2>B12 eelised<\/h2>\n<ul>\n<li>K\u00e4\u00e4ride universaalne k\u00e4epide v\u00f5imaldab neid kasutada nii parema- kui ka vasakuk\u00e4elistel.<\/li>\n<li>Lameda tagaosaga traditsiooniline terituspind on ideaalne t\u00fcvel\u00e4hedaseks ja t\u00e4pseks l\u00f5ikamiseks. Hoiab \u00e4ra koore armistumise v\u00f5i\u00a0uute v\u00f5rsete tekke.<\/li>\n<li>Tera on valmistatud suure s\u00fcsinikusisaldusega terasest ning on kuumsepistatud.<\/li>\n<li>Oksa piiraja muudab l\u00f5ikamist\u00f6\u00f6 kiiremaks.<\/li>\n<li>Kergest alumiiniumsulamist k\u00e4epidemed on kuumsepistatud ning eluaegse\u00a0garantiiga purunemise vastu.<\/li>\n<li>Pinna anodeerimine muudab oksak\u00e4\u00e4rid vastupidavamaks.<\/li>\n<li>Pind on kaetud\u00a0libisemiskindla materjaliga.<\/li>\n<\/ul>\n<\/div>\n","protected":false},"excerpt":{"rendered":"<p class=\"lead\">Professionaalsed kahe l\u00f5iketeraga k\u00e4\u00e4rid vahetatava l\u00f5ikeosaga. Sobivad nii parema- kui ka vasakuk\u00e4elistele.<\/p>\n<div>\n<h2>B12 eelised<\/h2>\n<ul>\n<li>K\u00e4\u00e4ride universaalne k\u00e4epide v\u00f5imaldab neid kasutada nii parema- kui ka vasakuk\u00e4elistel.<\/li>\n<li>Lameda tagaosaga traditsiooniline terituspind on ideaalne t\u00fcvel\u00e4hedaseks ja t\u00e4pseks l\u00f5ikamiseks. Hoiab \u00e4ra koore armistumise v\u00f5i\u00a0uute v\u00f5rsete tekke.<\/li>\n<li>Tera on valmistatud suure s\u00fcsinikusisaldusega terasest ning on kuumsepistatud.<\/li>\n<li>Oksa piiraja muudab l\u00f5ikamist\u00f6\u00f6 kiiremaks.<\/li>\n<li>Kergest alumiiniumsulamist k\u00e4epidemed on kuumsepistatud ning eluaegse\u00a0garantiiga purunemise vastu.<\/li>\n<li>Pinna anodeerimine muudab oksak\u00e4\u00e4rid vastupidavamaks.<\/li>\n<li>Pind on kaetud\u00a0libisemiskindla materjaliga.<\/li>\n<\/ul>\n<\/div>\n","protected":false},"featured_media":4731,"template":"","meta":{"_acf_changed":false,"_seopress_robots_primary_cat":"none","_seopress_titles_title":"","_seopress_titles_desc":"","_seopress_robots_index":"","_gspb_post_css":""},"product_brand":[3000],"product_cat":[15,1072],"product_tag":[],"class_list":{"0":"post-4652","1":"product","2":"type-product","3":"status-publish","4":"has-post-thumbnail","6":"product_brand-castellari","7":"product_cat-koik-kategooriad","8":"product_cat-oksakaarid","10":"first","11":"instock","12":"taxable","13":"shipping-taxable","14":"purchasable","15":"product-type-simple"},"ct_brands":[{"id":3000,"name":"CASTELLARI","slug":"castellari"}],"acf":[],"_links":{"self":[{"href":"https:\/\/agrozone.ee\/fi\/wp-json\/wp\/v2\/product\/4652","targetHints":{"allow":["GET"]}}],"collection":[{"href":"https:\/\/agrozone.ee\/fi\/wp-json\/wp\/v2\/product"}],"about":[{"href":"https:\/\/agrozone.ee\/fi\/wp-json\/wp\/v2\/types\/product"}],"wp:featuredmedia":[{"embeddable":true,"href":"https:\/\/agrozone.ee\/fi\/wp-json\/wp\/v2\/media\/4731"}],"wp:attachment":[{"href":"https:\/\/agrozone.ee\/fi\/wp-json\/wp\/v2\/media?parent=4652"}],"wp:term":[{"taxonomy":"product_brand","embeddable":true,"href":"https:\/\/agrozone.ee\/fi\/wp-json\/wp\/v2\/product_brand?post=4652"},{"taxonomy":"product_cat","embeddable":true,"href":"https:\/\/agrozone.ee\/fi\/wp-json\/wp\/v2\/product_cat?post=4652"},{"taxonomy":"product_tag","embeddable":true,"href":"https:\/\/agrozone.ee\/fi\/wp-json\/wp\/v2\/product_tag?post=4652"}],"curies":[{"name":"wp","href":"https:\/\/api.w.org\/{rel}","templated":true}]}}