{"id":4670,"date":"2024-06-09T16:05:39","date_gmt":"2024-06-09T13:05:39","guid":{"rendered":"https:\/\/agrozone.ee\/?post_type=product&#038;p=4670"},"modified":"2025-04-09T15:45:43","modified_gmt":"2025-04-09T13:45:43","slug":"oksatangid-m80","status":"publish","type":"product","link":"https:\/\/agrozone.ee\/fi\/tuote\/oksatangid-m80\/","title":{"rendered":"OKSATANGID M80"},"content":{"rendered":"<p class=\"lead\">Professionaalsed sirge alasiga oksatangid, mis sobivad k\u00f5ikide taimede l\u00f5ikamiseks. 80 cm k\u00e4epidemetega.<\/p>\n<div>\n<h2>M80 eelised<\/h2>\n<p><img decoding=\"async\" src=\"https:\/\/www.balticagro.ee\/Files\/Images\/Baltic%20Agro%20Estonia\/210x130\/oksatangid_M80_400x190.jpg\" alt=\"Oksatangid M80\" \/><\/p>\n<ul>\n<li>S-kujuline kangmehhanism v\u00f5imaldab M oksatangidega l\u00f5igata kuni 4,4 cm l\u00e4bim\u00f5\u00f5duga oksi minimaalse pingutusega ja ilma tagasil\u00f6\u00f6gita.<\/li>\n<li>Oksatangide spetsiaalne konstruktsioon tagab parema k\u00e4epidemete avamise\/l\u00f5ikamisv\u00f5ime suhte.<\/li>\n<li>Vastupidavad k\u00e4epidemed on valmistatud ovaalse kujuga pressitud alumiiniumist ning pind on anodeeritud.<\/li>\n<li>Tera ja S-kujuline kangmehhanism on valmistatud suure s\u00fcsinikusisaldusega terasest ning on kuumsepistatud.<\/li>\n<li>Kuumsepistatud kergest alumiiniumist alasil on eluaegne garantii purunemise vastu.<\/li>\n<\/ul>\n<\/div>\n","protected":false},"excerpt":{"rendered":"<p class=\"lead\">Professionaalsed sirge alasiga oksatangid, mis sobivad k\u00f5ikide taimede l\u00f5ikamiseks. 80 cm k\u00e4epidemetega.<\/p>\n<div>\n<h2>M80 eelised<\/h2>\n<ul>\n<li>S-kujuline kangmehhanism v\u00f5imaldab M oksatangidega l\u00f5igata kuni 4,4 cm l\u00e4bim\u00f5\u00f5duga oksi minimaalse pingutusega ja ilma tagasil\u00f6\u00f6gita.<\/li>\n<li>Oksatangide spetsiaalne konstruktsioon tagab parema k\u00e4epidemete avamise\/l\u00f5ikamisv\u00f5ime suhte.<\/li>\n<li>Vastupidavad k\u00e4epidemed on valmistatud ovaalse kujuga pressitud alumiiniumist ning pind on anodeeritud.<\/li>\n<li>Tera ja S-kujuline kangmehhanism on valmistatud suure s\u00fcsinikusisaldusega terasest ning on kuumsepistatud.<\/li>\n<li>Kuumsepistatud kergest alumiiniumist alasil on eluaegne garantii purunemise vastu.<\/li>\n<\/ul>\n<\/div>\n","protected":false},"featured_media":4734,"template":"","meta":{"_acf_changed":false,"_seopress_robots_primary_cat":"","_seopress_titles_title":"","_seopress_titles_desc":"","_seopress_robots_index":"","_gspb_post_css":""},"product_brand":[],"product_cat":[15,1072],"product_tag":[],"class_list":{"0":"post-4670","1":"product","2":"type-product","3":"status-publish","4":"has-post-thumbnail","6":"product_cat-koik-kategooriad","7":"product_cat-oksakaarid","9":"first","10":"instock","11":"taxable","12":"shipping-taxable","13":"purchasable","14":"product-type-simple"},"ct_brands":[],"acf":[],"_links":{"self":[{"href":"https:\/\/agrozone.ee\/fi\/wp-json\/wp\/v2\/product\/4670","targetHints":{"allow":["GET"]}}],"collection":[{"href":"https:\/\/agrozone.ee\/fi\/wp-json\/wp\/v2\/product"}],"about":[{"href":"https:\/\/agrozone.ee\/fi\/wp-json\/wp\/v2\/types\/product"}],"wp:featuredmedia":[{"embeddable":true,"href":"https:\/\/agrozone.ee\/fi\/wp-json\/wp\/v2\/media\/4734"}],"wp:attachment":[{"href":"https:\/\/agrozone.ee\/fi\/wp-json\/wp\/v2\/media?parent=4670"}],"wp:term":[{"taxonomy":"product_brand","embeddable":true,"href":"https:\/\/agrozone.ee\/fi\/wp-json\/wp\/v2\/product_brand?post=4670"},{"taxonomy":"product_cat","embeddable":true,"href":"https:\/\/agrozone.ee\/fi\/wp-json\/wp\/v2\/product_cat?post=4670"},{"taxonomy":"product_tag","embeddable":true,"href":"https:\/\/agrozone.ee\/fi\/wp-json\/wp\/v2\/product_tag?post=4670"}],"curies":[{"name":"wp","href":"https:\/\/api.w.org\/{rel}","templated":true}]}}