{"id":4671,"date":"2024-06-09T16:05:39","date_gmt":"2024-06-09T13:05:39","guid":{"rendered":"https:\/\/agrozone.ee\/?post_type=product&#038;p=4671"},"modified":"2025-04-09T15:45:45","modified_gmt":"2025-04-09T13:45:45","slug":"oksatangid-tucano-c80","status":"publish","type":"product","link":"https:\/\/agrozone.ee\/fi\/tuote\/oksatangid-tucano-c80\/","title":{"rendered":"OKSATANGID TUCANO C80"},"content":{"rendered":"<p class=\"lead\">Professionaalsed\u00a0kumera alasiga oksatangid. 80 cm k\u00e4epidemetega.<\/p>\n<div>\n<h2>TUCANO C80 eelised<\/h2>\n<p><img decoding=\"async\" src=\"https:\/\/www.balticagro.ee\/Files\/Images\/Baltic%20Agro%20Estonia\/210x130\/oksatangid_tucanoC80_400.jpg\" alt=\"Oksatangid M80\" \/><\/p>\n<ul>\n<li>Kumera kujuga tangid hoiavad oksa l\u00f5ikamise ajal paigal.<\/li>\n<li>S-kujuline kangmehhanism tagab suurema l\u00f5ikev\u00f5imsuse.<\/li>\n<li>Ainulaadne \u00f5heneva osaga tera v\u00e4hendab h\u00f5\u00f5rdumist, muutes l\u00f5ikamist\u00f6\u00f6 kiiremaks ja lihtsamaks.<\/li>\n<li>Oksatangide spetsiaalne konstruktsioon tagab parema k\u00e4epidemete avamise\/l\u00f5ikamisv\u00f5ime suhte, v\u00f5imaldades TUCANO C tangidega l\u00f5igata kuni 5 cm l\u00e4bim\u00f5\u00f5duga oksi.<\/li>\n<li>Vastupidavad k\u00e4epidemed on valmistatud ovaalse kujuga pressitud alumiiniumist.<\/li>\n<li>Tera ja S-kujuline kangmehhanism on valmistatud suure s\u00fcsinikusisaldusega terasest ning on kuumsepistatud.<\/li>\n<li>Kuumsepistatud kergest alumiiniumist alasil on eluaegne garantii purunemise vastu.<\/li>\n<\/ul>\n<\/div>\n","protected":false},"excerpt":{"rendered":"<p class=\"lead\">Professionaalsed\u00a0kumera alasiga oksatangid. 80 cm k\u00e4epidemetega.<\/p>\n<div>\n<h2>TUCANO C80 eelised<\/h2>\n<ul>\n<li>Kumera kujuga tangid hoiavad oksa l\u00f5ikamise ajal paigal.<\/li>\n<li>S-kujuline kangmehhanism tagab suurema l\u00f5ikev\u00f5imsuse.<\/li>\n<li>Ainulaadne \u00f5heneva osaga tera v\u00e4hendab h\u00f5\u00f5rdumist, muutes l\u00f5ikamist\u00f6\u00f6 kiiremaks ja lihtsamaks.<\/li>\n<li>Oksatangide spetsiaalne konstruktsioon tagab parema k\u00e4epidemete avamise\/l\u00f5ikamisv\u00f5ime suhte, v\u00f5imaldades TUCANO C tangidega l\u00f5igata kuni 5 cm l\u00e4bim\u00f5\u00f5duga oksi.<\/li>\n<li>Vastupidavad k\u00e4epidemed on valmistatud ovaalse kujuga pressitud alumiiniumist.<\/li>\n<li>Tera ja S-kujuline kangmehhanism on valmistatud suure s\u00fcsinikusisaldusega terasest ning on kuumsepistatud.<\/li>\n<li>Kuumsepistatud kergest alumiiniumist alasil on eluaegne garantii purunemise vastu.<\/li>\n<\/ul>\n<\/div>\n","protected":false},"featured_media":4737,"template":"","meta":{"_acf_changed":false,"_seopress_robots_primary_cat":"","_seopress_titles_title":"","_seopress_titles_desc":"","_seopress_robots_index":"","_gspb_post_css":""},"product_brand":[],"product_cat":[15,1072],"product_tag":[],"class_list":{"0":"post-4671","1":"product","2":"type-product","3":"status-publish","4":"has-post-thumbnail","6":"product_cat-koik-kategooriad","7":"product_cat-oksakaarid","9":"first","10":"instock","11":"taxable","12":"shipping-taxable","13":"purchasable","14":"product-type-simple"},"ct_brands":[],"acf":[],"_links":{"self":[{"href":"https:\/\/agrozone.ee\/fi\/wp-json\/wp\/v2\/product\/4671","targetHints":{"allow":["GET"]}}],"collection":[{"href":"https:\/\/agrozone.ee\/fi\/wp-json\/wp\/v2\/product"}],"about":[{"href":"https:\/\/agrozone.ee\/fi\/wp-json\/wp\/v2\/types\/product"}],"wp:featuredmedia":[{"embeddable":true,"href":"https:\/\/agrozone.ee\/fi\/wp-json\/wp\/v2\/media\/4737"}],"wp:attachment":[{"href":"https:\/\/agrozone.ee\/fi\/wp-json\/wp\/v2\/media?parent=4671"}],"wp:term":[{"taxonomy":"product_brand","embeddable":true,"href":"https:\/\/agrozone.ee\/fi\/wp-json\/wp\/v2\/product_brand?post=4671"},{"taxonomy":"product_cat","embeddable":true,"href":"https:\/\/agrozone.ee\/fi\/wp-json\/wp\/v2\/product_cat?post=4671"},{"taxonomy":"product_tag","embeddable":true,"href":"https:\/\/agrozone.ee\/fi\/wp-json\/wp\/v2\/product_tag?post=4671"}],"curies":[{"name":"wp","href":"https:\/\/api.w.org\/{rel}","templated":true}]}}