{"id":4672,"date":"2024-06-09T16:05:39","date_gmt":"2024-06-09T13:05:39","guid":{"rendered":"https:\/\/agrozone.ee\/?post_type=product&#038;p=4672"},"modified":"2025-05-29T15:09:23","modified_gmt":"2025-05-29T13:09:23","slug":"tilkkastmissusteem-terrace-kit","status":"publish","type":"product","link":"https:\/\/agrozone.ee\/fi\/tuote\/tilkkastmissusteem-terrace-kit\/","title":{"rendered":"Tilkkastmiss\u00fcsteem Terrace Kit"},"content":{"rendered":"<div id=\"introContent\">\n<p class=\"lead\">Lihtsasti paigaldatav tilkkastmiss\u00fcsteem Terrace Kit potitaimede kastmiseks koduaias, r\u00f5dul ja terrassil.<\/p>\n<p>Kastmiskomplekt Terrace Kit v\u00f5imaldab kerge vaevaga luua tilkkastmiss\u00fcsteemi potitaimedele ja konteineritesse rajatud k\u00f6\u00f6giviljaaiale. \u00dcles seadmiseks vajad vaid k\u00e4\u00e4re ja teravat nuga. Komplekti paigaldamise ajal on soovitatav kasutada kaitsekindaid, eriti noaga l\u00f5igates.<\/p>\n<p><img decoding=\"async\" class=\"img-responsive\" src=\"https:\/\/www.balticagro.ee\/admin\/public\/getimage.ashx?Image=\/Files\/Images\/Baltic%20Agro%20Estonia\/846x400\/terrace_kit_846x400.jpg&amp;Resolution=72&amp;Compression=80&amp;Width=846&amp;Height=400\" alt=\"Tilkkastmiss\u00fcsteem Terrace Kit\" \/><\/p>\n<\/div>\n<div id=\"right-col-fixed\" class=\"row\">\n<div id=\"underImage\" class=\"col-xs-12 col-lg-12\">\n<hr \/>\n<h2>Terrace Kit<\/h2>\n<h3><\/h3>\n<ul class=\"checkmarks\">\n<li>Reguleeritavad tilgutid v\u00f5imaldavad varustada iga taime \u00f5ige veekogusega.<\/li>\n<li>J\u00e4tkusuutlik ja stressivaba lahendus kuni 20 poti niisutamiseks.<\/li>\n<li>Lihtsasti programmeeritav kraani kontrollseade v\u00f5imaldab s\u00fcsteemi automatiseerida. Vali, kui palju, millal ja millise sagedusega soovid taimi kasta.<\/li>\n<\/ul>\n<p><strong>Terrace Kit komplekti paigaldamine:<\/strong><\/p>\n<ul>\n<li>Keera kontrollseade kraani k\u00fclge (kraan ei kuulu komplekti ja tuleb osta eraldi)<\/li>\n<li>Keera r\u00f5huregulaator kontrollseadme v\u00e4ljalaske ava k\u00fclge ja seej\u00e4rel alusta \u00fchendamist.<\/li>\n<li>\u00dchenda peavoolik liidese k\u00fclge ja vea vajalikus suunas, kasutades vajadusel nurk- v\u00f5i T- liitmikke.<\/li>\n<li>Ventiili abil saad vajadusel eraldada s\u00fcsteemi osa.<\/li>\n<li>Vajuta komplekti kuuluva augurauaga peavooliku sisse auk.<\/li>\n<li>Suru konnektor auku, mille just tegid ning seej\u00e4rel l\u00fckka voolik konnektori otsa.<\/li>\n<li>Vea voolik taimepotini.<\/li>\n<li>L\u00f5ika voolik soovitud pikkuseni ja \u00fchenda ots tilguti k\u00fclge.<\/li>\n<li>Reguleeri tilguteid nii, et igas konteineris oleks soovitud voolutugevus.<\/li>\n<\/ul>\n<\/div>\n<div id=\"parent-abs\"><\/div>\n<div id=\"mainContent\" class=\"col-lg-12\">\n<hr \/>\n<h2><img decoding=\"async\" src=\"https:\/\/www.balticagro.ee\/Files\/Images\/Baltic%20Agro%20Estonia\/Kampaaniad\/terrace_kit_pakend.jpg\" alt=\"Tilkkastmiss\u00fcsteem Terrace Kit\" \/><\/h2>\n<h2>Komplekti kuuluvad:<\/h2>\n<ul>\n<li>1 r\u00f5huregulaator \u00be<\/li>\n<li>1 auguraud<\/li>\n<li>20 tilgutit<\/li>\n<li>25 m peavoolik l\u00e4bim\u00f5\u00f5duga 16 mm<\/li>\n<li>25 m tilgutivoolik l\u00e4bim\u00f5\u00f5duga 6&#215;4 mm<\/li>\n<li>1 ventiil<\/li>\n<li>Erinevad liitmikud<\/li>\n<li>Kontrollseade GT1<\/li>\n<\/ul>\n<div class=\"col-sm-12 youtube-embed\"><iframe class=\"youtube-video\" src=\"https:\/\/www.youtube.com\/embed\/Bu_Spy6BcM4\" height=\"464.0625px\" frameborder=\"0\" allowfullscreen=\"allowfullscreen\" data-mce-fragment=\"1\"><\/iframe><\/div>\n<\/div>\n<\/div>\n<div class=\"row\">\n<div id=\"mainContent-fullwidth\" class=\"col-lg-12\"><\/div>\n<\/div>\n","protected":false},"excerpt":{"rendered":"<div id=\"introContent\">\n<p class=\"lead\">Lihtsasti paigaldatav tilkkastmiss\u00fcsteem Terrace Kit potitaimede kastmiseks koduaias, r\u00f5dul ja terrassil.<\/p>\n<p>Kastmiskomplekt Terrace Kit v\u00f5imaldab kerge vaevaga luua tilkkastmiss\u00fcsteemi potitaimedele ja konteineritesse rajatud k\u00f6\u00f6giviljaaiale. \u00dcles seadmiseks vajad vaid k\u00e4\u00e4re ja teravat nuga. Komplekti paigaldamise ajal on soovitatav kasutada kaitsekindaid, eriti noaga l\u00f5igates.<\/p>\n<p>&nbsp;<\/p>\n<\/div>\n<div id=\"right-col-fixed\" class=\"row\">\n<div id=\"underImage\" class=\"col-xs-12 col-lg-12\">\n<h2>Terrace Kit<\/h2>\n<h3><\/h3>\n<ul class=\"checkmarks\">\n<li>Reguleeritavad tilgutid v\u00f5imaldavad varustada iga taime \u00f5ige veekogusega.<\/li>\n<li>J\u00e4tkusuutlik ja stressivaba lahendus kuni 20 poti niisutamiseks.<\/li>\n<li>Lihtsasti programmeeritav kraani kontrollseade v\u00f5imaldab s\u00fcsteemi automatiseerida. Vali, kui palju, millal ja millise sagedusega soovid taimi kasta.<\/li>\n<\/ul>\n<\/div>\n<\/div>\n","protected":false},"featured_media":4745,"template":"","meta":{"_acf_changed":false,"_seopress_robots_primary_cat":"none","_seopress_titles_title":"","_seopress_titles_desc":"","_seopress_robots_index":"","_gspb_post_css":""},"product_brand":[],"product_cat":[1092,15,1093],"product_tag":[],"class_list":{"0":"post-4672","1":"product","2":"type-product","3":"status-publish","4":"has-post-thumbnail","6":"product_cat-kastmissusteemid","7":"product_cat-koik-kategooriad","8":"product_cat-tilkkastmissusteemid","10":"first","11":"instock","12":"taxable","13":"shipping-taxable","14":"purchasable","15":"product-type-simple"},"ct_brands":[],"acf":[],"_links":{"self":[{"href":"https:\/\/agrozone.ee\/fi\/wp-json\/wp\/v2\/product\/4672","targetHints":{"allow":["GET"]}}],"collection":[{"href":"https:\/\/agrozone.ee\/fi\/wp-json\/wp\/v2\/product"}],"about":[{"href":"https:\/\/agrozone.ee\/fi\/wp-json\/wp\/v2\/types\/product"}],"wp:featuredmedia":[{"embeddable":true,"href":"https:\/\/agrozone.ee\/fi\/wp-json\/wp\/v2\/media\/4745"}],"wp:attachment":[{"href":"https:\/\/agrozone.ee\/fi\/wp-json\/wp\/v2\/media?parent=4672"}],"wp:term":[{"taxonomy":"product_brand","embeddable":true,"href":"https:\/\/agrozone.ee\/fi\/wp-json\/wp\/v2\/product_brand?post=4672"},{"taxonomy":"product_cat","embeddable":true,"href":"https:\/\/agrozone.ee\/fi\/wp-json\/wp\/v2\/product_cat?post=4672"},{"taxonomy":"product_tag","embeddable":true,"href":"https:\/\/agrozone.ee\/fi\/wp-json\/wp\/v2\/product_tag?post=4672"}],"curies":[{"name":"wp","href":"https:\/\/api.w.org\/{rel}","templated":true}]}}