{"id":4673,"date":"2024-06-09T16:05:39","date_gmt":"2024-06-09T13:05:39","guid":{"rendered":"https:\/\/agrozone.ee\/?post_type=product&#038;p=4673"},"modified":"2025-05-29T15:09:25","modified_gmt":"2025-05-29T13:09:25","slug":"imbkastmissusteem-veggie-garden-kit","status":"publish","type":"product","link":"https:\/\/agrozone.ee\/fi\/tuote\/imbkastmissusteem-veggie-garden-kit\/","title":{"rendered":"Imbkastmiss\u00fcsteem Veggie-Garden Kit"},"content":{"rendered":"<div id=\"introContent\">\n<p class=\"lead\">Lihtsasti paigaldatav imbkastmiss\u00fcsteem Veggie-Garden Kit k\u00f6\u00f6giviljaaia, kasvuhoone v\u00f5i aiapeenra kastmiseks koduaias.<\/p>\n<p>Kastmiskomplekt Veggie-Garden Kit v\u00f5imaldab luua imbkastmiss\u00fcsteemi kuni 150 m<sup>2<\/sup>\u00a0suuruse k\u00f6\u00f6giviljaaia jaoks. \u00dcles seadmiseks vajad vaid k\u00e4\u00e4re ja teravat nuga. Komplekti paigaldamise ajal on soovitatav kasutada kaitsekindaid, eriti noaga l\u00f5igates.<\/p>\n<p><img decoding=\"async\" class=\"img-responsive\" src=\"https:\/\/www.balticagro.ee\/admin\/public\/getimage.ashx?Image=\/Files\/Images\/Baltic%20Agro%20Estonia\/846x400\/veggie_gardenkit_846x400.jpg&amp;Resolution=72&amp;Compression=80&amp;Width=846&amp;Height=400\" alt=\"Imbkastmiss\u00fcsteem Veggie-Garden Kit\" \/><\/p>\n<\/div>\n<div id=\"right-col-fixed\" class=\"row\">\n<div id=\"underImage\" class=\"col-xs-12 col-lg-12\">\n<hr \/>\n<h2>Veggie-Garden Kit<\/h2>\n<h3><\/h3>\n<ul class=\"checkmarks\">\n<li>Imbkastmiss\u00fcsteemi kaudu juhitakse vesi ainult sinna, kus seda on vaja, s\u00e4\u00e4stes sellega vett ja v\u00e4hendades umbrohtumist.<\/li>\n<li>Lisaks arvestab imbkastmiss\u00fcsteem taimede vajadustega, j\u00e4ttes lehed kuivaks, piirates sellega seenhaiguste levikut.<\/li>\n<\/ul>\n<p><strong>Veggie-Garden Kit komplekti paigaldamine:<\/strong><\/p>\n<ul>\n<li>Keera ventiil kraani k\u00fclge.<\/li>\n<li>Keera r\u00f5huregulaator ventiili v\u00e4ljalaske ava k\u00fclge ja seej\u00e4rel alusta \u00fchendamist.<\/li>\n<li>\u00dchenda peavoolik liidese k\u00fclge ja vea vajalikus suunas, kasutades vajadusel nurkliitmikku.<\/li>\n<li>Vajuta komplekti kuuluva augurauaga peavooliku sisse auk.<\/li>\n<li>Suru ventiil auku, mille just tegid.<\/li>\n<li>Vea imbkastmisvoolik piki taimede rida ja \u00fchenda ventiiliga.<\/li>\n<li>Ava v\u00f5i sulge iga taimerea imbkastmisvooliku ventiile, et kasta v\u00f5i l\u00f5petada kastmine. See v\u00f5imaldab v\u00e4ltida vee raiskamist, kui m\u00f5nest reast on taimed juba koristatud.<\/li>\n<\/ul>\n<\/div>\n<div id=\"parent-abs\"><\/div>\n<div id=\"mainContent\" class=\"col-lg-12\">\n<hr \/>\n<h2><img decoding=\"async\" src=\"https:\/\/www.balticagro.ee\/Files\/Images\/Baltic%20Agro%20Estonia\/Kampaaniad\/veggiegarden_kit_pakend.jpg\" alt=\"Imbkastmiss\u00fcsteem Veggie-Garden Kit\" \/><\/h2>\n<h2>Komplekti kuuluvad:<\/h2>\n<ul>\n<li>1 ventiil \u00be<\/li>\n<li>\u00a01 r\u00f5huregulaator \u00be<\/li>\n<li>\u00a01 auguraud<\/li>\n<li>1 nurkliitmik 20 mm l\u00e4bim\u00f5\u00f5duga<\/li>\n<li>15 m peavoolik l\u00e4bim\u00f5\u00f5duga 20 mm<\/li>\n<li>1 adapter 20 mm l\u00e4bim\u00f5\u00f5t x 3\/4<\/li>\n<li>10 ventiili imbkastmisvooliku jaoks<\/li>\n<li>4 vooliku\u00fchendust l\u00e4bim\u00f5\u00f5duga 16 mm<\/li>\n<li>100 m imbkastmisvoolikut l\u00e4bim\u00f5\u00f5duga 16 mm<\/li>\n<li>1 l\u00f5ppliitmik l\u00e4bim\u00f5\u00f5duga 20 mm<\/li>\n<\/ul>\n<p>&nbsp;<\/p>\n<div class=\"col-sm-12 youtube-embed\"><iframe class=\"youtube-video\" src=\"https:\/\/www.youtube.com\/embed\/s2Rz2YqBpVs\" height=\"464.0625px\" frameborder=\"0\" allowfullscreen=\"allowfullscreen\" data-mce-fragment=\"1\"><\/iframe><\/div>\n<\/div>\n<\/div>\n<div class=\"row\">\n<div id=\"mainContent-fullwidth\" class=\"col-lg-12\"><\/div>\n<\/div>\n","protected":false},"excerpt":{"rendered":"<div id=\"introContent\">\n<p class=\"lead\">Lihtsasti paigaldatav imbkastmiss\u00fcsteem Veggie-Garden Kit k\u00f6\u00f6giviljaaia, kasvuhoone v\u00f5i aiapeenra kastmiseks koduaias.<\/p>\n<p>Kastmiskomplekt Veggie-Garden Kit v\u00f5imaldab luua imbkastmiss\u00fcsteemi kuni 150 m<sup>2<\/sup>\u00a0suuruse k\u00f6\u00f6giviljaaia jaoks. \u00dcles seadmiseks vajad vaid k\u00e4\u00e4re ja teravat nuga. Komplekti paigaldamise ajal on soovitatav kasutada kaitsekindaid, eriti noaga l\u00f5igates.<\/p>\n<\/div>\n<div id=\"right-col-fixed\" class=\"row\">\n<div id=\"underImage\" class=\"col-xs-12 col-lg-12\">\n<h2>Veggie-Garden Kit<\/h2>\n<ul class=\"checkmarks\">\n<li>Imbkastmiss\u00fcsteemi kaudu juhitakse vesi ainult sinna, kus seda on vaja, s\u00e4\u00e4stes sellega vett ja v\u00e4hendades umbrohtumist.<\/li>\n<li>Lisaks arvestab imbkastmiss\u00fcsteem taimede vajadustega, j\u00e4ttes lehed kuivaks, piirates sellega seenhaiguste levikut.<\/li>\n<\/ul>\n<\/div>\n<\/div>\n","protected":false},"featured_media":4749,"template":"","meta":{"_acf_changed":false,"_seopress_robots_primary_cat":"none","_seopress_titles_title":"","_seopress_titles_desc":"","_seopress_robots_index":"","_gspb_post_css":""},"product_brand":[],"product_cat":[1092,15,1093],"product_tag":[],"class_list":{"0":"post-4673","1":"product","2":"type-product","3":"status-publish","4":"has-post-thumbnail","6":"product_cat-kastmissusteemid","7":"product_cat-koik-kategooriad","8":"product_cat-tilkkastmissusteemid","10":"first","11":"instock","12":"taxable","13":"shipping-taxable","14":"purchasable","15":"product-type-simple"},"ct_brands":[],"acf":[],"_links":{"self":[{"href":"https:\/\/agrozone.ee\/fi\/wp-json\/wp\/v2\/product\/4673","targetHints":{"allow":["GET"]}}],"collection":[{"href":"https:\/\/agrozone.ee\/fi\/wp-json\/wp\/v2\/product"}],"about":[{"href":"https:\/\/agrozone.ee\/fi\/wp-json\/wp\/v2\/types\/product"}],"wp:featuredmedia":[{"embeddable":true,"href":"https:\/\/agrozone.ee\/fi\/wp-json\/wp\/v2\/media\/4749"}],"wp:attachment":[{"href":"https:\/\/agrozone.ee\/fi\/wp-json\/wp\/v2\/media?parent=4673"}],"wp:term":[{"taxonomy":"product_brand","embeddable":true,"href":"https:\/\/agrozone.ee\/fi\/wp-json\/wp\/v2\/product_brand?post=4673"},{"taxonomy":"product_cat","embeddable":true,"href":"https:\/\/agrozone.ee\/fi\/wp-json\/wp\/v2\/product_cat?post=4673"},{"taxonomy":"product_tag","embeddable":true,"href":"https:\/\/agrozone.ee\/fi\/wp-json\/wp\/v2\/product_tag?post=4673"}],"curies":[{"name":"wp","href":"https:\/\/api.w.org\/{rel}","templated":true}]}}