{"id":4674,"date":"2024-06-09T16:05:40","date_gmt":"2024-06-09T13:05:40","guid":{"rendered":"https:\/\/agrozone.ee\/?post_type=product&#038;p=4674"},"modified":"2026-01-16T12:20:42","modified_gmt":"2026-01-16T10:20:42","slug":"streamline-x-16080-250m-1-05-l-h","status":"publish","type":"product","link":"https:\/\/agrozone.ee\/fi\/tuote\/streamline-x-16080-250m-1-05-l-h\/","title":{"rendered":"Streamline X 16080 250m 1.05 l\/h"},"content":{"rendered":"<div id=\"introContent\">\n<p>Vastupidav \u00f5hukeseseinaline r\u00f5hukompensaatorita imbtoru\u00a0Streamline X tootjalt Netafim.<\/p>\n<p>Tugev \u00f5hukeseseinaline imbtoru on lihtsasti paigaldatav, madala filtreerimisvajadusega ning selle v\u00e4ljavooluala on klapiga kaetud, mis hoiab \u00e4ra ava ummistumise pinnaseosakeste ja taimejuurtega.<\/p>\n<p><img decoding=\"async\" class=\"img-responsive\" src=\"https:\/\/www.balticagro.ee\/admin\/public\/getimage.ashx?Image=\/Files\/Images\/Baltic%20Agro%20Estonia\/846x400\/Tooted_aed\/kastmine_streamline_846.jpeg&amp;Resolution=72&amp;Compression=80&amp;Width=846&amp;Height=400\" alt=\"Streamline X 16080 250m 1.05 l\/h\" \/><\/p>\n<\/div>\n<div id=\"right-col-fixed\" class=\"row\">\n<div id=\"underImage\" class=\"col-lg-8 col-xs-12\">\n<h2>Streamline X 16080<\/h2>\n<h3>Eelised ja omadused<\/h3>\n<p>Vastupidavaim \u00f5hukeseseinaline imbtoru: ainulaadne ribiline pind toimib t\u00f5kkena maapinna ja imbvooliku v\u00e4lispinna vahel, muutes paigaldamise ja kokkukerimise sujuvamaks.<\/p>\n<p>Streamline\u00a0X&#8217;i tugevdavad sisemised ja v\u00e4limised ribid parandavad imbvooliku vastupidavust ja aitavad kaitsta toru kahjustuste eest.<\/p>\n<p>Kastmis\u00fchtlus ja ummistumiskindlus: TurboNet\u00a0lab\u00fcrinttilgutid koos filtriga kindlustavad v\u00e4ga hea kastmis\u00fchtluse ja samas v\u00e4hendavad tilgutite ummistumisv\u00f5imalust.<\/p>\n<h3>Tehnilised eelised:<\/h3>\n<ul>\n<li>Kaks selget ja n\u00e4htavat oran\u017ei triipu t\u00e4histavad tilgutite \u00fclemist asetust, tagades imbvooliku \u00f5ige paigalduse.<\/li>\n<li>Suunavad nooled ja m\u00e4rgistus pakendil lihtsustavad paigaldamist.<\/li>\n<\/ul>\n<\/div>\n<div id=\"parent-abs\">\n<div id=\"downloadContent\" class=\"download-links right-col-fixed\">\n<p><a class=\"arrow-link\" href=\"https:\/\/agrozone.ee\/wp-content\/uploads\/2025\/01\/streamlinex_imbtorud.pdf\" target=\"_blank\" rel=\"noopener\">Lae alla Streamline X infoleht<\/a><\/p>\n<\/div>\n<\/div>\n<div id=\"mainContent\" class=\"col-lg-8\">\n<h2>Tehniline kirjeldus\u200b<\/h2>\n<ul>\n<li>Streamline\u2122 X imbvoolikud on saadaval klapiga v\u00e4ljalaskeavaga.<\/li>\n<li>Madal filtreerimisvajadus: 130 mikronit \/ 120 mesh.<\/li>\n<li>Imbtoru sisepinnale \u201ckeevitatud\u201d tilguti.<\/li>\n<li>Toodetud survevalu meetodil ilma liiteribadeta, mis tagab \u00fchtlase survekindluse.<\/li>\n<li>UV-kindel. Vastupidav p\u00f5llumajanduses tavap\u00e4raselt kasutatavate toitainete suhtes.<\/li>\n<\/ul>\n<h2>Streamline X imbvoolikute tehnilised andmed<\/h2>\n<table class=\"table\">\n<thead>\n<tr>\n<th>MUDEL<\/th>\n<th>Sise-diameeter<\/th>\n<th>Seina paksus<\/th>\n<th>Tootlikkus<\/th>\n<th>Tilgutite vahe<\/th>\n<th>Rulli pikkus<\/th>\n<th>Suurim t\u00f6\u00f6r\u00f5hk<\/th>\n<\/tr>\n<\/thead>\n<tbody>\n<tr>\n<td><strong>16080<\/strong><\/td>\n<td>16 mm<\/td>\n<td>0,20 mm<\/td>\n<td>1,05 l\/h<\/td>\n<td>0,30 m<\/td>\n<td>250 m<\/td>\n<td>1,20 bar<\/td>\n<\/tr>\n<\/tbody>\n<\/table>\n<\/div>\n<\/div>\n","protected":false},"excerpt":{"rendered":"<p>Vastupidav \u00f5hukeseseinaline r\u00f5hukompensaatorita imbtoru\u00a0Streamline X tootjalt Netafim.<\/p>\n<p>Tugev \u00f5hukeseseinaline imbtoru on lihtsasti paigaldatav, madala filtreerimisvajadusega ning selle v\u00e4ljavooluala on klapiga kaetud, mis hoiab \u00e4ra ava ummistumise pinnaseosakeste ja taimejuurtega.<\/p>\n<h3>Eelised ja omadused<\/h3>\n<p>Vastupidavaim \u00f5hukeseseinaline imbtoru: ainulaadne ribiline pind toimib t\u00f5kkena maapinna ja imbvooliku v\u00e4lispinna vahel, muutes paigaldamise ja kokkukerimise sujuvamaks.<\/p>\n<p>Streamline\u00a0X&#8217;i tugevdavad sisemised ja v\u00e4limised ribid parandavad imbvooliku vastupidavust ja aitavad kaitsta toru kahjustuste eest.<\/p>\n<p>Kastmis\u00fchtlus ja ummistumiskindlus: TurboNet\u00a0lab\u00fcrinttilgutid koos filtriga kindlustavad v\u00e4ga hea kastmis\u00fchtluse ja samas v\u00e4hendavad tilgutite ummistumisv\u00f5imalust.<\/p>\n","protected":false},"featured_media":4753,"template":"","meta":{"_acf_changed":false,"_seopress_robots_primary_cat":"none","_seopress_titles_title":"","_seopress_titles_desc":"","_seopress_robots_index":"","_gspb_post_css":""},"product_brand":[],"product_cat":[1101,1092,15,1102],"product_tag":[],"class_list":{"0":"post-4674","1":"product","2":"type-product","3":"status-publish","4":"has-post-thumbnail","6":"product_cat-imbkastmine","7":"product_cat-kastmissusteemid","8":"product_cat-koik-kategooriad","9":"product_cat-streamline-x","10":"product_shipping_class-ei-mahu-automaati","12":"first","13":"instock","14":"taxable","15":"shipping-taxable","16":"purchasable","17":"product-type-simple"},"ct_brands":[],"acf":[],"_links":{"self":[{"href":"https:\/\/agrozone.ee\/fi\/wp-json\/wp\/v2\/product\/4674","targetHints":{"allow":["GET"]}}],"collection":[{"href":"https:\/\/agrozone.ee\/fi\/wp-json\/wp\/v2\/product"}],"about":[{"href":"https:\/\/agrozone.ee\/fi\/wp-json\/wp\/v2\/types\/product"}],"wp:featuredmedia":[{"embeddable":true,"href":"https:\/\/agrozone.ee\/fi\/wp-json\/wp\/v2\/media\/4753"}],"wp:attachment":[{"href":"https:\/\/agrozone.ee\/fi\/wp-json\/wp\/v2\/media?parent=4674"}],"wp:term":[{"taxonomy":"product_brand","embeddable":true,"href":"https:\/\/agrozone.ee\/fi\/wp-json\/wp\/v2\/product_brand?post=4674"},{"taxonomy":"product_cat","embeddable":true,"href":"https:\/\/agrozone.ee\/fi\/wp-json\/wp\/v2\/product_cat?post=4674"},{"taxonomy":"product_tag","embeddable":true,"href":"https:\/\/agrozone.ee\/fi\/wp-json\/wp\/v2\/product_tag?post=4674"}],"curies":[{"name":"wp","href":"https:\/\/api.w.org\/{rel}","templated":true}]}}