{"id":4676,"date":"2024-06-09T16:05:40","date_gmt":"2024-06-09T13:05:40","guid":{"rendered":"https:\/\/agrozone.ee\/?post_type=product&#038;p=4676"},"modified":"2025-04-09T15:44:37","modified_gmt":"2025-04-09T13:44:37","slug":"jatkuliide-siniste-rongastega-streamline-16mm","status":"publish","type":"product","link":"https:\/\/agrozone.ee\/fi\/tuote\/jatkuliide-siniste-rongastega-streamline-16mm\/","title":{"rendered":"J\u00e4tkuliide siniste r\u00f5ngastega Streamline 16mm"},"content":{"rendered":"<p>J\u00e4tkuliide siniste r\u00f5ngastega,<br \/>\nStreamline 16mm<\/p>\n","protected":false},"excerpt":{"rendered":"<p>J\u00e4tkuliide siniste r\u00f5ngastega,<br \/>\nStreamline 16mm<\/p>\n","protected":false},"featured_media":4759,"template":"","meta":{"_acf_changed":false,"_seopress_robots_primary_cat":"","_seopress_titles_title":"","_seopress_titles_desc":"","_seopress_robots_index":"","_gspb_post_css":""},"product_brand":[],"product_cat":[1101,15,1107],"product_tag":[],"class_list":{"0":"post-4676","1":"product","2":"type-product","3":"status-publish","4":"has-post-thumbnail","6":"product_cat-imbkastmine","7":"product_cat-koik-kategooriad","8":"product_cat-tilk-ja-imbkastmissusteemi-liitmikud","10":"first","11":"instock","12":"sale","13":"featured","14":"taxable","15":"shipping-taxable","16":"purchasable","17":"product-type-simple"},"ct_brands":[],"acf":[],"_links":{"self":[{"href":"https:\/\/agrozone.ee\/fi\/wp-json\/wp\/v2\/product\/4676","targetHints":{"allow":["GET"]}}],"collection":[{"href":"https:\/\/agrozone.ee\/fi\/wp-json\/wp\/v2\/product"}],"about":[{"href":"https:\/\/agrozone.ee\/fi\/wp-json\/wp\/v2\/types\/product"}],"wp:featuredmedia":[{"embeddable":true,"href":"https:\/\/agrozone.ee\/fi\/wp-json\/wp\/v2\/media\/4759"}],"wp:attachment":[{"href":"https:\/\/agrozone.ee\/fi\/wp-json\/wp\/v2\/media?parent=4676"}],"wp:term":[{"taxonomy":"product_brand","embeddable":true,"href":"https:\/\/agrozone.ee\/fi\/wp-json\/wp\/v2\/product_brand?post=4676"},{"taxonomy":"product_cat","embeddable":true,"href":"https:\/\/agrozone.ee\/fi\/wp-json\/wp\/v2\/product_cat?post=4676"},{"taxonomy":"product_tag","embeddable":true,"href":"https:\/\/agrozone.ee\/fi\/wp-json\/wp\/v2\/product_tag?post=4676"}],"curies":[{"name":"wp","href":"https:\/\/api.w.org\/{rel}","templated":true}]}}