{"id":4679,"date":"2024-06-09T16:05:40","date_gmt":"2024-06-09T13:05:40","guid":{"rendered":"https:\/\/agrozone.ee\/?post_type=product&#038;p=4679"},"modified":"2025-04-09T15:44:39","modified_gmt":"2025-04-09T13:44:39","slug":"pe-toru-20mm-pn4-25m-must","status":"publish","type":"product","link":"https:\/\/agrozone.ee\/fi\/tuote\/pe-toru-20mm-pn4-25m-must\/","title":{"rendered":"PE-toru 20mm PN4 25m must"},"content":{"rendered":"<h2>PE torud<\/h2>\n<h3>Eelised ja omadused<\/h3>\n<p>K\u00f5ik torud on UV ja oks\u00fcdatsiooni kaitsega, mis teeb need vastupidavaks p\u00e4ikesekiirguse suhtes, v\u00f5imaldades kasutada torusid paljude aastate jooksul, ilma et tekiks m\u00e4rkimisv\u00e4\u00e4rseid kahjustusi.<\/p>\n<p>Mikroorganismid v\u00f5i seened ei r\u00fcnda PE torusid, ei seest ega v\u00e4ljast.<\/p>\n<p>PE torud on vastupidavad soolasele veele, hapetele ja aluselistele lahustele (v\u00e4lja arvatud k\u00f5rgelt kontsentreeritud lahused) ja enamusele p\u00f5llumajanduses kasutatavatele ainetele.<\/p>\n<p>Saadaval standardse pikkusega rullidena, suure diameetriga rullidena ja sirgete lattidena, et tulla vastu spetsiifilistele n\u00f5udmistele.<\/p>\n<p>Valmistatud kvaliteetsest madala v\u00f5i keskmise tihedusega pol\u00fcet\u00fcleenvaigust, mis tagab vastupidavuse pragunemiste ja k\u00f5verdumiste suhtes ning pikaajalise t\u00f6\u00f6kindluse.<\/p>\n<p>T\u00e4ppistootmine tagab \u00fchtlase sisediameetri ja seina paksuse.<\/p>\n<div id=\"parent-abs\"><\/div>\n<div id=\"mainContent\" class=\"col-lg-12\">\n<p><img decoding=\"async\" src=\"https:\/\/www.balticagro.ee\/Files\/Images\/Baltic%20Agro%20Estonia\/210x130\/torud_ja_voolikud_pe_voolik_210.png\" alt=\"PE torud\" \/><\/p>\n<h2>PE torude tehnilised andmed<\/h2>\n<\/div>\n<table class=\"table\">\n<thead>\n<tr>\n<th>MUDEL<\/th>\n<th>V\u00e4rv<\/th>\n<th>Diameeter<\/th>\n<th>Seina paksus<\/th>\n<th>Pikkus<\/th>\n<th>Suurim t\u00f6\u00f6r\u00f5hk<\/th>\n<\/tr>\n<\/thead>\n<tbody>\n<tr>\n<td>20\/4<\/td>\n<td>MUST<\/td>\n<td>20 mm<\/td>\n<td>1,20<\/td>\n<td>25 m<\/td>\n<td>\u00a04 bar<\/td>\n<\/tr>\n<\/tbody>\n<\/table>\n<p>&nbsp;<\/p>\n","protected":false},"excerpt":{"rendered":"<p>K\u00f5ik torud on UV ja oks\u00fcdatsiooni kaitsega, mis teeb need vastupidavaks p\u00e4ikesekiirguse suhtes, v\u00f5imaldades kasutada torusid paljude aastate jooksul, ilma et tekiks m\u00e4rkimisv\u00e4\u00e4rseid kahjustusi.<\/p>\n<p>Mikroorganismid v\u00f5i seened ei r\u00fcnda PE torusid, ei seest ega v\u00e4ljast.<\/p>\n<p>PE torud on vastupidavad soolasele veele, hapetele ja aluselistele lahustele (v\u00e4lja arvatud k\u00f5rgelt kontsentreeritud lahused) ja enamusele p\u00f5llumajanduses kasutatavatele ainetele.<\/p>\n<p>Saadaval standardse pikkusega rullidena, suure diameetriga rullidena ja sirgete lattidena, et tulla vastu spetsiifilistele n\u00f5udmistele.<\/p>\n<p>Valmistatud kvaliteetsest madala v\u00f5i keskmise tihedusega pol\u00fcet\u00fcleenvaigust, mis tagab vastupidavuse pragunemiste ja k\u00f5verdumiste suhtes ning pikaajalise t\u00f6\u00f6kindluse.<\/p>\n<p>T\u00e4ppistootmine tagab \u00fchtlase sisediameetri ja seina paksuse.<\/p>\n<div id=\"underImage\" class=\"col-xs-12 col-lg-12\">\n<p>T\u00e4ppistootmine tagab \u00fchtlase sisediameetri ja seina paksuse.<\/p>\n<\/div>\n","protected":false},"featured_media":4770,"template":"","meta":{"_acf_changed":false,"_seopress_robots_primary_cat":"","_seopress_titles_title":"","_seopress_titles_desc":"","_seopress_robots_index":"","_gspb_post_css":""},"product_brand":[],"product_cat":[1101,1092,15,1120],"product_tag":[],"class_list":{"0":"post-4679","1":"product","2":"type-product","3":"status-publish","4":"has-post-thumbnail","6":"product_cat-imbkastmine","7":"product_cat-kastmissusteemid","8":"product_cat-koik-kategooriad","9":"product_cat-pe-torud","11":"first","12":"instock","13":"taxable","14":"shipping-taxable","15":"purchasable","16":"product-type-simple"},"ct_brands":[],"acf":[],"_links":{"self":[{"href":"https:\/\/agrozone.ee\/fi\/wp-json\/wp\/v2\/product\/4679","targetHints":{"allow":["GET"]}}],"collection":[{"href":"https:\/\/agrozone.ee\/fi\/wp-json\/wp\/v2\/product"}],"about":[{"href":"https:\/\/agrozone.ee\/fi\/wp-json\/wp\/v2\/types\/product"}],"wp:featuredmedia":[{"embeddable":true,"href":"https:\/\/agrozone.ee\/fi\/wp-json\/wp\/v2\/media\/4770"}],"wp:attachment":[{"href":"https:\/\/agrozone.ee\/fi\/wp-json\/wp\/v2\/media?parent=4679"}],"wp:term":[{"taxonomy":"product_brand","embeddable":true,"href":"https:\/\/agrozone.ee\/fi\/wp-json\/wp\/v2\/product_brand?post=4679"},{"taxonomy":"product_cat","embeddable":true,"href":"https:\/\/agrozone.ee\/fi\/wp-json\/wp\/v2\/product_cat?post=4679"},{"taxonomy":"product_tag","embeddable":true,"href":"https:\/\/agrozone.ee\/fi\/wp-json\/wp\/v2\/product_tag?post=4679"}],"curies":[{"name":"wp","href":"https:\/\/api.w.org\/{rel}","templated":true}]}}