{"id":4697,"date":"2024-06-09T16:06:01","date_gmt":"2024-06-09T13:06:01","guid":{"rendered":"https:\/\/agrozone.ee\/?post_type=product&#038;p=4697"},"modified":"2025-06-10T12:42:27","modified_gmt":"2025-06-10T10:42:27","slug":"kasvuhoonekile-teip-16cm-x-15m-folitec","status":"publish","type":"product","link":"https:\/\/agrozone.ee\/fi\/tuote\/kasvuhoonekile-teip-16cm-x-15m-folitec\/","title":{"rendered":"Kasvuhoonekile teip 16cm x 15m Folitec"},"content":{"rendered":"<p><strong>Folitec High UV tape:<\/strong>\u00a0 Uus, niiskuskindel, \u00fchepoolne liim, spetsiaalne parandus kasvuhoone- ja tunnelkile.<\/p>\n<p>Parem kvaliteet. \u00c4\u00e4rmuslik nakkej\u00f5ud k\u00fclmas, kuumuses ja niiskuses.<\/p>\n<p>5 aastat UV-stabiilne tugimaterjal.<\/p>\n<p>&nbsp;<\/p>\n<p><strong>Kasutusala:<\/strong> Indoor Outdoor P\u00f5llumajandus Aiandus<\/p>\n<p><strong>V\u00e4rvus:<\/strong> L\u00e4bipaistev<\/p>\n<p><strong>M\u00f5\u00f5dud:<\/strong>\u00a0 \u00a0 16 cm x 15 m<\/p>\n","protected":false},"excerpt":{"rendered":"<p><strong>Folitec High UV tape:<\/strong>\u00a0 Uus, niiskuskindel, \u00fchepoolne liim, spetsiaalne parandus kasvuhoone- ja tunnelkile.<\/p>\n<p>Parem kvaliteet. \u00c4\u00e4rmuslik nakkej\u00f5ud k\u00fclmas, kuumuses ja niiskuses.<\/p>\n<p>5 aastat UV-stabiilne tugimaterjal.<\/p>\n<p><strong>Kasutusala:<\/strong> Indoor Outdoor P\u00f5llumajandus Aiandus<\/p>\n<p><strong>V\u00e4rvus:<\/strong> L\u00e4bipaistev<\/p>\n<p><strong>M\u00f5\u00f5dud:<\/strong>\u00a0 \u00a0 16 cm x 15 m<\/p>\n","protected":false},"featured_media":4775,"template":"","meta":{"_acf_changed":false,"_seopress_robots_primary_cat":"none","_seopress_titles_title":"","_seopress_titles_desc":"","_seopress_robots_index":"","_gspb_post_css":""},"product_brand":[],"product_cat":[149,502,233,15,174],"product_tag":[],"class_list":{"0":"post-4697","1":"product","2":"type-product","3":"status-publish","4":"has-post-thumbnail","6":"product_cat-aiatarvikud","7":"product_cat-kasvuhooned-tarvikud","8":"product_cat-kasvuhoonekiled","9":"product_cat-koik-kategooriad","10":"product_cat-taime-ja-pinnasekatted","12":"first","13":"instock","14":"taxable","15":"shipping-taxable","16":"purchasable","17":"product-type-simple"},"ct_brands":[],"acf":[],"_links":{"self":[{"href":"https:\/\/agrozone.ee\/fi\/wp-json\/wp\/v2\/product\/4697","targetHints":{"allow":["GET"]}}],"collection":[{"href":"https:\/\/agrozone.ee\/fi\/wp-json\/wp\/v2\/product"}],"about":[{"href":"https:\/\/agrozone.ee\/fi\/wp-json\/wp\/v2\/types\/product"}],"wp:featuredmedia":[{"embeddable":true,"href":"https:\/\/agrozone.ee\/fi\/wp-json\/wp\/v2\/media\/4775"}],"wp:attachment":[{"href":"https:\/\/agrozone.ee\/fi\/wp-json\/wp\/v2\/media?parent=4697"}],"wp:term":[{"taxonomy":"product_brand","embeddable":true,"href":"https:\/\/agrozone.ee\/fi\/wp-json\/wp\/v2\/product_brand?post=4697"},{"taxonomy":"product_cat","embeddable":true,"href":"https:\/\/agrozone.ee\/fi\/wp-json\/wp\/v2\/product_cat?post=4697"},{"taxonomy":"product_tag","embeddable":true,"href":"https:\/\/agrozone.ee\/fi\/wp-json\/wp\/v2\/product_tag?post=4697"}],"curies":[{"name":"wp","href":"https:\/\/api.w.org\/{rel}","templated":true}]}}