{"id":4698,"date":"2024-06-09T16:06:01","date_gmt":"2024-06-09T13:06:01","guid":{"rendered":"https:\/\/agrozone.ee\/?post_type=product&#038;p=4698"},"modified":"2026-03-26T13:49:36","modified_gmt":"2026-03-26T11:49:36","slug":"taimekaitseprits-akuga-solo-206-6l-olale","status":"publish","type":"product","link":"https:\/\/agrozone.ee\/fi\/tuote\/taimekaitseprits-akuga-solo-206-6l-olale\/","title":{"rendered":"Taimekaitseprits akuga SOLO 206 6L \u00f5lale"},"content":{"rendered":"<p><strong>Kirjeldus<\/strong><br \/>\n<strong>Akupihusti SOLO EASY 206.<\/strong> Vaikne, ilma heitmeteta: kaitske oma taimi moodsa akupihustiga SOLO 206. Pihustamine ilma k\u00e4sitsi pumpamiseta p\u00fcsiva sissepritser\u00f5huga. Kerge ja k\u00e4ep\u00e4rane 6L seade. Suur aku mahutavus kuni 170 minutiks t\u00f6\u00f6ks vaid kahetunnise laadimisega. Praktiline kokkupandav k\u00e4epide, \u00f5larihm ja spiraaltoruga. Tugev UV-kaitsega anum ja konteineri stabiilne alus. Ergonoomiline k\u00e4siklapp ja purunematu pihustusvarras.<\/p>\n<p><strong>Tehniline informatsioon:<\/strong><br \/>\n<strong>Maht:<\/strong> 6 l<br \/>\n<strong>Netokaal:<\/strong> 2,2 kg<br \/>\n<strong>Pihustustoru pikkus:<\/strong> 50 cm<br \/>\n<strong>Aku:<\/strong> liitiumioon<br \/>\n<strong>V\u00f5imsus:<\/strong> 11,1 V\/2,5 Ah<\/p>\n","protected":false},"excerpt":{"rendered":"<p><strong>Akupihusti SOLO EASY 206.<\/strong> Vaikne, ilma heitmeteta: kaitske oma taimi moodsa akupihustiga SOLO 206. Pihustamine ilma k\u00e4sitsi pumpamiseta p\u00fcsiva sissepritser\u00f5huga. Kerge ja k\u00e4ep\u00e4rane 6L seade. Suur aku mahutavus kuni 170 minutiks t\u00f6\u00f6ks vaid kahetunnise laadimisega. Praktiline kokkupandav k\u00e4epide, \u00f5larihm ja spiraaltoruga. Tugev UV-kaitsega anum ja konteineri stabiilne alus. Ergonoomiline k\u00e4siklapp ja purunematu pihustusvarras.<\/p>\n","protected":false},"featured_media":4777,"template":"","meta":{"_acf_changed":false,"_seopress_robots_primary_cat":"","_seopress_titles_title":"","_seopress_titles_desc":"","_seopress_robots_index":"","_gspb_post_css":""},"product_brand":[],"product_cat":[149,15,162],"product_tag":[],"class_list":{"0":"post-4698","1":"product","2":"type-product","3":"status-publish","4":"has-post-thumbnail","6":"product_cat-aiatarvikud","7":"product_cat-koik-kategooriad","8":"product_cat-pritsid","10":"first","11":"outofstock","12":"taxable","13":"shipping-taxable","14":"purchasable","15":"product-type-simple"},"ct_brands":[],"acf":[],"_links":{"self":[{"href":"https:\/\/agrozone.ee\/fi\/wp-json\/wp\/v2\/product\/4698","targetHints":{"allow":["GET"]}}],"collection":[{"href":"https:\/\/agrozone.ee\/fi\/wp-json\/wp\/v2\/product"}],"about":[{"href":"https:\/\/agrozone.ee\/fi\/wp-json\/wp\/v2\/types\/product"}],"wp:featuredmedia":[{"embeddable":true,"href":"https:\/\/agrozone.ee\/fi\/wp-json\/wp\/v2\/media\/4777"}],"wp:attachment":[{"href":"https:\/\/agrozone.ee\/fi\/wp-json\/wp\/v2\/media?parent=4698"}],"wp:term":[{"taxonomy":"product_brand","embeddable":true,"href":"https:\/\/agrozone.ee\/fi\/wp-json\/wp\/v2\/product_brand?post=4698"},{"taxonomy":"product_cat","embeddable":true,"href":"https:\/\/agrozone.ee\/fi\/wp-json\/wp\/v2\/product_cat?post=4698"},{"taxonomy":"product_tag","embeddable":true,"href":"https:\/\/agrozone.ee\/fi\/wp-json\/wp\/v2\/product_tag?post=4698"}],"curies":[{"name":"wp","href":"https:\/\/api.w.org\/{rel}","templated":true}]}}