{"id":47421,"date":"2025-02-26T11:47:23","date_gmt":"2025-02-26T09:47:23","guid":{"rendered":"https:\/\/agrozone.ee\/toode\/perunapussi-kasvihuppu-juutista\/"},"modified":"2025-02-26T11:47:23","modified_gmt":"2025-02-26T09:47:23","slug":"perunapussi-kasvihuppu-juutista","status":"publish","type":"product","link":"https:\/\/agrozone.ee\/fi\/tuote\/perunapussi-kasvihuppu-juutista\/","title":{"rendered":"Perunapussi \/ kasvihuppu juutista"},"content":{"rendered":"<p>Monipuolinen ja ymp\u00e4rist\u00f6yst\u00e4v\u00e4llinen ratkaisu puutarhaan! Luonnonjuutista valmistettu pussi\/huppu on ihanteellinen sek\u00e4 hedelmien s\u00e4ilytykseen ett\u00e4 kasvien suojaamiseen ep\u00e4suotuisilta s\u00e4\u00e4olosuhteilta. <\/p>\n<p>Luonnonv\u00e4rinen juuttikasvipeite, suojaa kylm\u00e4lt\u00e4, tuulelta, pakkaselta ja auringolta.<\/p>\n<p>Valmistettu 100 % juutista, joka on biohajoavaa ja ymp\u00e4rist\u00f6yst\u00e4v\u00e4llist\u00e4.<\/p>\n<p>Leveys 60 cm, korkeus 90 cm, 330 g\/m2<\/p>\n","protected":false},"excerpt":{"rendered":"<p>Monipuolinen ja ymp\u00e4rist\u00f6yst\u00e4v\u00e4llinen ratkaisu puutarhaan! Luonnonjuutista valmistettu pussi\/huppu on ihanteellinen sek\u00e4 hedelmien s\u00e4ilytykseen ett\u00e4 kasvien suojaamiseen ep\u00e4suotuisilta s\u00e4\u00e4olosuhteilta. Luonnonv\u00e4rinen juuttikasvipeite, suojaa kylm\u00e4lt\u00e4, tuulelta, pakkaselta ja auringolta. Valmistettu 100 % juutista, joka on biohajoavaa ja ymp\u00e4rist\u00f6yst\u00e4v\u00e4llist\u00e4. Leveys 60 cm, korkeus 90 cm, 330 g\/m2<\/p>\n","protected":false},"featured_media":47358,"template":"","meta":{"_acf_changed":false,"_seopress_robots_primary_cat":"","_seopress_titles_title":"","_seopress_titles_desc":"","_seopress_robots_index":"","_seopress_analysis_target_kw":"","_gspb_post_css":""},"product_brand":[],"product_cat":[2392,2368,2363,2378],"product_tag":[],"class_list":{"0":"post-47421","1":"product","2":"type-product","3":"status-publish","4":"has-post-thumbnail","6":"product_cat-kaikki-luokat","7":"product_cat-kasvihuoneet-lisavarusteet","8":"product_cat-puutarhatarvikkeet","9":"product_cat-verkkopussi","11":"first","12":"outofstock","13":"featured","14":"taxable","15":"shipping-taxable","16":"purchasable","17":"product-type-simple"},"ct_brands":[],"acf":[],"_links":{"self":[{"href":"https:\/\/agrozone.ee\/fi\/wp-json\/wp\/v2\/product\/47421","targetHints":{"allow":["GET"]}}],"collection":[{"href":"https:\/\/agrozone.ee\/fi\/wp-json\/wp\/v2\/product"}],"about":[{"href":"https:\/\/agrozone.ee\/fi\/wp-json\/wp\/v2\/types\/product"}],"wp:featuredmedia":[{"embeddable":true,"href":"https:\/\/agrozone.ee\/fi\/wp-json\/wp\/v2\/media\/47358"}],"wp:attachment":[{"href":"https:\/\/agrozone.ee\/fi\/wp-json\/wp\/v2\/media?parent=47421"}],"wp:term":[{"taxonomy":"product_brand","embeddable":true,"href":"https:\/\/agrozone.ee\/fi\/wp-json\/wp\/v2\/product_brand?post=47421"},{"taxonomy":"product_cat","embeddable":true,"href":"https:\/\/agrozone.ee\/fi\/wp-json\/wp\/v2\/product_cat?post=47421"},{"taxonomy":"product_tag","embeddable":true,"href":"https:\/\/agrozone.ee\/fi\/wp-json\/wp\/v2\/product_tag?post=47421"}],"curies":[{"name":"wp","href":"https:\/\/api.w.org\/{rel}","templated":true}]}}