{"id":47426,"date":"2025-02-26T11:27:42","date_gmt":"2025-02-26T09:27:42","guid":{"rendered":"https:\/\/agrozone.ee\/?post_type=product&#038;p=47426"},"modified":"2025-03-04T10:46:41","modified_gmt":"2025-03-04T08:46:41","slug":"metallikyna-300x100x20-cm","status":"publish","type":"product","link":"https:\/\/agrozone.ee\/fi\/tuote\/metallikyna-300x100x20-cm\/","title":{"rendered":"Metallikyn\u00e4 300x100x20 cm"},"content":{"rendered":"<p data-sourcepos=\"1:1-1:201\">Kaareva metallipenni, ruskea, 300x100x20cm.<\/p>\n<p data-sourcepos=\"1:1-1:201\">Korotettu s\u00e4nky kest\u00e4\u00e4 paljon kauemmin kuin puulaudoista tehty s\u00e4nky, koska se on korroosionkest\u00e4v\u00e4 eik\u00e4 sit\u00e4 tarvitse suojata talveksi.<\/p>\n<p data-sourcepos=\"3:1-7:83\">Ter\u00e4ss\u00e4ngyn etuja ovat:<\/p>\n<ul>\n<li data-sourcepos=\"3:1-7:83\">Metallipinnat eiv\u00e4t sovellu sienien ja muiden puutarhatuholaisten kehittymiselle. T\u00e4m\u00e4 ominaisuus on erityisen hy\u00f6dyllinen puutarhureille, jotka k\u00e4ytt\u00e4v\u00e4t t\u00e4t\u00e4 kasvia kasvihuoneessa. <\/li>\n<li data-sourcepos=\"3:1-7:83\">Tehtaalla rakennettu istutin on helppo purkaa, mik\u00e4 tekee tuotteesta siirrett\u00e4v\u00e4n. Asennus ja purkaminen on eritt\u00e4in nopeaa ja helppoa. Tarvittaessa s\u00e4nky voidaan siirt\u00e4\u00e4 paikasta toiseen.  <\/li>\n<li data-sourcepos=\"3:1-7:83\">Keveytens\u00e4 ansiosta Peenart voidaan koota itse. Yksi henkil\u00f6 voi tehd\u00e4 ty\u00f6n. <\/li>\n<\/ul>\n<p data-sourcepos=\"9:1-11:47\">Kynien k\u00e4yt\u00f6n t\u00e4rkeimm\u00e4t edut ovat:<\/p>\n<ul>\n<li data-sourcepos=\"9:1-11:47\">Vitamiinit ja lannoitteet menev\u00e4t suoraan maaper\u00e4\u00e4n.<\/li>\n<li data-sourcepos=\"9:1-11:47\">Maaper\u00e4 ei huuhtoudu pois, eiv\u00e4tk\u00e4 s\u00e4ngyn reunat siirry.<\/li>\n<\/ul>\n","protected":false},"excerpt":{"rendered":"<p>Kaareva metallipenni, ruskea, 300x100x20cm. Korotettu s\u00e4nky kest\u00e4\u00e4 paljon kauemmin kuin puulaudoista tehty s\u00e4nky, koska se on korroosionkest\u00e4v\u00e4 eik\u00e4 sit\u00e4 tarvitse suojata talveksi. Ter\u00e4ss\u00e4ngyn etuja ovat: Metallipinnat eiv\u00e4t sovellu sienien ja muiden puutarhatuholaisten kehittymiselle. T\u00e4m\u00e4 ominaisuus on erityisen hy\u00f6dyllinen puutarhureille, jotka k\u00e4ytt\u00e4v\u00e4t t\u00e4t\u00e4 kasvia kasvihuoneessa. Tehtaalla rakennettu istutin on helppo purkaa, mik\u00e4 tekee tuotteesta siirrett\u00e4v\u00e4n. Asennus [&hellip;]<\/p>\n","protected":false},"featured_media":47343,"template":"","meta":{"_acf_changed":false,"_seopress_robots_primary_cat":"none","_seopress_titles_title":"","_seopress_titles_desc":"","_seopress_robots_index":"","_gspb_post_css":""},"product_brand":[],"product_cat":[2392,2368,2363],"product_tag":[],"class_list":{"0":"post-47426","1":"product","2":"type-product","3":"status-publish","4":"has-post-thumbnail","6":"product_cat-kaikki-luokat","7":"product_cat-kasvihuoneet-lisavarusteet","8":"product_cat-puutarhatarvikkeet","10":"first","11":"instock","12":"featured","13":"taxable","14":"shipping-taxable","15":"purchasable","16":"product-type-simple"},"ct_brands":[],"acf":[],"_links":{"self":[{"href":"https:\/\/agrozone.ee\/fi\/wp-json\/wp\/v2\/product\/47426","targetHints":{"allow":["GET"]}}],"collection":[{"href":"https:\/\/agrozone.ee\/fi\/wp-json\/wp\/v2\/product"}],"about":[{"href":"https:\/\/agrozone.ee\/fi\/wp-json\/wp\/v2\/types\/product"}],"wp:featuredmedia":[{"embeddable":true,"href":"https:\/\/agrozone.ee\/fi\/wp-json\/wp\/v2\/media\/47343"}],"wp:attachment":[{"href":"https:\/\/agrozone.ee\/fi\/wp-json\/wp\/v2\/media?parent=47426"}],"wp:term":[{"taxonomy":"product_brand","embeddable":true,"href":"https:\/\/agrozone.ee\/fi\/wp-json\/wp\/v2\/product_brand?post=47426"},{"taxonomy":"product_cat","embeddable":true,"href":"https:\/\/agrozone.ee\/fi\/wp-json\/wp\/v2\/product_cat?post=47426"},{"taxonomy":"product_tag","embeddable":true,"href":"https:\/\/agrozone.ee\/fi\/wp-json\/wp\/v2\/product_tag?post=47426"}],"curies":[{"name":"wp","href":"https:\/\/api.w.org\/{rel}","templated":true}]}}