{"id":47432,"date":"2025-02-27T12:02:41","date_gmt":"2025-02-27T10:02:41","guid":{"rendered":"https:\/\/agrozone.ee\/toode\/riippuva-narsissi-silky-pink\/"},"modified":"2025-02-27T12:02:41","modified_gmt":"2025-02-27T10:02:41","slug":"riippuva-narsissi-silky-pink","status":"publish","type":"product","link":"https:\/\/agrozone.ee\/fi\/tuote\/riippuva-narsissi-silky-pink\/","title":{"rendered":"Riippuva narsissi Silky Pink"},"content":{"rendered":"<ul>\n<li data-sourcepos=\"3:1-3:634\">Monivuotinen k\u00e4\u00e4pi\u00f6kasvi, 20 cm pitk\u00e4.<\/li>\n<li data-sourcepos=\"3:1-3:634\">Kukat ovat kirkkaita; kukkia on niin paljon, ett\u00e4 kasvin lehdet ovat l\u00e4hes n\u00e4kym\u00e4tt\u00f6miss\u00e4.<\/li>\n<li data-sourcepos=\"3:1-3:634\">Kukkii runsaasti ensimm\u00e4isen\u00e4 vuonna kylv\u00f6n j\u00e4lkeen.<\/li>\n<li data-sourcepos=\"3:1-3:634\">Ihanteellinen matalien kasvien kasvattamiseen kukkapuutarhoissa, ruukuissa ja reunustoissa.<\/li>\n<li data-sourcepos=\"3:1-3:634\">Koska se kukkii runsaasti ja pitk\u00e4\u00e4n, se sopii hyvin yhteen muiden kukkien kanssa.<\/li>\n<li data-sourcepos=\"3:1-3:634\">Taimet istutetaan kukkapenkkiin.<\/li>\n<li data-sourcepos=\"3:1-3:634\">Se kasvaa parhaiten aurinkoisilla paikoilla, hedelm\u00e4llisess\u00e4 ja l\u00e4p\u00e4isev\u00e4ss\u00e4 maaper\u00e4ss\u00e4.<\/li>\n<li data-sourcepos=\"3:1-3:634\">Ruukkukasvatuksessa tarvitaan lis\u00e4lannoitusta nestem\u00e4isill\u00e4 lannoitteilla.<\/li>\n<li data-sourcepos=\"3:1-3:634\">Kasvit voidaan siirt\u00e4\u00e4 ulos, kun pakkaset ovat ohi.<\/li>\n<li data-sourcepos=\"3:1-3:634\">20 siement\u00e4 riitt\u00e4\u00e4 2 m\u00b2:n kukkapenkkiin tai 10-15 ruukkuun.<\/li>\n<\/ul>\n<p data-sourcepos=\"5:1-7:20\">Kylv\u00f6aika kasvihuoneessa: III-IV<\/p>\n<p data-sourcepos=\"5:1-7:20\">V\u00e4lit, cm: 25&#215;25<\/p>\n<p data-sourcepos=\"5:1-7:20\">Sadonkorjuu: VI-IX<\/p>\n","protected":false},"excerpt":{"rendered":"<p>Silene Turkki<\/p>\n","protected":false},"featured_media":47375,"template":"","meta":{"_acf_changed":false,"_seopress_robots_primary_cat":"","_seopress_titles_title":"","_seopress_titles_desc":"","_seopress_robots_index":"","_gspb_post_css":""},"product_brand":[],"product_cat":[2430,2392,2423,2429,2399],"product_tag":[],"class_list":{"0":"post-47432","1":"product","2":"type-product","3":"status-publish","4":"has-post-thumbnail","6":"product_cat-muut","7":"product_cat-kaikki-luokat","8":"product_cat-kukkien-siemenet","9":"product_cat-monivuotiset","10":"product_cat-siemenet","12":"first","13":"instock","14":"taxable","15":"shipping-taxable","16":"purchasable","17":"product-type-simple"},"ct_brands":[],"acf":[],"_links":{"self":[{"href":"https:\/\/agrozone.ee\/fi\/wp-json\/wp\/v2\/product\/47432","targetHints":{"allow":["GET"]}}],"collection":[{"href":"https:\/\/agrozone.ee\/fi\/wp-json\/wp\/v2\/product"}],"about":[{"href":"https:\/\/agrozone.ee\/fi\/wp-json\/wp\/v2\/types\/product"}],"wp:featuredmedia":[{"embeddable":true,"href":"https:\/\/agrozone.ee\/fi\/wp-json\/wp\/v2\/media\/47375"}],"wp:attachment":[{"href":"https:\/\/agrozone.ee\/fi\/wp-json\/wp\/v2\/media?parent=47432"}],"wp:term":[{"taxonomy":"product_brand","embeddable":true,"href":"https:\/\/agrozone.ee\/fi\/wp-json\/wp\/v2\/product_brand?post=47432"},{"taxonomy":"product_cat","embeddable":true,"href":"https:\/\/agrozone.ee\/fi\/wp-json\/wp\/v2\/product_cat?post=47432"},{"taxonomy":"product_tag","embeddable":true,"href":"https:\/\/agrozone.ee\/fi\/wp-json\/wp\/v2\/product_tag?post=47432"}],"curies":[{"name":"wp","href":"https:\/\/api.w.org\/{rel}","templated":true}]}}