{"id":47434,"date":"2025-02-27T11:57:18","date_gmt":"2025-02-27T09:57:18","guid":{"rendered":"https:\/\/agrozone.ee\/toode\/valkoinen-sinappi-4-kg-braco\/"},"modified":"2025-05-13T10:35:04","modified_gmt":"2025-05-13T08:35:04","slug":"valkoinen-sinappi-4-kg-braco","status":"publish","type":"product","link":"https:\/\/agrozone.ee\/fi\/tuote\/valkoinen-sinappi-4-kg-braco\/","title":{"rendered":"Valkoinen sinappi 4 kg BRACO"},"content":{"rendered":"<ul>\n<li>Valkosinappia viljell\u00e4\u00e4n siiderikasvina sek\u00e4 avomaalla ett\u00e4 kasvihuoneissa perunoiden, vihannesten tai yksivuotisten kasvien sadonkorjuun j\u00e4lkeen.<\/li>\n<li>Sinappia voidaan kylv\u00e4\u00e4 koko kasvukauden ajan, ja sen siemenet it\u00e4v\u00e4t eritt\u00e4in nopeasti.<\/li>\n<li>Maaper\u00e4\u00e4 voidaan siis parantaa my\u00f6s my\u00f6h\u00e4isen sadonkorjuun j\u00e4lkeen.<\/li>\n<li>Sen eteeriset \u00f6ljyt ovat erinomaisia maaper\u00e4n desinfiointiaineita.<\/li>\n<li>Viherlannoituksen k\u00e4ytt\u00f6m\u00e4\u00e4r\u00e4 on 20-25 kg hehtaaria kohti.<\/li>\n<li>4 kg noin 2000 m2<\/li>\n<\/ul>\n<p data-sourcepos=\"1:1-1:134\">Valkosinappi on monipuolinen kasvi, jolla on monia k\u00e4ytt\u00f6tarkoituksia. Seuraavassa on lueteltu joitakin t\u00e4rkeimpi\u00e4 k\u00e4ytt\u00f6alueita: <\/p>\n<ul data-sourcepos=\"3:1-21:0\">\n<li data-sourcepos=\"3:1-7:151\"><strong>Viherlannoitus:<\/strong>\n<ul data-sourcepos=\"4:5-7:151\">\n<li data-sourcepos=\"4:5-4:125\">Valkosinappia kylvet\u00e4\u00e4n usein muiden viljelykasvien sadonkorjuun j\u00e4lkeen maan rakenteen ja hedelm\u00e4llisyyden parantamiseksi.<\/li>\n<li data-sourcepos=\"5:5-5:108\">Sinappi kasvaa nopeasti, ja sen juuret rikkovat tiivistynytt\u00e4 maata, mik\u00e4 parantaa ilman- ja vedenl\u00e4p\u00e4isevyytt\u00e4.<\/li>\n<li data-sourcepos=\"6:5-6:119\">Sinapin maanp\u00e4\u00e4llinen osa sis\u00e4lt\u00e4\u00e4 runsaasti orgaanista ainesta, joka lis\u00e4\u00e4 maaper\u00e4n humuspitoisuutta, kun se imeytyy maahan.<\/li>\n<li data-sourcepos=\"7:5-7:151\">Lis\u00e4ksi valkosinapin juuret ja latvat sis\u00e4lt\u00e4v\u00e4t runsaasti erilaisia ravinteita, jotka maaper\u00e4\u00e4n lis\u00e4ttyn\u00e4 parantavat huomattavasti maaper\u00e4n hedelm\u00e4llisyytt\u00e4.<\/li>\n<\/ul>\n<\/li>\n<li data-sourcepos=\"8:1-10:80\"><strong>Rikkakasvien torjunta:<\/strong>\n<ul data-sourcepos=\"9:5-10:80\">\n<li data-sourcepos=\"9:5-9:67\">Valkosinappi kasvaa nopeasti ja tihe\u00e4sti tukahduttaen rikkaruohot.<\/li>\n<li data-sourcepos=\"10:5-10:80\">Sinapin juurista vapautuvat aineet est\u00e4v\u00e4t joidenkin rikkakasvien siementen it\u00e4mist\u00e4.<\/li>\n<\/ul>\n<\/li>\n<li data-sourcepos=\"11:1-13:66\"><strong>Nematodien torjunta:<\/strong>\n<ul data-sourcepos=\"12:5-13:66\">\n<li data-sourcepos=\"12:5-12:73\">Valkosinappi torjuu tehokkaasti joitakin maaper\u00e4ss\u00e4 el\u00e4vi\u00e4 sukkulamatoja.<\/li>\n<li data-sourcepos=\"13:5-13:66\">Sinapin juurista vapautuvat aineet ovat myrkyllisi\u00e4 sukkulamatoille.<\/li>\n<\/ul>\n<\/li>\n<li data-sourcepos=\"14:1-15:58\"><strong>Maaper\u00e4n desinfiointi:<\/strong>\n<ul data-sourcepos=\"15:5-15:58\">\n<li data-sourcepos=\"15:5-15:58\">Valkosinapin eteeriset \u00f6ljyt desinfioivat maaper\u00e4n.<\/li>\n<\/ul>\n<\/li>\n<li data-sourcepos=\"16:1-17:42\"><strong>Sanansaattaja:<\/strong>\n<ul data-sourcepos=\"17:5-17:42\">\n<li data-sourcepos=\"17:5-17:42\">Valkosinapin kukat ovat hyv\u00e4 yrtti.<\/li>\n<\/ul>\n<\/li>\n<li data-sourcepos=\"18:1-21:0\"><strong>Ruoanlaitossa:<\/strong>\n<ul data-sourcepos=\"19:5-21:0\">\n<li data-sourcepos=\"19:5-19:67\">Sinapinsiemeni\u00e4 k\u00e4ytet\u00e4\u00e4n mausteena ja sinapin valmistukseen.<\/li>\n<li data-sourcepos=\"20:5-21:0\">Nuoria sinapinlehti\u00e4 voidaan k\u00e4ytt\u00e4\u00e4 salaateissa.<\/li>\n<\/ul>\n<\/li>\n<\/ul>\n<p data-sourcepos=\"22:1-22:101\">Valkosinapin viljely on helppo ja edullinen tapa parantaa maaper\u00e4n terveytt\u00e4 ja rikkakasvien torjuntaa.<\/p>\n","protected":false},"excerpt":{"rendered":"<p>Sinapis alba<\/p>\n","protected":false},"featured_media":52813,"template":"","meta":{"_acf_changed":false,"_seopress_robots_primary_cat":"","_seopress_titles_title":"","_seopress_titles_desc":"","_seopress_robots_index":"","_gspb_post_css":""},"product_brand":[],"product_cat":[2444,2392,2399],"product_tag":[],"class_list":{"0":"post-47434","1":"product","2":"type-product","3":"status-publish","4":"has-post-thumbnail","6":"product_cat-hunajakasvit-ja-valiviljelykasvit","7":"product_cat-kaikki-luokat","8":"product_cat-siemenet","10":"first","11":"outofstock","12":"taxable","13":"shipping-taxable","14":"purchasable","15":"product-type-simple"},"ct_brands":[],"acf":[],"_links":{"self":[{"href":"https:\/\/agrozone.ee\/fi\/wp-json\/wp\/v2\/product\/47434","targetHints":{"allow":["GET"]}}],"collection":[{"href":"https:\/\/agrozone.ee\/fi\/wp-json\/wp\/v2\/product"}],"about":[{"href":"https:\/\/agrozone.ee\/fi\/wp-json\/wp\/v2\/types\/product"}],"wp:featuredmedia":[{"embeddable":true,"href":"https:\/\/agrozone.ee\/fi\/wp-json\/wp\/v2\/media\/52813"}],"wp:attachment":[{"href":"https:\/\/agrozone.ee\/fi\/wp-json\/wp\/v2\/media?parent=47434"}],"wp:term":[{"taxonomy":"product_brand","embeddable":true,"href":"https:\/\/agrozone.ee\/fi\/wp-json\/wp\/v2\/product_brand?post=47434"},{"taxonomy":"product_cat","embeddable":true,"href":"https:\/\/agrozone.ee\/fi\/wp-json\/wp\/v2\/product_cat?post=47434"},{"taxonomy":"product_tag","embeddable":true,"href":"https:\/\/agrozone.ee\/fi\/wp-json\/wp\/v2\/product_tag?post=47434"}],"curies":[{"name":"wp","href":"https:\/\/api.w.org\/{rel}","templated":true}]}}