{"id":47436,"date":"2025-02-26T11:04:42","date_gmt":"2025-02-26T09:04:42","guid":{"rendered":"https:\/\/agrozone.ee\/toode\/pernaruttosieni-10-g\/"},"modified":"2025-02-26T11:04:42","modified_gmt":"2025-02-26T09:04:42","slug":"pernaruttosieni-10-g","status":"publish","type":"product","link":"https:\/\/agrozone.ee\/fi\/tuote\/pernaruttosieni-10-g\/","title":{"rendered":"Pernaruttosieni 10 g"},"content":{"rendered":"<p data-sourcepos=\"1:1-1:288\">Ravunliha on suosittu ja maukas villi sieni. Sit\u00e4 nautitaan tuoreena, yleisimmin kuivattuna, marinoituna, suolattuna tai pakastettuna. Rungot ovat suuria ja lihaisia. K\u00e4py kasvaa halkaisijaltaan jopa 30 cm:n kokoiseksi, samettimaiseksi, oranssinpunaiseksi, kellert\u00e4v\u00e4npunaiseksi. Jalka on 5-20 cm pitk\u00e4.    <\/p>\n<p data-sourcepos=\"3:1-3:277\">Viljelyvinkkej\u00e4: istutuksen tulisi tapahtua huhtikuun puoliv\u00e4lin ja lokakuun v\u00e4lisen\u00e4 aikana. Sienten istutuspaikan tulisi olla haapa- ja papupuiden seassa. Optimaalisen kasvun kannalta nuoret puut ovat suositeltavia. Istutukseen suositellaan k\u00e4ytett\u00e4v\u00e4ksi yleissubstraattia tai kompostia, jossa on korkea turvekerros.   <\/p>\n<p data-sourcepos=\"5:1-5:23\">Kasvatus ja yll\u00e4pito:<\/p>\n<ol data-sourcepos=\"6:1-12:0\">\n<li data-sourcepos=\"6:1-6:162\">Kaiva puun rungon ymp\u00e4rille kolme reik\u00e4\u00e4, joiden halkaisija on 30-40 cm ja syvyys 15 cm. Aseta rei\u00e4t 0,5-5 metrin p\u00e4\u00e4h\u00e4n puun rungosta (noin 10 kertaa rungon halkaisija). <\/li>\n<li data-sourcepos=\"7:1-7:182\">T\u00e4yt\u00e4 rei\u00e4t puoliksi valmistetulla mullalla ja aseta sitten jokaiseen reik\u00e4\u00e4n kolmannes sienilakista kustakin paketista. T\u00e4yt\u00e4 rei\u00e4t pintaa my\u00f6ten mullalla ja tiivist\u00e4 se tiukasti. <\/li>\n<li data-sourcepos=\"8:1-8:77\">Kastele istutusalue perusteellisesti (noin 1 \u00e4mp\u00e4rillinen vett\u00e4 jokaisen rei\u00e4n ymp\u00e4rille).<\/li>\n<li data-sourcepos=\"9:1-9:63\">Peit\u00e4 se lehdill\u00e4, k\u00e4vyill\u00e4, oljilla tai oksilla (esim. mets\u00e4st\u00e4).<\/li>\n<li data-sourcepos=\"10:1-10:82\">Kannusta sienten kasvua k\u00e4ytt\u00e4m\u00e4ll\u00e4 sokeriliuosta (10 g sokeria 10 litraa vett\u00e4 kohti).<\/li>\n<li data-sourcepos=\"11:1-12:0\">Jos sienien it\u00e4misen aikaan ei ole riitt\u00e4v\u00e4sti sadetta, on suositeltavaa kastella maaper\u00e4\u00e4 s\u00e4\u00e4nn\u00f6llisesti.<\/li>\n<\/ol>\n<p data-sourcepos=\"13:1-13:133\">It\u00e4minen: suotuisissa olosuhteissa sieni\u00e4 voi esiinty\u00e4 ensimm\u00e4isen\u00e4 tai toisena vuonna istutuksen j\u00e4lkeen. Sienirihmasto s\u00e4ilyy 3-4 vuotta. <\/p>\n<p data-sourcepos=\"15:1-15:70\">Tuotto: puuta kohti voidaan korjata useita kymmeni\u00e4 sieni\u00e4 vuodessa.<\/p>\n<p data-sourcepos=\"17:1-17:78\">Pakkaus: biologinen esijauhe kylv\u00f6\u00f6n &#8211; 10 g. Hedelm\u00e4llisyyden todenn\u00e4k\u00f6isyys 85-87 %. <\/p>\n<p data-sourcepos=\"19:1-19:417\">Huom. Mykorritsasienien (puun juurten ja sienten v\u00e4linen mykorritsasymbioosi) harrasteviljely ei takaa tuloksia, sill\u00e4 sienten kasvu riippuu suuresti s\u00e4\u00e4olosuhteista ja monista muista tekij\u00f6ist\u00e4. Niiden viljelyyn on luotava mahdollisimman luonnonmukaiset olosuhteet ja k\u00e4ytett\u00e4v\u00e4 myseeli\u00e4 ohjeiden mukaisesti. Sopivissa s\u00e4\u00e4olosuhteissa positiivisia tuloksia voidaan saada suhteellisen nopeasti.   <\/p>\n","protected":false},"excerpt":{"rendered":"<p>Leccinum aurantiacum<\/p>\n","protected":false},"featured_media":47308,"template":"","meta":{"_acf_changed":false,"_seopress_robots_primary_cat":"","_seopress_titles_title":"","_seopress_titles_desc":"","_seopress_robots_index":"","_gspb_post_css":""},"product_brand":[],"product_cat":[2392,2674,2399],"product_tag":[],"class_list":{"0":"post-47436","1":"product","2":"type-product","3":"status-publish","4":"has-post-thumbnail","6":"product_cat-kaikki-luokat","7":"product_cat-myseeli","8":"product_cat-siemenet","10":"first","11":"instock","12":"taxable","13":"shipping-taxable","14":"purchasable","15":"product-type-simple"},"ct_brands":[],"acf":[],"_links":{"self":[{"href":"https:\/\/agrozone.ee\/fi\/wp-json\/wp\/v2\/product\/47436","targetHints":{"allow":["GET"]}}],"collection":[{"href":"https:\/\/agrozone.ee\/fi\/wp-json\/wp\/v2\/product"}],"about":[{"href":"https:\/\/agrozone.ee\/fi\/wp-json\/wp\/v2\/types\/product"}],"wp:featuredmedia":[{"embeddable":true,"href":"https:\/\/agrozone.ee\/fi\/wp-json\/wp\/v2\/media\/47308"}],"wp:attachment":[{"href":"https:\/\/agrozone.ee\/fi\/wp-json\/wp\/v2\/media?parent=47436"}],"wp:term":[{"taxonomy":"product_brand","embeddable":true,"href":"https:\/\/agrozone.ee\/fi\/wp-json\/wp\/v2\/product_brand?post=47436"},{"taxonomy":"product_cat","embeddable":true,"href":"https:\/\/agrozone.ee\/fi\/wp-json\/wp\/v2\/product_cat?post=47436"},{"taxonomy":"product_tag","embeddable":true,"href":"https:\/\/agrozone.ee\/fi\/wp-json\/wp\/v2\/product_tag?post=47436"}],"curies":[{"name":"wp","href":"https:\/\/api.w.org\/{rel}","templated":true}]}}