{"id":47441,"date":"2025-02-26T11:00:28","date_gmt":"2025-02-26T09:00:28","guid":{"rendered":"https:\/\/agrozone.ee\/toode\/kukkasieni-10-g\/"},"modified":"2025-08-24T14:39:47","modified_gmt":"2025-08-24T12:39:47","slug":"kukkasieni-10-g","status":"publish","type":"product","link":"https:\/\/agrozone.ee\/fi\/tuote\/kukkasieni-10-g\/","title":{"rendered":"Kantarellin rihmasto 10 g"},"content":{"rendered":"<p data-sourcepos=\"1:1-1:561\">Kantarellin on suosittu ja maukas luonnonvarainen sieni. Sit\u00e4 sy\u00f6d\u00e4\u00e4n tuoreena, yleens\u00e4 kuivattuna, marinoituna, suolattuna, pakastettuna tai jauhettuna mausteena, eik\u00e4 se k\u00e4rsi juuri koskaan hy\u00f6nteistuhoista. Nuorilla sienill\u00e4 on lihaisa, ulkoneva lakki ja kypsill\u00e4 sienill\u00e4 lautasen tai kulhon muotoinen, jossa on ep\u00e4s\u00e4\u00e4nn\u00f6llisesti kaarevat reunat. Lakin v\u00e4ri on yleens\u00e4 kirkkaan keltainen, joskus oranssi tai vaaleankeltainen. Jalka on lyhyt, karkea ja kapenee tyven suuntaan. Sienell\u00e4 on ominainen hedelm\u00e4inen tuoksu ja voimakas miellytt\u00e4v\u00e4 maku, jossa on joskus hieman katkeruutta.     <\/p>\n<p data-sourcepos=\"3:1-3:374\">Viljelyvihjeit\u00e4: istutuksen tulisi tapahtua huhtikuun puoliv\u00e4list\u00e4 lokakuuhun. Ihanteellinen istutuspaikka t\u00e4lle sienelle on havupuut, mutta se sopii my\u00f6s tammille, py\u00f6kille ja kuusille. Sit\u00e4 tavataan usein m\u00e4nty- ja p\u00e4hkin\u00e4pensaan alla. Optimaalisen kasvun kannalta nuoret puut ovat suositeltavia. Istutuksessa suositellaan k\u00e4ytett\u00e4v\u00e4ksi yleissubstraattia tai kompostia, jossa on korkea turvekerros.    <\/p>\n<p data-sourcepos=\"5:1-5:23\">Kasvatus ja yll\u00e4pito:<\/p>\n<ol data-sourcepos=\"6:1-12:0\">\n<li data-sourcepos=\"6:1-6:162\">Kaiva puun rungon ymp\u00e4rille kolme reik\u00e4\u00e4, joiden halkaisija on 30-40 cm ja syvyys 15 cm. Aseta rei\u00e4t 0,5-5 metrin p\u00e4\u00e4h\u00e4n puun rungosta (noin 10 kertaa rungon halkaisija). <\/li>\n<li data-sourcepos=\"7:1-7:182\">T\u00e4yt\u00e4 rei\u00e4t puoliksi valmistetulla mullalla ja aseta sitten jokaiseen reik\u00e4\u00e4n kolmasosa sienilakista kustakin paketista. T\u00e4yt\u00e4 rei\u00e4t pintaa my\u00f6ten mullalla ja tiivist\u00e4 se tiukasti. <\/li>\n<li data-sourcepos=\"8:1-8:77\">Kastele istutusalue perusteellisesti (noin 1 \u00e4mp\u00e4rillinen vett\u00e4 jokaisen rei\u00e4n ymp\u00e4rille).<\/li>\n<li data-sourcepos=\"9:1-9:63\">Peit\u00e4 se lehdill\u00e4, k\u00e4vyill\u00e4, oljilla tai oksilla (esim. mets\u00e4st\u00e4).<\/li>\n<li data-sourcepos=\"10:1-10:82\">Kannusta sienten kasvua k\u00e4ytt\u00e4m\u00e4ll\u00e4 sokeriliuosta (10 g sokeria 10 litraa vett\u00e4 kohti).<\/li>\n<li data-sourcepos=\"11:1-12:0\">Jos sienien it\u00e4misen aikaan ei ole riitt\u00e4v\u00e4sti sadetta, on suositeltavaa kastella maaper\u00e4\u00e4 s\u00e4\u00e4nn\u00f6llisesti.<\/li>\n<\/ol>\n<p data-sourcepos=\"13:1-13:133\">It\u00e4minen: suotuisissa olosuhteissa sieni\u00e4 voi esiinty\u00e4 ensimm\u00e4isen\u00e4 tai toisena vuonna istutuksen j\u00e4lkeen. Sienirihmasto s\u00e4ilyy 3-4 vuotta. <\/p>\n<p data-sourcepos=\"15:1-15:70\">Tuotto: puuta kohti voidaan korjata useita kymmeni\u00e4 sieni\u00e4 vuodessa.<\/p>\n<p data-sourcepos=\"17:1-17:78\">Pakkaus: biologinen esijauhe kylv\u00f6\u00f6n - 10 g. Hedelm\u00e4llisyyden todenn\u00e4k\u00f6isyys 85-87 %. <\/p>\n<p data-sourcepos=\"19:1-19:417\">Huom. Mykorritsasienien (puun juurten ja sienten v\u00e4linen mykorritsasymbioosi) harrasteviljely ei takaa tuloksia, sill\u00e4 sienten kasvu riippuu suuresti s\u00e4\u00e4olosuhteista ja monista muista tekij\u00f6ist\u00e4. Niiden viljelyyn on luotava mahdollisimman luonnonmukaiset olosuhteet ja k\u00e4ytett\u00e4v\u00e4 myseeli\u00e4 ohjeiden mukaisesti. Sopivissa s\u00e4\u00e4olosuhteissa positiivisia tuloksia voidaan saada suhteellisen nopeasti.   <\/p>\n","protected":false},"excerpt":{"rendered":"<p>Cantharellus cibarius<\/p>\n","protected":false},"featured_media":47293,"template":"","meta":{"_acf_changed":false,"_seopress_robots_primary_cat":"","_seopress_titles_title":"","_seopress_titles_desc":"","_seopress_robots_index":"","_gspb_post_css":""},"product_brand":[],"product_cat":[2392,2674,2399],"product_tag":[],"class_list":{"0":"post-47441","1":"product","2":"type-product","3":"status-publish","4":"has-post-thumbnail","6":"product_cat-kaikki-luokat","7":"product_cat-myseeli","8":"product_cat-siemenet","10":"first","11":"instock","12":"taxable","13":"shipping-taxable","14":"purchasable","15":"product-type-simple"},"ct_brands":[],"acf":[],"_links":{"self":[{"href":"https:\/\/agrozone.ee\/fi\/wp-json\/wp\/v2\/product\/47441","targetHints":{"allow":["GET"]}}],"collection":[{"href":"https:\/\/agrozone.ee\/fi\/wp-json\/wp\/v2\/product"}],"about":[{"href":"https:\/\/agrozone.ee\/fi\/wp-json\/wp\/v2\/types\/product"}],"wp:featuredmedia":[{"embeddable":true,"href":"https:\/\/agrozone.ee\/fi\/wp-json\/wp\/v2\/media\/47293"}],"wp:attachment":[{"href":"https:\/\/agrozone.ee\/fi\/wp-json\/wp\/v2\/media?parent=47441"}],"wp:term":[{"taxonomy":"product_brand","embeddable":true,"href":"https:\/\/agrozone.ee\/fi\/wp-json\/wp\/v2\/product_brand?post=47441"},{"taxonomy":"product_cat","embeddable":true,"href":"https:\/\/agrozone.ee\/fi\/wp-json\/wp\/v2\/product_cat?post=47441"},{"taxonomy":"product_tag","embeddable":true,"href":"https:\/\/agrozone.ee\/fi\/wp-json\/wp\/v2\/product_tag?post=47441"}],"curies":[{"name":"wp","href":"https:\/\/api.w.org\/{rel}","templated":true}]}}