{"id":47446,"date":"2025-02-11T08:35:22","date_gmt":"2025-02-11T06:35:22","guid":{"rendered":"https:\/\/agrozone.ee\/toode\/pp-kangaspussi-45-x-60-cm\/"},"modified":"2026-01-05T08:12:52","modified_gmt":"2026-01-05T06:12:52","slug":"pp-kangaspussi-45-x-60-cm","status":"publish","type":"product","link":"https:\/\/agrozone.ee\/fi\/tuote\/pp-kangaspussi-45-x-60-cm\/","title":{"rendered":"PP-kangaskassi 45 x 60 cm \/ Rakennusj\u00e4tteen j\u00e4tes\u00e4kit"},"content":{"rendered":"<h3 data-path-to-node=\"19\">&#8220;Kompakti voima raskaaseen k\u00e4ytt\u00f6\u00f6n&#8221;<\/h3>\n<p data-path-to-node=\"20\"><b data-path-to-node=\"20\" data-index-in-node=\"0\">Ihanteellinen koko raskaille materiaaleille<\/b><br \/>Miksi valita pienempi, 45 x 60 cm:n s\u00e4kki? Koska se on paras ratkaisu tiheille ja raskaille materiaaleille. Jos t\u00e4ytt\u00e4isit suuren s\u00e4kin hiekalla tai sementill\u00e4, sit\u00e4 olisi mahdotonta nostaa. T\u00e4m\u00e4 kompakti koko varmistaa, ett\u00e4 s\u00e4kki pysyy helposti k\u00e4sitelt\u00e4v\u00e4n\u00e4 raskaimmallakin sis\u00e4ll\u00f6ll\u00e4.   <\/p>\n<p data-path-to-node=\"21\"><b data-path-to-node=\"21\" data-index-in-node=\"0\">P\u00e4\u00e4asialliset k\u00e4ytt\u00f6kohteet:<\/b><\/p>\n<ul data-path-to-node=\"22\">\n<li>\n<p data-path-to-node=\"22,0,0\"><b data-path-to-node=\"22,0,0\" data-index-in-node=\"0\">Rakennusmateriaalit:<\/b> Korvaamaton hiekan, soran, sementin tai metallij\u00e4tteen kuljetuksessa.<\/p>\n<\/li>\n<li>\n<p data-path-to-node=\"22,1,0\"><b data-path-to-node=\"22,1,0\" data-index-in-node=\"0\">Elintarvikkeet ja maatalous:<\/b> Tihe kudos sopii ihanteellisesti hienojakoisten tuotteiden, kuten jauhojen, sokerin, lannoitteiden tai siementen pakkaamiseen, antaen samalla tuotteen hengitt\u00e4\u00e4.<\/p>\n<\/li>\n<li>\n<p data-path-to-node=\"22,2,0\"><b data-path-to-node=\"22,2,0\" data-index-in-node=\"0\">Erityisen kest\u00e4v\u00e4:<\/b> Kompaktista koostaan huolimatta polypropeenikangas on \u00e4\u00e4rimm\u00e4isen rep\u00e4isynkest\u00e4v\u00e4 ja kest\u00e4\u00e4 teollisuusk\u00e4ytt\u00f6\u00f6n liittyv\u00e4\u00e4 kuormitusta.<\/p>\n<\/li>\n<\/ul>\n<p data-path-to-node=\"23\">T\u00e4m\u00e4 on k\u00e4yt\u00e4nn\u00f6llinen valinta, kun tarvitset luotettavan pakkauksen, joka ei pet\u00e4 raskaimmankaan kuorman alla.<\/p>\n","protected":false},"excerpt":{"rendered":"<p>&#8220;Kompakti voima raskaaseen k\u00e4ytt\u00f6\u00f6n&#8221; Ihanteellinen koko raskaille materiaaleilleMiksi valita pienempi, 45 x 60 cm:n s\u00e4kki? Koska se on paras ratkaisu tiheille ja raskaille materiaaleille. Jos t\u00e4ytt\u00e4isit suuren s\u00e4kin hiekalla tai sementill\u00e4, sit\u00e4 olisi mahdotonta nostaa. T\u00e4m\u00e4 kompakti koko varmistaa, ett\u00e4 s\u00e4kki pysyy helposti k\u00e4sitelt\u00e4v\u00e4n\u00e4 raskaimmallakin sis\u00e4ll\u00f6ll\u00e4. P\u00e4\u00e4asialliset k\u00e4ytt\u00f6kohteet: Rakennusmateriaalit: Korvaamaton hiekan, soran, sementin tai metallij\u00e4tteen [&hellip;]<\/p>\n","protected":false},"featured_media":47263,"template":"","meta":{"_acf_changed":false,"_seopress_robots_primary_cat":"none","_seopress_titles_title":"PP-kangas-s\u00e4kki 45x60 cm | Vahva s\u00e4kki hiekalle ja rehulle | Agrozone","_seopress_titles_desc":"Kompakti PP-kangas-s\u00e4kki (45x60 cm) raskaille materiaaleille. Paras valinta hiekan, sementin, jauhojen ja soran kuljetukseen. Vahva ja hengitt\u00e4v\u00e4 materiaali.  ","_seopress_robots_index":"","_gspb_post_css":""},"product_brand":[],"product_cat":[2392,2363,2378],"product_tag":[],"class_list":{"0":"post-47446","1":"product","2":"type-product","3":"status-publish","4":"has-post-thumbnail","6":"product_cat-kaikki-luokat","7":"product_cat-puutarhatarvikkeet","8":"product_cat-verkkopussi","10":"first","11":"instock","12":"taxable","13":"shipping-taxable","14":"purchasable","15":"product-type-variable"},"ct_brands":[],"acf":[],"_links":{"self":[{"href":"https:\/\/agrozone.ee\/fi\/wp-json\/wp\/v2\/product\/47446","targetHints":{"allow":["GET"]}}],"collection":[{"href":"https:\/\/agrozone.ee\/fi\/wp-json\/wp\/v2\/product"}],"about":[{"href":"https:\/\/agrozone.ee\/fi\/wp-json\/wp\/v2\/types\/product"}],"wp:featuredmedia":[{"embeddable":true,"href":"https:\/\/agrozone.ee\/fi\/wp-json\/wp\/v2\/media\/47263"}],"wp:attachment":[{"href":"https:\/\/agrozone.ee\/fi\/wp-json\/wp\/v2\/media?parent=47446"}],"wp:term":[{"taxonomy":"product_brand","embeddable":true,"href":"https:\/\/agrozone.ee\/fi\/wp-json\/wp\/v2\/product_brand?post=47446"},{"taxonomy":"product_cat","embeddable":true,"href":"https:\/\/agrozone.ee\/fi\/wp-json\/wp\/v2\/product_cat?post=47446"},{"taxonomy":"product_tag","embeddable":true,"href":"https:\/\/agrozone.ee\/fi\/wp-json\/wp\/v2\/product_tag?post=47446"}],"curies":[{"name":"wp","href":"https:\/\/api.w.org\/{rel}","templated":true}]}}