{"id":47447,"date":"2025-02-11T08:35:34","date_gmt":"2025-02-11T06:35:34","guid":{"rendered":"https:\/\/agrozone.ee\/toode\/pp-kangaspussi-57-x-95-cm\/"},"modified":"2026-01-05T08:10:30","modified_gmt":"2026-01-05T06:10:30","slug":"pp-kangaspussi-57-x-95-cm","status":"publish","type":"product","link":"https:\/\/agrozone.ee\/fi\/tuote\/pp-kangaspussi-57-x-95-cm\/","title":{"rendered":"PP-kangaskassi 57 x 95 cm \/ Rakennusj\u00e4tteen j\u00e4tes\u00e4kit"},"content":{"rendered":"<h3 data-path-to-node=\"9\">&#8221;Suurten t\u00f6iden sankari&#8221;<\/h3>\n<p data-path-to-node=\"10\"><b data-path-to-node=\"10\" data-index-in-node=\"0\">Maksimaalinen tilavuus ja kest\u00e4vyys<\/b><br \/>Kun tilavuudella on merkityst\u00e4, t\u00e4m\u00e4 57 x 95 cm:n polypropeenis\u00e4kki on korvaamaton valinta. Se on suunniteltu erityisesti tilanteisiin, joissa tavalliset muovipussit hajoavat. Suuren tilavuutensa ansiosta s\u00e4kki sopii ihanteellisesti sek\u00e4 kookkaalle rakennusj\u00e4tteelle (esim. tapetit, eristemateriaalit) ett\u00e4 kevyempien mutta tilaa vievien esineiden s\u00e4ilytykseen.  <\/p>\n<p data-path-to-node=\"11\"><b data-path-to-node=\"11\" data-index-in-node=\"0\">Miksi t\u00e4m\u00e4 s\u00e4kki on parempi kuin tavallinen j\u00e4tes\u00e4kki?<\/b><\/p>\n<ul data-path-to-node=\"12\">\n<li>\n<p data-path-to-node=\"12,0,0\">Poikkeuksellinen lujuus: Valmistettu kudotuista polypropeenisuikaleista, jotka eiv\u00e4t repeydy ter\u00e4vien reunojen tai suuren painon alla.<\/p>\n<\/li>\n<li>\n<p data-path-to-node=\"12,1,0\"><b data-path-to-node=\"12,1,0\" data-index-in-node=\"0\">Uudelleenk\u00e4ytett\u00e4v\u00e4:<\/b> S\u00e4\u00e4st\u00e4 luontoa ja rahaa \u2013 tyhjenn\u00e4 s\u00e4kki ja k\u00e4yt\u00e4 se uudelleen.<\/p>\n<\/li>\n<li>\n<p data-path-to-node=\"12,2,0\"><b data-path-to-node=\"12,2,0\" data-index-in-node=\"0\">Monik\u00e4ytt\u00f6inen:<\/b> Sopii erinomaisesti muuttoon (vaatteet, kirjat, lelut) tai maatalouteen (suuret m\u00e4\u00e4r\u00e4t hein\u00e4\u00e4 tai olkea).<\/p>\n<\/li>\n<\/ul>\n<p data-path-to-node=\"13\">T\u00e4m\u00e4 s\u00e4kki on luotettava kumppani niin rakennusty\u00f6maalla kuin kotitaloudessa, pit\u00e4en tuotteesi ja j\u00e4tteesi varmasti paikoillaan.<\/p>\n","protected":false},"excerpt":{"rendered":"<p>&#8221;Suurten t\u00f6iden sankari&#8221; Maksimaalinen tilavuus ja kest\u00e4vyysKun tilavuudella on merkityst\u00e4, t\u00e4m\u00e4 57 x 95 cm:n polypropeenis\u00e4kki on korvaamaton valinta. Se on suunniteltu erityisesti tilanteisiin, joissa tavalliset muovipussit hajoavat. Suuren tilavuutensa ansiosta s\u00e4kki sopii ihanteellisesti sek\u00e4 kookkaalle rakennusj\u00e4tteelle (esim. tapetit, eristemateriaalit) ett\u00e4 kevyempien mutta tilaa vievien esineiden s\u00e4ilytykseen. Miksi t\u00e4m\u00e4 s\u00e4kki on parempi kuin tavallinen j\u00e4tes\u00e4kki? [&hellip;]<\/p>\n","protected":false},"featured_media":47259,"template":"","meta":{"_acf_changed":false,"_seopress_robots_primary_cat":"none","_seopress_titles_title":"PP-kangas-s\u00e4kki 57x95 cm | Suuri rakennusj\u00e4tes\u00e4kki | Agrozone","_seopress_titles_desc":"Tilava ja kest\u00e4v\u00e4 PP-kangas-s\u00e4kki (57x95 cm). Ihanteellinen rakennusj\u00e4tteen, vaatteiden ja viljan s\u00e4ilytykseen. Rep\u00e4isynkest\u00e4v\u00e4 ja uudelleenk\u00e4ytett\u00e4v\u00e4. Tilaa t\u00e4st\u00e4!   ","_seopress_robots_index":"","_seopress_analysis_target_kw":"PP-kangas-s\u00e4kki 57x95, rakennusj\u00e4tes\u00e4kit, suuri j\u00e4tes\u00e4kki, polypropeenis\u00e4kki, muuttos\u00e4kki","_gspb_post_css":""},"product_brand":[],"product_cat":[2392,2363,2378],"product_tag":[],"class_list":{"0":"post-47447","1":"product","2":"type-product","3":"status-publish","4":"has-post-thumbnail","6":"product_cat-kaikki-luokat","7":"product_cat-puutarhatarvikkeet","8":"product_cat-verkkopussi","10":"first","11":"instock","12":"taxable","13":"shipping-taxable","14":"purchasable","15":"product-type-variable"},"ct_brands":[],"acf":[],"_links":{"self":[{"href":"https:\/\/agrozone.ee\/fi\/wp-json\/wp\/v2\/product\/47447","targetHints":{"allow":["GET"]}}],"collection":[{"href":"https:\/\/agrozone.ee\/fi\/wp-json\/wp\/v2\/product"}],"about":[{"href":"https:\/\/agrozone.ee\/fi\/wp-json\/wp\/v2\/types\/product"}],"wp:featuredmedia":[{"embeddable":true,"href":"https:\/\/agrozone.ee\/fi\/wp-json\/wp\/v2\/media\/47259"}],"wp:attachment":[{"href":"https:\/\/agrozone.ee\/fi\/wp-json\/wp\/v2\/media?parent=47447"}],"wp:term":[{"taxonomy":"product_brand","embeddable":true,"href":"https:\/\/agrozone.ee\/fi\/wp-json\/wp\/v2\/product_brand?post=47447"},{"taxonomy":"product_cat","embeddable":true,"href":"https:\/\/agrozone.ee\/fi\/wp-json\/wp\/v2\/product_cat?post=47447"},{"taxonomy":"product_tag","embeddable":true,"href":"https:\/\/agrozone.ee\/fi\/wp-json\/wp\/v2\/product_tag?post=47447"}],"curies":[{"name":"wp","href":"https:\/\/api.w.org\/{rel}","templated":true}]}}