{"id":47449,"date":"2025-02-11T08:37:32","date_gmt":"2025-02-11T06:37:32","guid":{"rendered":"https:\/\/agrozone.ee\/toode\/halukott-4-sanga-100x100x100-cm\/"},"modified":"2025-02-11T08:37:32","modified_gmt":"2025-02-11T06:37:32","slug":"halukott-4-sanga-100x100x100-cm","status":"publish","type":"product","link":"https:\/\/agrozone.ee\/fi\/tuote\/halukott-4-sanga-100x100x100-cm\/","title":{"rendered":"Halukott 4 sanga 100x100x100 cm"},"content":{"rendered":"<p>Halukott 4 sanga 100x100x100 cm<\/p>\n<ul>\n<li>Runkopussi, jossa on verkkosein\u00e4t, tilavuus 1m\u00b3.<\/li>\n<li>Kaikki pussin sein\u00e4t ja pohja on valmistettu kest\u00e4v\u00e4st\u00e4 verkosta.<\/li>\n<li>Verkon silm\u00e4koko on pieni, joten vesi virtaa sein\u00e4\u00e4 pitkin eik\u00e4 p\u00e4\u00e4se pussiin.<\/li>\n<li>Musta v\u00e4ri sitoo l\u00e4mp\u00f6\u00e4, joten puut kuivuvat tehokkaasti.<\/li>\n<li>Laukussa on nelj\u00e4 tukevaa nostosaranaa ylh\u00e4\u00e4ll\u00e4 ja kaksi alhaalla.<\/li>\n<li>Paksuus 140g\/m2<\/li>\n<\/ul>\n","protected":false},"excerpt":{"rendered":"<p>Halukott 4 sanga 100x100x100 cm Runkopussi, jossa on verkkosein\u00e4t, tilavuus 1m\u00b3. Kaikki pussin sein\u00e4t ja pohja on valmistettu kest\u00e4v\u00e4st\u00e4 verkosta. Verkon silm\u00e4koko on pieni, joten vesi virtaa sein\u00e4\u00e4 pitkin eik\u00e4 p\u00e4\u00e4se pussiin. Musta v\u00e4ri sitoo l\u00e4mp\u00f6\u00e4, joten puut kuivuvat tehokkaasti. Laukussa on nelj\u00e4 tukevaa nostosaranaa ylh\u00e4\u00e4ll\u00e4 ja kaksi alhaalla. Paksuus 140g\/m2<\/p>\n","protected":false},"featured_media":44445,"template":"","meta":{"_acf_changed":false,"_seopress_robots_primary_cat":"none","_seopress_titles_title":"","_seopress_titles_desc":"","_seopress_robots_index":"","_gspb_post_css":""},"product_brand":[],"product_cat":[2392,2363,2378],"product_tag":[],"class_list":{"0":"post-47449","1":"product","2":"type-product","3":"status-publish","4":"has-post-thumbnail","6":"product_cat-kaikki-luokat","7":"product_cat-puutarhatarvikkeet","8":"product_cat-verkkopussi","9":"product_shipping_class-ei-mahdu-automaattiin","11":"first","12":"instock","13":"taxable","14":"shipping-taxable","15":"purchasable","16":"product-type-simple"},"ct_brands":[],"acf":[],"_links":{"self":[{"href":"https:\/\/agrozone.ee\/fi\/wp-json\/wp\/v2\/product\/47449","targetHints":{"allow":["GET"]}}],"collection":[{"href":"https:\/\/agrozone.ee\/fi\/wp-json\/wp\/v2\/product"}],"about":[{"href":"https:\/\/agrozone.ee\/fi\/wp-json\/wp\/v2\/types\/product"}],"wp:featuredmedia":[{"embeddable":true,"href":"https:\/\/agrozone.ee\/fi\/wp-json\/wp\/v2\/media\/44445"}],"wp:attachment":[{"href":"https:\/\/agrozone.ee\/fi\/wp-json\/wp\/v2\/media?parent=47449"}],"wp:term":[{"taxonomy":"product_brand","embeddable":true,"href":"https:\/\/agrozone.ee\/fi\/wp-json\/wp\/v2\/product_brand?post=47449"},{"taxonomy":"product_cat","embeddable":true,"href":"https:\/\/agrozone.ee\/fi\/wp-json\/wp\/v2\/product_cat?post=47449"},{"taxonomy":"product_tag","embeddable":true,"href":"https:\/\/agrozone.ee\/fi\/wp-json\/wp\/v2\/product_tag?post=47449"}],"curies":[{"name":"wp","href":"https:\/\/api.w.org\/{rel}","templated":true}]}}