{"id":47461,"date":"2025-01-21T22:38:47","date_gmt":"2025-01-21T20:38:47","guid":{"rendered":"https:\/\/agrozone.ee\/toode\/jousi-03-kg\/"},"modified":"2025-10-24T08:01:08","modified_gmt":"2025-10-24T06:01:08","slug":"jousi-03-kg","status":"publish","type":"product","link":"https:\/\/agrozone.ee\/fi\/tuote\/jousi-03-kg\/","title":{"rendered":"Jousi 0,3 kg"},"content":{"rendered":"<ul>\n<li data-sourcepos=\"1:1-1:47\">Luonnonkuitunaru &#8211; ohut mutta vahva<\/li>\n<li data-sourcepos=\"1:1-1:47\">Naru on ohut mutta vahva.<\/li>\n<li data-sourcepos=\"1:1-1:47\">Luonnonkuitunarut ovat biohajoavia, joten ne ovat ymp\u00e4rist\u00f6yst\u00e4v\u00e4llinen valinta.<\/li>\n<\/ul>\n<p data-sourcepos=\"5:1-6:12\">Koostumus: pellava, puuvilla, juutti ja sisal.<\/p>\n","protected":false},"excerpt":{"rendered":"<p>Luonnonkuitunaru &#8211; ohut mutta vahva Naru on ohut mutta vahva. Luonnonkuitunarut ovat biohajoavia, joten ne ovat ymp\u00e4rist\u00f6yst\u00e4v\u00e4llinen valinta. Koostumus: pellava, puuvilla, juutti ja sisal.<\/p>\n","protected":false},"featured_media":42719,"template":"","meta":{"_acf_changed":false,"_seopress_robots_primary_cat":"none","_seopress_titles_title":"","_seopress_titles_desc":"","_seopress_robots_index":"","_gspb_post_css":""},"product_brand":[],"product_cat":[2392,2368,2363,2376],"product_tag":[],"class_list":{"0":"post-47461","1":"product","2":"type-product","3":"status-publish","4":"has-post-thumbnail","6":"product_cat-kaikki-luokat","7":"product_cat-kasvihuoneet-lisavarusteet","8":"product_cat-puutarhatarvikkeet","9":"product_cat-kasvitukia","11":"first","12":"instock","13":"taxable","14":"shipping-taxable","15":"purchasable","16":"product-type-simple"},"ct_brands":[],"acf":[],"_links":{"self":[{"href":"https:\/\/agrozone.ee\/fi\/wp-json\/wp\/v2\/product\/47461","targetHints":{"allow":["GET"]}}],"collection":[{"href":"https:\/\/agrozone.ee\/fi\/wp-json\/wp\/v2\/product"}],"about":[{"href":"https:\/\/agrozone.ee\/fi\/wp-json\/wp\/v2\/types\/product"}],"wp:featuredmedia":[{"embeddable":true,"href":"https:\/\/agrozone.ee\/fi\/wp-json\/wp\/v2\/media\/42719"}],"wp:attachment":[{"href":"https:\/\/agrozone.ee\/fi\/wp-json\/wp\/v2\/media?parent=47461"}],"wp:term":[{"taxonomy":"product_brand","embeddable":true,"href":"https:\/\/agrozone.ee\/fi\/wp-json\/wp\/v2\/product_brand?post=47461"},{"taxonomy":"product_cat","embeddable":true,"href":"https:\/\/agrozone.ee\/fi\/wp-json\/wp\/v2\/product_cat?post=47461"},{"taxonomy":"product_tag","embeddable":true,"href":"https:\/\/agrozone.ee\/fi\/wp-json\/wp\/v2\/product_tag?post=47461"}],"curies":[{"name":"wp","href":"https:\/\/api.w.org\/{rel}","templated":true}]}}