{"id":47472,"date":"2025-02-11T08:26:52","date_gmt":"2025-02-11T06:26:52","guid":{"rendered":"https:\/\/agrozone.ee\/toode\/mehilaisvaha-musta-13-m-x-100-m\/"},"modified":"2025-02-11T08:26:52","modified_gmt":"2025-02-11T06:26:52","slug":"mehilaisvaha-musta-13-m-x-100-m","status":"publish","type":"product","link":"https:\/\/agrozone.ee\/fi\/tuote\/mehilaisvaha-musta-13-m-x-100-m\/","title":{"rendered":"Mehil\u00e4isvaha musta 1,3 m x 100 m"},"content":{"rendered":"<p><strong>Mehil\u00e4isvahamatto musta 1,3 m x 100 m, 130 m\u00b2.<\/strong><\/p>\n<ul>\n<li>Hienomatot ovat polypropeenista valmistettua p\u00e4\u00e4llystemateriaalia kotipuutarhoihin ja maisemointiin.<\/li>\n<li>Se on vett\u00e4 ja ilmaa l\u00e4p\u00e4isev\u00e4, vahva ja kest\u00e4\u00e4 tallomista.<\/li>\n<li>Hieno multa est\u00e4\u00e4 rikkaruohojen kehittymisen, pit\u00e4\u00e4 maan kosteana ja v\u00e4hent\u00e4\u00e4 eroosiota.<\/li>\n<li>Se kest\u00e4\u00e4 ultraviolettis\u00e4teily\u00e4.<\/li>\n<li>Hieno multa soveltuu k\u00e4ytett\u00e4v\u00e4ksi mansikka- ja muissa istutuksissa, monivuotisissa kukkapenkeiss\u00e4, puiden ja pensaiden alla rikkaruohojen kasvun est\u00e4miseksi, tienrakennuksessa maakerrosten erottamiseksi toisistaan, taimitarhoissa kasviastioiden alla jne.<\/li>\n<\/ul>\n<p data-sourcepos=\"1:1-1:59\"><strong>Hienoa lankaa k\u00e4ytet\u00e4\u00e4n kotipuutarhassa p\u00e4\u00e4asiassa kahteen tarkoitukseen:<\/strong><\/p>\n<ul data-sourcepos=\"3:1-5:0\">\n<li data-sourcepos=\"3:1-3:209\"><strong>Hienojakoisen jyv\u00e4n j\u00e4rjest\u00e4minen ja koristelu.<\/strong>  Hienos\u00e4rm\u00e4inen rajaus on hyv\u00e4 tapa luoda selke\u00e4t rajat ja siisti ulkoasu. Se voi olla my\u00f6s koristeellinen elementti, joka lis\u00e4\u00e4 visuaalista mielenkiintoa puutarhaan. <\/li>\n<li data-sourcepos=\"4:1-5:0\"><strong>Helpottaa peniksen yll\u00e4pitoa.<\/strong>  Hieno multa est\u00e4\u00e4 rikkaruohojen kasvua ja pit\u00e4\u00e4 maan kosteana. Se tekee yll\u00e4pidosta helpompaa ja nopeampaa. <\/li>\n<\/ul>\n<p data-sourcepos=\"6:1-6:266\">Hienoa lankaa on helppo k\u00e4ytt\u00e4\u00e4 kotipuutarhassa. Ensimm\u00e4inen vaihe on valmistella s\u00e4ngyn pinta poistamalla rikkaruohot ja muokkaamalla maaper\u00e4. Seuraavaksi rullaa se nurmikolle ja leikkaa reunat nurmikon kokoisiksi. Lopuksi sinun on kiinnitett\u00e4v\u00e4 matto s\u00e4ngyn reunoihin.   <\/p>\n<p data-sourcepos=\"8:1-8:60\">Seuraavat tekij\u00e4t on otettava huomioon, kun valitaan hienoa lankaa:<\/p>\n<ul data-sourcepos=\"10:1-13:0\">\n<li data-sourcepos=\"10:1-10:543\"><strong>Hieno lankamateriaali.<\/strong>  Hienoja mattoja valmistetaan erilaisista materiaaleista, kuten muovista, geotekstiilist\u00e4 ja luonnonmateriaaleista, kuten ruovosta tai hein\u00e4st\u00e4. Jokaisella materiaalilla on omat etunsa ja haittansa. Esimerkiksi muoviset nurmikkomatot ovat eritt\u00e4in kest\u00e4vi\u00e4, mutta ne voivat my\u00f6s olla kalliita. Geotekstiiliset nurmikentt\u00e4matot ovat muovisia nurmikentt\u00e4mattoja halvempia, mutta ne eiv\u00e4t ole yht\u00e4 kest\u00e4vi\u00e4. Luonnonmateriaalista valmistetut pihakivimatot ovat esteettisesti miellytt\u00e4vi\u00e4, mutta ne eiv\u00e4t ole yht\u00e4 kest\u00e4vi\u00e4 kuin keinotekoisista materiaaleista valmistetut matot.    <\/li>\n<li data-sourcepos=\"11:1-11:138\"><strong>Hienon langan paksuus.<\/strong>  Hienon langan paksuus vaikuttaa sen kest\u00e4vyyteen. Paksummat matot ovat kest\u00e4v\u00e4mpi\u00e4 kuin ohuemmat matot. <\/li>\n<li data-sourcepos=\"12:1-13:0\"><strong>Hienon viivan v\u00e4ri.<\/strong>  Hienon langan v\u00e4ri voi vaikuttaa sen ulkon\u00e4k\u00f6\u00f6n. Vaaleat reunukset voivat saada nurmikon n\u00e4ytt\u00e4m\u00e4\u00e4n visuaalisesti suuremmalta. Tummemmat reunukset voivat saada nurmikon n\u00e4ytt\u00e4m\u00e4\u00e4n pienemm\u00e4lt\u00e4.  <\/li>\n<\/ul>\n<p data-sourcepos=\"14:1-14:195\">Nurmikon rajaus kotipuutarhassa on hyv\u00e4 tapa luoda siisti ulkoasu ja helpottaa sen yll\u00e4pitoa. Rajaa valittaessa on otettava huomioon rajauksen materiaali, paksuus ja v\u00e4ri. <\/p>\n<h3>K\u00e4ytt\u00f6ohjeet<\/h3>\n<ul>\n<li>Hienojakoinen multa levitet\u00e4\u00e4n valmistellulle maalle, reunat kiinnitet\u00e4\u00e4n ja istutus- tai kylv\u00f6aukot leikataan X:n muotoisiksi ter\u00e4v\u00e4ll\u00e4 veitsell\u00e4.<\/li>\n<li>Kun istutetaan koristekasveja, reunus voidaan peitt\u00e4\u00e4 hakkeella, kuorella tai vastaavalla mullatulla materiaalilla.<\/li>\n<li>Kest\u00e4\u00e4 jopa 10 vuotta.<\/li>\n<\/ul>\n","protected":false},"excerpt":{"rendered":"<ul>\n<li>Hienomatot ovat polypropeenista valmistettua pintamateriaalia kotipuutarhojen ja maisemoinnin p\u00e4\u00e4llyst\u00e4miseen.<\/li>\n<li>Se on vett\u00e4 ja ilmaa l\u00e4p\u00e4isev\u00e4, vahva ja kest\u00e4\u00e4 tallomista.<\/li>\n<li>Hieno multa est\u00e4\u00e4 rikkaruohojen kehittymisen, pit\u00e4\u00e4 maan kosteana ja v\u00e4hent\u00e4\u00e4 eroosiota.<\/li>\n<li>Se kest\u00e4\u00e4 ultraviolettis\u00e4teily\u00e4.<\/li>\n<li>Hieno multa soveltuu k\u00e4ytett\u00e4v\u00e4ksi mansikka- ja muissa istutuksissa, monivuotisissa kukkapenkeiss\u00e4, puiden ja pensaiden alla rikkaruohojen kasvun est\u00e4miseksi, tienrakennuksessa maakerrosten erottamiseksi toisistaan, taimitarhoissa kasviastioiden alla jne.<\/li>\n<\/ul>\n","protected":false},"featured_media":45150,"template":"","meta":{"_acf_changed":false,"_seopress_robots_primary_cat":"none","_seopress_titles_title":"","_seopress_titles_desc":"Hieno matto 2,1 x 100 m - polypropeenista valmistettu p\u00e4\u00e4llystemateriaali kotipuutarhaan ja maisemointiin. Vett\u00e4 ja ilmaa l\u00e4p\u00e4isev\u00e4, luja ja tallausta kest\u00e4v\u00e4. ","_seopress_robots_index":"","_gspb_post_css":""},"product_brand":[],"product_cat":[2392,2448,2456],"product_tag":[],"class_list":{"0":"post-47472","1":"product","2":"type-product","3":"status-publish","4":"has-post-thumbnail","6":"product_cat-kaikki-luokat","7":"product_cat-kasvinsuojelukankaat-ja-maanpeitekankaat","8":"product_cat-maanpeitekangas","9":"product_shipping_class-ei-mahdu-automaattiin","11":"first","12":"outofstock","13":"taxable","14":"shipping-taxable","15":"purchasable","16":"product-type-simple"},"ct_brands":[],"acf":[],"_links":{"self":[{"href":"https:\/\/agrozone.ee\/fi\/wp-json\/wp\/v2\/product\/47472","targetHints":{"allow":["GET"]}}],"collection":[{"href":"https:\/\/agrozone.ee\/fi\/wp-json\/wp\/v2\/product"}],"about":[{"href":"https:\/\/agrozone.ee\/fi\/wp-json\/wp\/v2\/types\/product"}],"wp:featuredmedia":[{"embeddable":true,"href":"https:\/\/agrozone.ee\/fi\/wp-json\/wp\/v2\/media\/45150"}],"wp:attachment":[{"href":"https:\/\/agrozone.ee\/fi\/wp-json\/wp\/v2\/media?parent=47472"}],"wp:term":[{"taxonomy":"product_brand","embeddable":true,"href":"https:\/\/agrozone.ee\/fi\/wp-json\/wp\/v2\/product_brand?post=47472"},{"taxonomy":"product_cat","embeddable":true,"href":"https:\/\/agrozone.ee\/fi\/wp-json\/wp\/v2\/product_cat?post=47472"},{"taxonomy":"product_tag","embeddable":true,"href":"https:\/\/agrozone.ee\/fi\/wp-json\/wp\/v2\/product_tag?post=47472"}],"curies":[{"name":"wp","href":"https:\/\/api.w.org\/{rel}","templated":true}]}}