{"id":47476,"date":"2024-06-09T15:51:40","date_gmt":"2024-06-09T13:51:40","guid":{"rendered":"https:\/\/agrozone.ee\/toode\/avama-kurkku-majestosa-f1\/"},"modified":"2024-06-09T15:51:40","modified_gmt":"2024-06-09T13:51:40","slug":"avama-kurkku-majestosa-f1","status":"publish","type":"product","link":"https:\/\/agrozone.ee\/fi\/tuote\/avama-kurkku-majestosa-f1\/","title":{"rendered":"Avama-kurkku &#8216;Majestosa&#8217; F1"},"content":{"rendered":"<p>Kurkku &#8216;Majestosa&#8217; F1 on eritt\u00e4in aikainen, itsep\u00f6lytteinen, lyhyt- ja sile\u00e4lehtinen, satoisa lajike. Hedelm\u00e4t eiv\u00e4t ole kitkeri\u00e4. Sopii hyvin marinoitavaksi, suolakurkuksi ja tuorek\u00e4ytt\u00f6\u00f6n. Kest\u00e4\u00e4 mosaiikkihomeen ja h\u00e4rm\u00e4sienen. 15 siement\u00e4 pakkauksessa.    <\/p>\n<p>&nbsp;<\/p>\n<h3>K\u00e4ytt\u00f6ohjeet<\/h3>\n<p>KYLV\u00d6 JA ISTUTUS. Esikasvatus: kylv\u00f6 huhtikuun alussa\/toukokuun alussa, istutus avomaalle kes\u00e4kuun alussa. Suorakylv\u00f6 avomaalle voidaan tehd\u00e4 kes\u00e4kuun alussa. Esikylv\u00f6ss\u00e4 kylvet\u00e4\u00e4n yksi siemen jokaiseen ruukkuun 2 cm:n syvyyteen. It\u00e4misen aikana l\u00e4mp\u00f6tila on pidett\u00e4v\u00e4 25 \u00b0C:ssa. Kun kasvit ovat it\u00e4neet, ne altistetaan valolle ja kasvatetaan edelleen huoneenl\u00e4mm\u00f6ss\u00e4. Istutusj\u00e4rjestelm\u00e4. Istutusv\u00e4li: 30 cm x 100-120 cm. Y\u00f6l\u00e4mp\u00f6tila ei saa laskea alle 12-15 \u00b0C kasvukauden aikana. Suosii kosteaa ja l\u00e4mmint\u00e4 kasvualustaa. KASVUAIKA. Kasvatusaika 50 p\u00e4iv\u00e4\u00e4.           <\/p>\n","protected":false},"excerpt":{"rendered":"<p>Kurkku &#8216;Majestosa&#8217; F1 on eritt\u00e4in aikainen, itsep\u00f6lytteinen, lyhyt- ja sile\u00e4lehtinen, satoisa lajike. Hedelm\u00e4t ovat kitkeri\u00e4. Sopii hyvin marinoitavaksi, suolakurkuksi ja tuorek\u00e4ytt\u00f6\u00f6n. Kest\u00e4\u00e4 mosaiikkihomeen ja h\u00e4rm\u00e4sienen. 15 siement\u00e4 pakkauksessa.    <\/p>\n","protected":false},"featured_media":42483,"template":"","meta":{"_acf_changed":false,"_seopress_robots_primary_cat":"none","_seopress_titles_title":"","_seopress_titles_desc":"","_seopress_robots_index":"","_gspb_post_css":""},"product_brand":[],"product_cat":[2392,2409,2399,2401],"product_tag":[],"class_list":{"0":"post-47476","1":"product","2":"type-product","3":"status-publish","4":"has-post-thumbnail","6":"product_cat-kaikki-luokat","7":"product_cat-kurkku","8":"product_cat-siemenet","9":"product_cat-vihanneksien-siemenet","11":"first","12":"instock","13":"taxable","14":"shipping-taxable","15":"purchasable","16":"product-type-simple"},"ct_brands":[],"acf":[],"_links":{"self":[{"href":"https:\/\/agrozone.ee\/fi\/wp-json\/wp\/v2\/product\/47476","targetHints":{"allow":["GET"]}}],"collection":[{"href":"https:\/\/agrozone.ee\/fi\/wp-json\/wp\/v2\/product"}],"about":[{"href":"https:\/\/agrozone.ee\/fi\/wp-json\/wp\/v2\/types\/product"}],"wp:featuredmedia":[{"embeddable":true,"href":"https:\/\/agrozone.ee\/fi\/wp-json\/wp\/v2\/media\/42483"}],"wp:attachment":[{"href":"https:\/\/agrozone.ee\/fi\/wp-json\/wp\/v2\/media?parent=47476"}],"wp:term":[{"taxonomy":"product_brand","embeddable":true,"href":"https:\/\/agrozone.ee\/fi\/wp-json\/wp\/v2\/product_brand?post=47476"},{"taxonomy":"product_cat","embeddable":true,"href":"https:\/\/agrozone.ee\/fi\/wp-json\/wp\/v2\/product_cat?post=47476"},{"taxonomy":"product_tag","embeddable":true,"href":"https:\/\/agrozone.ee\/fi\/wp-json\/wp\/v2\/product_tag?post=47476"}],"curies":[{"name":"wp","href":"https:\/\/api.w.org\/{rel}","templated":true}]}}