{"id":47477,"date":"2024-06-09T15:51:40","date_gmt":"2024-06-09T12:51:40","guid":{"rendered":"https:\/\/agrozone.ee\/toode\/basilika-genovese\/"},"modified":"2024-06-09T15:51:40","modified_gmt":"2024-06-09T13:51:40","slug":"basilika-genovese","status":"publish","type":"product","link":"https:\/\/agrozone.ee\/fi\/tuote\/basilika-genovese\/","title":{"rendered":"Basilika &#8216;Genovese&#8217;"},"content":{"rendered":"<p>Klassinen italialainen basilika, jolla on suuret lehdet. Tuoreita ja kuivattuja lehti\u00e4 k\u00e4ytet\u00e4\u00e4n elintarvikkeisiin. Paras pestoon. 0,8 g.   <\/p>\n<p>&nbsp;<\/p>\n<h3>K\u00e4ytt\u00f6ohjeet<\/h3>\n<p>Suosii l\u00e4mmint\u00e4, aurinkoista ja suojaisaa paikkaa. Sopii my\u00f6s ikkunalaudoille. Siemenet kylvet\u00e4\u00e4n kosteaan maahan, joka peitet\u00e4\u00e4n ohuella vermikuliitti- tai hiekkakerroksella. It\u00e4minen 1-2 viikkoa. Jatkuvan sadon saamiseksi tee uusintakylv\u00f6. Pakkasenkest\u00e4v\u00e4.     <\/p>\n","protected":false},"excerpt":{"rendered":"<p>Klassinen italialainen basilika, jolla on suuret lehdet. Tuoreita ja kuivattuja lehti\u00e4 k\u00e4ytet\u00e4\u00e4n elintarvikkeisiin. Paras pestoon. 0,8 g.   <\/p>\n","protected":false},"featured_media":42397,"template":"","meta":{"_acf_changed":false,"_seopress_robots_primary_cat":"none","_seopress_titles_title":"","_seopress_titles_desc":"","_seopress_robots_index":"","_gspb_post_css":""},"product_brand":[],"product_cat":[2405,2392,2399,2401],"product_tag":[],"class_list":{"0":"post-47477","1":"product","2":"type-product","3":"status-publish","4":"has-post-thumbnail","6":"product_cat-basilika","7":"product_cat-kaikki-luokat","8":"product_cat-siemenet","9":"product_cat-vihanneksien-siemenet","11":"first","12":"outofstock","13":"taxable","14":"shipping-taxable","15":"purchasable","16":"product-type-simple"},"ct_brands":[],"acf":[],"_links":{"self":[{"href":"https:\/\/agrozone.ee\/fi\/wp-json\/wp\/v2\/product\/47477","targetHints":{"allow":["GET"]}}],"collection":[{"href":"https:\/\/agrozone.ee\/fi\/wp-json\/wp\/v2\/product"}],"about":[{"href":"https:\/\/agrozone.ee\/fi\/wp-json\/wp\/v2\/types\/product"}],"wp:featuredmedia":[{"embeddable":true,"href":"https:\/\/agrozone.ee\/fi\/wp-json\/wp\/v2\/media\/42397"}],"wp:attachment":[{"href":"https:\/\/agrozone.ee\/fi\/wp-json\/wp\/v2\/media?parent=47477"}],"wp:term":[{"taxonomy":"product_brand","embeddable":true,"href":"https:\/\/agrozone.ee\/fi\/wp-json\/wp\/v2\/product_brand?post=47477"},{"taxonomy":"product_cat","embeddable":true,"href":"https:\/\/agrozone.ee\/fi\/wp-json\/wp\/v2\/product_cat?post=47477"},{"taxonomy":"product_tag","embeddable":true,"href":"https:\/\/agrozone.ee\/fi\/wp-json\/wp\/v2\/product_tag?post=47477"}],"curies":[{"name":"wp","href":"https:\/\/api.w.org\/{rel}","templated":true}]}}