{"id":47478,"date":"2024-06-09T15:51:40","date_gmt":"2024-06-09T12:51:40","guid":{"rendered":"https:\/\/agrozone.ee\/toode\/hernes-avola\/"},"modified":"2024-06-09T15:51:40","modified_gmt":"2024-06-09T13:51:40","slug":"hernes-avola","status":"publish","type":"product","link":"https:\/\/agrozone.ee\/fi\/tuote\/hernes-avola\/","title":{"rendered":"Hernes &#8216;Avola"},"content":{"rendered":"<p>Herne &#8220;Avola&#8221; on hyvin aikainen herne, jolla on hyv\u00e4 maku sek\u00e4 tuorek\u00e4ytt\u00f6\u00f6n ett\u00e4 ruoanlaittoon. Korkeus 40-50 cm. Kest\u00e4\u00e4 nuutumistaudin.  <\/p>\n<p>50g<\/p>\n<p>&nbsp;<\/p>\n<h3>K\u00e4ytt\u00f6ohjeet<\/h3>\n<p>Kylv\u00f6aika. Kylvet\u00e4\u00e4n huhti-toukokuussa. Kylv\u00e4 3 cm:n syvyyteen, kun maan l\u00e4mp\u00f6tila on v\u00e4hint\u00e4\u00e4n 10 \u00b0C. Soveltuu hyvin suojassa kasvattamiseen. Istutusj\u00e4rjestelm\u00e4.    Taimiv\u00e4li riviss\u00e4 6 cm, riviv\u00e4li 40\u201350 cm. KASVU. Kasvuaika noin 55-57 p\u00e4iv\u00e4\u00e4. <\/p>\n","protected":false},"excerpt":{"rendered":"<p>Herne &#8220;Avola&#8221; on hyvin aikainen herne, jolla on hyv\u00e4 maku sek\u00e4 tuorek\u00e4ytt\u00f6\u00f6n ett\u00e4 ruoanlaittoon. Korkeus 40-50 cm. Kest\u00e4\u00e4 nuutumistaudin.  <\/p>\n","protected":false},"featured_media":42505,"template":"","meta":{"_acf_changed":false,"_seopress_robots_primary_cat":"none","_seopress_titles_title":"","_seopress_titles_desc":"","_seopress_robots_index":"","_gspb_post_css":""},"product_brand":[],"product_cat":[2406,2392,2997,2399,2401],"product_tag":[],"class_list":{"0":"post-47478","1":"product","2":"type-product","3":"status-publish","4":"has-post-thumbnail","6":"product_cat-herne","7":"product_cat-kaikki-luokat","8":"product_cat-mikroversot-idatykseen","9":"product_cat-siemenet","10":"product_cat-vihanneksien-siemenet","12":"first","13":"instock","14":"taxable","15":"shipping-taxable","16":"purchasable","17":"product-type-simple"},"ct_brands":[],"acf":[],"_links":{"self":[{"href":"https:\/\/agrozone.ee\/fi\/wp-json\/wp\/v2\/product\/47478","targetHints":{"allow":["GET"]}}],"collection":[{"href":"https:\/\/agrozone.ee\/fi\/wp-json\/wp\/v2\/product"}],"about":[{"href":"https:\/\/agrozone.ee\/fi\/wp-json\/wp\/v2\/types\/product"}],"wp:featuredmedia":[{"embeddable":true,"href":"https:\/\/agrozone.ee\/fi\/wp-json\/wp\/v2\/media\/42505"}],"wp:attachment":[{"href":"https:\/\/agrozone.ee\/fi\/wp-json\/wp\/v2\/media?parent=47478"}],"wp:term":[{"taxonomy":"product_brand","embeddable":true,"href":"https:\/\/agrozone.ee\/fi\/wp-json\/wp\/v2\/product_brand?post=47478"},{"taxonomy":"product_cat","embeddable":true,"href":"https:\/\/agrozone.ee\/fi\/wp-json\/wp\/v2\/product_cat?post=47478"},{"taxonomy":"product_tag","embeddable":true,"href":"https:\/\/agrozone.ee\/fi\/wp-json\/wp\/v2\/product_tag?post=47478"}],"curies":[{"name":"wp","href":"https:\/\/api.w.org\/{rel}","templated":true}]}}