{"id":47479,"date":"2024-06-09T15:51:40","date_gmt":"2024-06-09T13:51:40","guid":{"rendered":"https:\/\/agrozone.ee\/toode\/papu-argus\/"},"modified":"2024-06-09T15:51:40","modified_gmt":"2024-06-09T13:51:40","slug":"papu-argus","status":"publish","type":"product","link":"https:\/\/agrozone.ee\/fi\/tuote\/papu-argus\/","title":{"rendered":"Papu &#8216;Argus&#8217;"},"content":{"rendered":"<p>&#8216;Argus&#8217; vihre\u00e4 turkoosi papu on tummanvihre\u00e4 lajike, jolla on erinomainen maku! Korkeus 45 cm. Pituus 14-15 cm. Sopii erinomaisesti my\u00f6s ruukku- ja astiakasvatukseen. Pavut ovat valoa ja l\u00e4mp\u00f6\u00e4 vaativia kasveja.    <\/p>\n<p>30 siement\u00e4<\/p>\n<h3>K\u00e4ytt\u00f6ohjeet<\/h3>\n<p>Kylv\u00f6kaavio 20 x 30 cm. Kylv\u00f6: touko-kes\u00e4kuussa avomaalle. <\/p>\n","protected":false},"excerpt":{"rendered":"<p>&#8216;Argus&#8217; vihre\u00e4 turkoosi papu on tummanvihre\u00e4 lajike, jolla on erinomainen maku! Korkeus 45 cm. Pituus 14-15 cm. Sopii erinomaisesti my\u00f6s ruukku- ja astiakasvatukseen. Pavut ovat valoa ja l\u00e4mp\u00f6\u00e4 vaativia kasveja.    <\/p>\n","protected":false},"featured_media":42473,"template":"","meta":{"_acf_changed":false,"_seopress_robots_primary_cat":"none","_seopress_titles_title":"","_seopress_titles_desc":"","_seopress_robots_index":"","_gspb_post_css":""},"product_brand":[],"product_cat":[2403,2392,2399,2401],"product_tag":[],"class_list":{"0":"post-47479","1":"product","2":"type-product","3":"status-publish","4":"has-post-thumbnail","6":"product_cat-puutarhapavut","7":"product_cat-kaikki-luokat","8":"product_cat-siemenet","9":"product_cat-vihanneksien-siemenet","11":"first","12":"instock","13":"taxable","14":"shipping-taxable","15":"purchasable","16":"product-type-simple"},"ct_brands":[],"acf":[],"_links":{"self":[{"href":"https:\/\/agrozone.ee\/fi\/wp-json\/wp\/v2\/product\/47479","targetHints":{"allow":["GET"]}}],"collection":[{"href":"https:\/\/agrozone.ee\/fi\/wp-json\/wp\/v2\/product"}],"about":[{"href":"https:\/\/agrozone.ee\/fi\/wp-json\/wp\/v2\/types\/product"}],"wp:featuredmedia":[{"embeddable":true,"href":"https:\/\/agrozone.ee\/fi\/wp-json\/wp\/v2\/media\/42473"}],"wp:attachment":[{"href":"https:\/\/agrozone.ee\/fi\/wp-json\/wp\/v2\/media?parent=47479"}],"wp:term":[{"taxonomy":"product_brand","embeddable":true,"href":"https:\/\/agrozone.ee\/fi\/wp-json\/wp\/v2\/product_brand?post=47479"},{"taxonomy":"product_cat","embeddable":true,"href":"https:\/\/agrozone.ee\/fi\/wp-json\/wp\/v2\/product_cat?post=47479"},{"taxonomy":"product_tag","embeddable":true,"href":"https:\/\/agrozone.ee\/fi\/wp-json\/wp\/v2\/product_tag?post=47479"}],"curies":[{"name":"wp","href":"https:\/\/api.w.org\/{rel}","templated":true}]}}