{"id":47480,"date":"2024-06-09T15:51:40","date_gmt":"2024-06-09T12:51:40","guid":{"rendered":"https:\/\/agrozone.ee\/toode\/hernes-maxigolt\/"},"modified":"2024-06-09T15:51:40","modified_gmt":"2024-06-09T13:51:40","slug":"hernes-maxigolt","status":"publish","type":"product","link":"https:\/\/agrozone.ee\/fi\/tuote\/hernes-maxigolt\/","title":{"rendered":"Hernes &#8216;Maxigolt"},"content":{"rendered":"<p>Eritt\u00e4in makeat, tummanvihre\u00e4t jyv\u00e4t omaava keskenkasvuinen lajike &#8220;Maxigolt&#8221; soveltuu tuoreena nautittavaksi ja ruoanlaittoon. Kasvuaika 50-60 p\u00e4iv\u00e4\u00e4. <\/p>\n<p>50g<\/p>\n<p>&nbsp;<\/p>\n<h3>K\u00e4ytt\u00f6ohjeet<\/h3>\n<p>Kasvin korkeus 90-120 cm, tarvitsee tukea. Kaunis leve\u00e4 jopa 8 cm pitk\u00e4. <\/p>\n","protected":false},"excerpt":{"rendered":"<p>Eritt\u00e4in makeat, tummanvihre\u00e4t jyv\u00e4t omaava keskenkasvuinen lajike &#8220;Maxigolt&#8221; soveltuu tuoreena nautittavaksi ja ruoanlaittoon. Kasvuaika 50-60 p\u00e4iv\u00e4\u00e4. <\/p>\n","protected":false},"featured_media":44939,"template":"","meta":{"_acf_changed":false,"_seopress_robots_primary_cat":"","_seopress_titles_title":"","_seopress_titles_desc":"","_seopress_robots_index":"","_gspb_post_css":""},"product_brand":[],"product_cat":[2406,2392,2997,2399,2401],"product_tag":[],"class_list":{"0":"post-47480","1":"product","2":"type-product","3":"status-publish","4":"has-post-thumbnail","6":"product_cat-herne","7":"product_cat-kaikki-luokat","8":"product_cat-mikroversot-idatykseen","9":"product_cat-siemenet","10":"product_cat-vihanneksien-siemenet","12":"first","13":"instock","14":"taxable","15":"shipping-taxable","16":"purchasable","17":"product-type-simple"},"ct_brands":[],"acf":[],"_links":{"self":[{"href":"https:\/\/agrozone.ee\/fi\/wp-json\/wp\/v2\/product\/47480","targetHints":{"allow":["GET"]}}],"collection":[{"href":"https:\/\/agrozone.ee\/fi\/wp-json\/wp\/v2\/product"}],"about":[{"href":"https:\/\/agrozone.ee\/fi\/wp-json\/wp\/v2\/types\/product"}],"wp:featuredmedia":[{"embeddable":true,"href":"https:\/\/agrozone.ee\/fi\/wp-json\/wp\/v2\/media\/44939"}],"wp:attachment":[{"href":"https:\/\/agrozone.ee\/fi\/wp-json\/wp\/v2\/media?parent=47480"}],"wp:term":[{"taxonomy":"product_brand","embeddable":true,"href":"https:\/\/agrozone.ee\/fi\/wp-json\/wp\/v2\/product_brand?post=47480"},{"taxonomy":"product_cat","embeddable":true,"href":"https:\/\/agrozone.ee\/fi\/wp-json\/wp\/v2\/product_cat?post=47480"},{"taxonomy":"product_tag","embeddable":true,"href":"https:\/\/agrozone.ee\/fi\/wp-json\/wp\/v2\/product_tag?post=47480"}],"curies":[{"name":"wp","href":"https:\/\/api.w.org\/{rel}","templated":true}]}}