{"id":47482,"date":"2024-06-09T15:52:01","date_gmt":"2024-06-09T13:52:01","guid":{"rendered":"https:\/\/agrozone.ee\/toode\/jaavuorisalaatti-silvinas-f1\/"},"modified":"2025-05-24T06:24:32","modified_gmt":"2025-05-24T04:24:32","slug":"jaavuorisalaatti-silvinas-f1","status":"publish","type":"product","link":"https:\/\/agrozone.ee\/fi\/tuote\/jaavuorisalaatti-silvinas-f1\/","title":{"rendered":"J\u00e4\u00e4vuorisalaatti &#8216;Silvinas&#8217; F1"},"content":{"rendered":"<p>J\u00e4\u00e4vuorisalaatti &#8216;Silvinas&#8217; on miedon makuinen, sen p\u00e4\u00e4 on tiivis ja lehdet tummanvihre\u00e4t. Se kypsyy tasaisesti eik\u00e4 kutistu. <\/p>\n<p>20 siement\u00e4<\/p>\n<p>&nbsp;<\/p>\n<h3>K\u00e4ytt\u00f6ohjeet<\/h3>\n<p>Kylv\u00f6aika. Kylv\u00f6 maalis-kes\u00e4kuussa. Ulkoviljelyyn. Istutusmuoto: 15 x 75 cm. KASVUAIKA. Sadonkorjuu kes\u00e4-syyskuussa.    <\/p>\n","protected":false},"excerpt":{"rendered":"<p>J\u00e4\u00e4vuorisalaatti &#8216;Silvinas&#8217; on miedon makuinen, sen p\u00e4\u00e4 on tiivis ja lehdet tummanvihre\u00e4t. Se kypsyy tasaisesti eik\u00e4 kutistu. <\/p>\n","protected":false},"featured_media":42463,"template":"","meta":{"_acf_changed":false,"_seopress_robots_primary_cat":"none","_seopress_titles_title":"","_seopress_titles_desc":"","_seopress_robots_index":"","_gspb_post_css":""},"product_brand":[],"product_cat":[2392,2419,2399,2401],"product_tag":[],"class_list":{"0":"post-47482","1":"product","2":"type-product","3":"status-publish","4":"has-post-thumbnail","6":"product_cat-kaikki-luokat","7":"product_cat-salaatit-ja-muut","8":"product_cat-siemenet","9":"product_cat-vihanneksien-siemenet","11":"first","12":"instock","13":"taxable","14":"shipping-taxable","15":"purchasable","16":"product-type-simple"},"ct_brands":[],"acf":[],"_links":{"self":[{"href":"https:\/\/agrozone.ee\/fi\/wp-json\/wp\/v2\/product\/47482","targetHints":{"allow":["GET"]}}],"collection":[{"href":"https:\/\/agrozone.ee\/fi\/wp-json\/wp\/v2\/product"}],"about":[{"href":"https:\/\/agrozone.ee\/fi\/wp-json\/wp\/v2\/types\/product"}],"wp:featuredmedia":[{"embeddable":true,"href":"https:\/\/agrozone.ee\/fi\/wp-json\/wp\/v2\/media\/42463"}],"wp:attachment":[{"href":"https:\/\/agrozone.ee\/fi\/wp-json\/wp\/v2\/media?parent=47482"}],"wp:term":[{"taxonomy":"product_brand","embeddable":true,"href":"https:\/\/agrozone.ee\/fi\/wp-json\/wp\/v2\/product_brand?post=47482"},{"taxonomy":"product_cat","embeddable":true,"href":"https:\/\/agrozone.ee\/fi\/wp-json\/wp\/v2\/product_cat?post=47482"},{"taxonomy":"product_tag","embeddable":true,"href":"https:\/\/agrozone.ee\/fi\/wp-json\/wp\/v2\/product_tag?post=47482"}],"curies":[{"name":"wp","href":"https:\/\/api.w.org\/{rel}","templated":true}]}}