{"id":47603,"date":"2024-06-09T15:50:11","date_gmt":"2024-06-09T12:50:11","guid":{"rendered":"https:\/\/agrozone.ee\/toode\/tilli-mammutti\/"},"modified":"2025-12-09T09:41:16","modified_gmt":"2025-12-09T07:41:16","slug":"tilli-mammutti","status":"publish","type":"product","link":"https:\/\/agrozone.ee\/fi\/tuote\/tilli-mammutti\/","title":{"rendered":"Tilli &#8220;Mammutti&#8221;"},"content":{"rendered":"<p><strong>Anethum graveolens<\/strong><\/p>\n<ul>\n<li>Puutarhatilli &#8220;Mammutti&#8221; on eritt\u00e4in satoisa pensastilli.<\/li>\n<li>Lajike, joka kasvaa aluksi pitk\u00e4\u00e4n matalana ja tuottaa runsaasti lehtimassaa, mutta kasvaa my\u00f6hemmin hyvin korkeaksi.<\/li>\n<li>Lehtimassa on herkk\u00e4\u00e4 ja aromaattista.<\/li>\n<li>Sopii k\u00e4ytett\u00e4v\u00e4ksi sek\u00e4 tuoreena ett\u00e4 kuivattuna, s\u00e4ilykkeisiin ja ruokien maustamiseen.<\/li>\n<\/ul>\n<p>&nbsp;<\/p>\n<h3>K\u00e4ytt\u00f6ohjeet<\/h3>\n<ul>\n<li>Sen voi kylv\u00e4\u00e4 my\u00f6s my\u00f6h\u00e4\u00e4n syksyll\u00e4, jotta satoa saadaan varhain kev\u00e4\u00e4ll\u00e4.<\/li>\n<li>Ensimm\u00e4inen sato 20 p\u00e4iv\u00e4n kuluttua kylv\u00f6st\u00e4.<\/li>\n<\/ul>\n<p>Kylv\u00f6aika.<\/p>\n<ul>\n<li>Kylvet\u00e4\u00e4n kasvihuoneeseen maalis-huhtikuussa, avomaalle huhti-kes\u00e4kuussa.<\/li>\n<li>Toistamalla kylv\u00f6\u00e4 2-3 viikon v\u00e4lein, tuoreita yrttej\u00e4 saa jatkuvasti.<\/li>\n<li>Kylvet\u00e4\u00e4n mahdollisimman aikaisin.<\/li>\n<li>Sen voi kylv\u00e4\u00e4 my\u00f6s my\u00f6h\u00e4\u00e4n syksyll\u00e4, jotta satoa saadaan varhain kev\u00e4\u00e4ll\u00e4.<\/li>\n<li>Kylv\u00f6syvyys 0,5 cm.<\/li>\n<li>Istutusskeem: 1 x 30 cm.<\/li>\n<\/ul>\n<p>KASVATUSAIKA<\/p>\n<ul>\n<li>juuni-august.<\/li>\n<\/ul>\n","protected":false},"excerpt":{"rendered":"<ul>\n<li>Puutarhatilli &#8220;Mammutti&#8221; on eritt\u00e4in satoisa pensastilli.<\/li>\n<li>Lajike, joka kasvaa aluksi pitk\u00e4\u00e4n matalana ja tuottaa runsaasti lehtimassaa, mutta kasvaa my\u00f6hemmin hyvin korkeaksi.<\/li>\n<li>Lehtimassa on herkk\u00e4\u00e4 ja aromaattista.<\/li>\n<li>Sopii k\u00e4ytett\u00e4v\u00e4ksi sek\u00e4 tuoreena ett\u00e4 kuivattuna, s\u00e4ilykkeisiin ja ruokien maustamiseen.<\/li>\n<\/ul>\n","protected":false},"featured_media":46145,"template":"","meta":{"_acf_changed":false,"_seopress_robots_primary_cat":"none","_seopress_titles_title":"","_seopress_titles_desc":"","_seopress_robots_index":"","_gspb_post_css":""},"product_brand":[],"product_cat":[2392,2399,2402,2401],"product_tag":[],"class_list":{"0":"post-47603","1":"product","2":"type-product","3":"status-publish","4":"has-post-thumbnail","6":"product_cat-kaikki-luokat","7":"product_cat-siemenet","8":"product_cat-tilli","9":"product_cat-vihanneksien-siemenet","11":"first","12":"instock","13":"taxable","14":"shipping-taxable","15":"purchasable","16":"product-type-simple"},"ct_brands":[],"acf":[],"_links":{"self":[{"href":"https:\/\/agrozone.ee\/fi\/wp-json\/wp\/v2\/product\/47603","targetHints":{"allow":["GET"]}}],"collection":[{"href":"https:\/\/agrozone.ee\/fi\/wp-json\/wp\/v2\/product"}],"about":[{"href":"https:\/\/agrozone.ee\/fi\/wp-json\/wp\/v2\/types\/product"}],"wp:featuredmedia":[{"embeddable":true,"href":"https:\/\/agrozone.ee\/fi\/wp-json\/wp\/v2\/media\/46145"}],"wp:attachment":[{"href":"https:\/\/agrozone.ee\/fi\/wp-json\/wp\/v2\/media?parent=47603"}],"wp:term":[{"taxonomy":"product_brand","embeddable":true,"href":"https:\/\/agrozone.ee\/fi\/wp-json\/wp\/v2\/product_brand?post=47603"},{"taxonomy":"product_cat","embeddable":true,"href":"https:\/\/agrozone.ee\/fi\/wp-json\/wp\/v2\/product_cat?post=47603"},{"taxonomy":"product_tag","embeddable":true,"href":"https:\/\/agrozone.ee\/fi\/wp-json\/wp\/v2\/product_tag?post=47603"}],"curies":[{"name":"wp","href":"https:\/\/api.w.org\/{rel}","templated":true}]}}