{"id":47621,"date":"2025-03-05T12:56:04","date_gmt":"2025-03-05T10:56:04","guid":{"rendered":"https:\/\/agrozone.ee\/toode\/vahvistettu-alumiiniteippi\/"},"modified":"2025-03-05T12:56:04","modified_gmt":"2025-03-05T10:56:04","slug":"vahvistettu-alumiiniteippi","status":"publish","type":"product","link":"https:\/\/agrozone.ee\/fi\/tuote\/vahvistettu-alumiiniteippi\/","title":{"rendered":"Vahvistettu alumiiniteippi"},"content":{"rendered":"<h4 class=\"product-title\">Vahvistettu alumiiniteippi 50mm x 40m, hopea<\/h4>\n<ul>\n<li>Liuotinpohjaisella liimalla, kest\u00e4v\u00e4ll\u00e4 lasikuidulla vahvistettu alumiiniteippi.<\/li>\n<li>K\u00e4ytet\u00e4\u00e4n liitosten ja saumojen suojaamiseen kosteudelta ja h\u00f6yrylt\u00e4, erilaisissa eristyst\u00f6iss\u00e4 sek\u00e4 korjaust\u00f6iss\u00e4 autoteollisuudessa.<\/li>\n<li>Pehme\u00e4\u00e4 alumiiniteippi\u00e4 on eritt\u00e4in k\u00e4tev\u00e4 k\u00e4ytt\u00e4\u00e4 karkeilla pinnoilla.<\/li>\n<li>L\u00e4mp\u00f6tila-alue -35 \u00b0C &#8211; +120 \u00b0C.<\/li>\n<\/ul>\n","protected":false},"excerpt":{"rendered":"<p>Vahvistettu alumiiniteippi 50mm x 40m, hopea Liuotinpohjaisella liimalla, kest\u00e4v\u00e4ll\u00e4 lasikuidulla vahvistettu alumiiniteippi. K\u00e4ytet\u00e4\u00e4n liitosten ja saumojen suojaamiseen kosteudelta ja h\u00f6yrylt\u00e4, erilaisissa eristyst\u00f6iss\u00e4 sek\u00e4 korjaust\u00f6iss\u00e4 autoteollisuudessa. Pehme\u00e4\u00e4 alumiiniteippi\u00e4 on eritt\u00e4in k\u00e4tev\u00e4 k\u00e4ytt\u00e4\u00e4 karkeilla pinnoilla. L\u00e4mp\u00f6tila-alue -35 \u00b0C &#8211; +120 \u00b0C.<\/p>\n","protected":false},"featured_media":47610,"template":"","meta":{"_acf_changed":false,"_seopress_robots_primary_cat":"","_seopress_titles_title":"","_seopress_titles_desc":"","_seopress_robots_index":"","_gspb_post_css":""},"product_brand":[],"product_cat":[2392,2368,2363],"product_tag":[],"class_list":{"0":"post-47621","1":"product","2":"type-product","3":"status-publish","4":"has-post-thumbnail","6":"product_cat-kaikki-luokat","7":"product_cat-kasvihuoneet-lisavarusteet","8":"product_cat-puutarhatarvikkeet","10":"first","11":"instock","12":"taxable","13":"shipping-taxable","14":"purchasable","15":"product-type-simple"},"ct_brands":[],"acf":[],"_links":{"self":[{"href":"https:\/\/agrozone.ee\/fi\/wp-json\/wp\/v2\/product\/47621","targetHints":{"allow":["GET"]}}],"collection":[{"href":"https:\/\/agrozone.ee\/fi\/wp-json\/wp\/v2\/product"}],"about":[{"href":"https:\/\/agrozone.ee\/fi\/wp-json\/wp\/v2\/types\/product"}],"wp:featuredmedia":[{"embeddable":true,"href":"https:\/\/agrozone.ee\/fi\/wp-json\/wp\/v2\/media\/47610"}],"wp:attachment":[{"href":"https:\/\/agrozone.ee\/fi\/wp-json\/wp\/v2\/media?parent=47621"}],"wp:term":[{"taxonomy":"product_brand","embeddable":true,"href":"https:\/\/agrozone.ee\/fi\/wp-json\/wp\/v2\/product_brand?post=47621"},{"taxonomy":"product_cat","embeddable":true,"href":"https:\/\/agrozone.ee\/fi\/wp-json\/wp\/v2\/product_cat?post=47621"},{"taxonomy":"product_tag","embeddable":true,"href":"https:\/\/agrozone.ee\/fi\/wp-json\/wp\/v2\/product_tag?post=47621"}],"curies":[{"name":"wp","href":"https:\/\/api.w.org\/{rel}","templated":true}]}}