{"id":4764,"date":"2024-06-09T16:07:11","date_gmt":"2024-06-09T13:07:11","guid":{"rendered":"https:\/\/agrozone.ee\/?post_type=product&#038;p=4764"},"modified":"2026-03-25T15:58:21","modified_gmt":"2026-03-25T13:58:21","slug":"kastmiskott-puule-75l","status":"publish","type":"product","link":"https:\/\/agrozone.ee\/fi\/tuote\/kastmiskott-puule-75l\/","title":{"rendered":"Kastmiskott puule 75l"},"content":{"rendered":"<ul>\n<li>Kastmiskotiga jaotub kastmisvesi \u00fchtlaselt noore puu juurestikule.<\/li>\n<li>Selle kasutamine kiirendab kastmist ja tagab puu hea kasvu.<\/li>\n<li>Kastmiskotti on soovitav kasutada v\u00e4hemalt kahel esimesel aastal p\u00e4rast puu istutamist.<\/li>\n<li>Kastmiskotiga on v\u00f5imalik kasutada ka vees lahustuvaid v\u00e4etisi.<\/li>\n<\/ul>\n<p>Puude kastmiskotti kasutatakse noorte ja olemasolevate puude pikaajaliseks kastmiseks.<\/p>\n<p>Vesi tilgub kotist aeglaselt, kuid pidevalt ja imbub seega aeglaselt maa sisse.<\/p>\n<p>Puid saab kasta \u00fche t\u00e4itmisega 5-9 tundi.<\/p>\n<p>T\u00e4nu \u00fchtlasele kastmisele suudavad puud vett palju paremini vastu v\u00f5tta.<\/p>\n<p>Puude kastmiskott on varustatud t\u00f5mblukuga, mille abil saab veekoti \u00fcmber puu asetada ja seej\u00e4rel veega t\u00e4ita.<\/p>\n<p>Puud saavad t\u00e4nu pikaajalisele kastmisele kauem vett ka kuival ajal.<\/p>\n<p>Veekott kaitseb puid, eriti noori l\u00fchikeste juurtega puid kuivamise eest.<\/p>\n<p><strong>Materjal:<\/strong> Puude veekott on valmistatud \u00e4\u00e4rmiselt vastupidavast PVC-st, mis on varustatud UV-stabilisaatoriga.<\/p>\n<p>T\u00e4nu vastupidavale materjalile saab puude kastmiskotti mitu korda uuesti kasutada.<\/p>\n<ul>\n<li>Pikaajaline kastmine noortele ja olemasolevatele puudele<\/li>\n<li>Puude kastmine 5-9 tunni<\/li>\n<li>Parem veeimavus t\u00e4nu \u00fchtlasele kastmisele<\/li>\n<li>Valmistatud UV-stabiilsest, \u00e4\u00e4rmiselt vastupidavast pvc-st<\/li>\n<li>Lihtne kinnitada t\u00e4nu t\u00f5mblukule<\/li>\n<li>2 t\u00f5stesilmust<\/li>\n<\/ul>\n<p><strong>V\u00e4rv:<\/strong> roheline<\/p>\n<p><strong>M\u00f5\u00f5dud:<\/strong> 55 x 33 x 26 cm<\/p>\n<p><strong>KASUTAMINE<\/strong><\/p>\n<ul>\n<li>Aseta kott \u00fcmber puu ja kinnita t\u00f5mblukk.<\/li>\n<li>Esmalt t\u00e4itke kott osaliselt veega ja asetage see korralikult oma kohale.<\/li>\n<li>Seej\u00e4rel saate koti t\u00e4isv\u00f5imsusel t\u00e4ita.<\/li>\n<li>Koos kastekotiga v\u00f5ib kasutada vedelaid ja vees lahustuvaid v\u00e4etisi.<\/li>\n<li>Kastmiskoti saab kinnitada ka istutatud puu l\u00e4hedale tugiseina k\u00fclge.<\/li>\n<li>Hapra puidu puhul on soovitatav tugivarda kinnitus.<\/li>\n<\/ul>\n","protected":false},"excerpt":{"rendered":"<ul>\n<li>Kastmiskotiga jaotub kastmisvesi \u00fchtlaselt noore puu juurestikule.<\/li>\n<li>Selle kasutamine kiirendab kastmist ja tagab puu hea kasvu.<\/li>\n<li>Kastmiskotti on soovitav kasutada v\u00e4hemalt kahel esimesel aastal p\u00e4rast puu istutamist.<\/li>\n<li>Kastmiskotiga on v\u00f5imalik kasutada ka vees lahustuvaid v\u00e4etisi.<\/li>\n<\/ul>\n","protected":false},"featured_media":4824,"template":"","meta":{"_acf_changed":false,"_seopress_robots_primary_cat":"none","_seopress_titles_title":"","_seopress_titles_desc":"Kastmiskotiga jaotub kastmisvesi \u00fchtlaselt noore puu juurestikule. Selle kasutamine kiirendab kastmist ja tagab puu hea kasvu.","_seopress_robots_index":"","_gspb_post_css":""},"product_brand":[],"product_cat":[149,1181,15],"product_tag":[],"class_list":{"0":"post-4764","1":"product","2":"type-product","3":"status-publish","4":"has-post-thumbnail","6":"product_cat-aiatarvikud","7":"product_cat-kastmiskott","8":"product_cat-koik-kategooriad","10":"first","11":"outofstock","12":"featured","13":"taxable","14":"shipping-taxable","15":"purchasable","16":"product-type-simple"},"ct_brands":[],"acf":[],"_links":{"self":[{"href":"https:\/\/agrozone.ee\/fi\/wp-json\/wp\/v2\/product\/4764","targetHints":{"allow":["GET"]}}],"collection":[{"href":"https:\/\/agrozone.ee\/fi\/wp-json\/wp\/v2\/product"}],"about":[{"href":"https:\/\/agrozone.ee\/fi\/wp-json\/wp\/v2\/types\/product"}],"wp:featuredmedia":[{"embeddable":true,"href":"https:\/\/agrozone.ee\/fi\/wp-json\/wp\/v2\/media\/4824"}],"wp:attachment":[{"href":"https:\/\/agrozone.ee\/fi\/wp-json\/wp\/v2\/media?parent=4764"}],"wp:term":[{"taxonomy":"product_brand","embeddable":true,"href":"https:\/\/agrozone.ee\/fi\/wp-json\/wp\/v2\/product_brand?post=4764"},{"taxonomy":"product_cat","embeddable":true,"href":"https:\/\/agrozone.ee\/fi\/wp-json\/wp\/v2\/product_cat?post=4764"},{"taxonomy":"product_tag","embeddable":true,"href":"https:\/\/agrozone.ee\/fi\/wp-json\/wp\/v2\/product_tag?post=4764"}],"curies":[{"name":"wp","href":"https:\/\/api.w.org\/{rel}","templated":true}]}}