{"id":47645,"date":"2025-04-09T10:22:49","date_gmt":"2025-04-09T08:22:49","guid":{"rendered":"https:\/\/agrozone.ee\/?post_type=product&#038;p=47645"},"modified":"2025-04-09T12:17:18","modified_gmt":"2025-04-09T10:17:18","slug":"pelargoni-ja-petunian-nestemainen-lannoite-1-l","status":"publish","type":"product","link":"https:\/\/agrozone.ee\/fi\/tuote\/pelargoni-ja-petunian-nestemainen-lannoite-1-l\/","title":{"rendered":"Pelargoni- ja petunian nestem\u00e4inen lannoite 1 l"},"content":{"rendered":"<ul>\n<li><span data-olk-copy-source=\"MessageBody\">Nopeavaikutteinen, vesiliukoinen t\u00e4yslannoite kaikkien pelargonien, surfinioiden, petunioiden, orvokkien, ruusujen, lobelioiden, krysanteemien, levkoijien, samettikukkien, leimukukkien, leijonankitojen, verbenaojen ja muiden parveke-, amppeli- ja kes\u00e4kukkien lannoittamiseen. <\/span><\/li>\n<li><span data-olk-copy-source=\"MessageBody\">Erityisesti valittu makro- ja mikroravinteiden tasapaino takaa runsaan ja pitk\u00e4kestoisen kukinnan ja kirkkaan kukkav\u00e4rin.<\/span><\/li>\n<\/ul>\n<p>Se on r\u00e4\u00e4t\u00e4l\u00f6ity juuri t\u00e4m\u00e4n kasvilajin ravinnetarpeisiin, mutta sopii yht\u00e4 hyvin my\u00f6s muille kukkiville kasveille parvekkeella, terassilla ja puutarhassa.<\/p>\n<ul>\n<li>Terveeseen kehitykseen ja runsaaseen kukintaan.<\/li>\n<\/ul>\n<h4>K\u00e4ytt\u00f6ohjeet<\/h4>\n<ul>\n<li>Laimenna 15 ml (0,5 pullon korkillista) lannoitetta 2-3 litraan vett\u00e4.<\/li>\n<li>K\u00e4yt\u00e4 liuosta pelargonioiden ja muiden parvekekasvien kasteluun.<\/li>\n<li>Kasvata kasvien lannoitus kerran viikossa intensiivisen kasvun ja kukinnan aikana.<\/li>\n<li>K\u00e4yt\u00e4 vain tarvittaessa.<\/li>\n<li>\u00c4l\u00e4 ylit\u00e4 k\u00e4ytt\u00f6m\u00e4\u00e4r\u00e4\u00e4.<\/li>\n<\/ul>\n","protected":false},"excerpt":{"rendered":"<p>Nopeavaikutteinen, vesiliukoinen t\u00e4yslannoite kaikkien pelargonien, surfinioiden, petunioiden, orvokkien, ruusujen, lobelioiden, krysanteemien, levkoijien, samettikukkien, leimukukkien, leijonankitojen, verbenaojen ja muiden parveke-, amppeli- ja kes\u00e4kukkien lannoittamiseen. Erityisesti valittu makro- ja mikroravinteiden tasapaino takaa runsaan ja pitk\u00e4kestoisen kukinnan ja kirkkaan kukkav\u00e4rin. Se on r\u00e4\u00e4t\u00e4l\u00f6ity juuri t\u00e4m\u00e4n kasvilajin ravinnetarpeisiin, mutta sopii yht\u00e4 hyvin my\u00f6s muille kukkiville kasveille parvekkeella, terassilla ja [&hellip;]<\/p>\n","protected":false},"featured_media":48839,"template":"","meta":{"_acf_changed":false,"_seopress_robots_primary_cat":"none","_seopress_titles_title":"","_seopress_titles_desc":"","_seopress_robots_index":"","_gspb_post_css":""},"product_brand":[],"product_cat":[2467,2392,2438,2468],"product_tag":[],"class_list":{"0":"post-47645","1":"product","2":"type-product","3":"status-publish","4":"has-post-thumbnail","6":"product_cat-huonekasvien-lannoitteet","7":"product_cat-kaikki-luokat","8":"product_cat-lannoitteet","9":"product_cat-nestemainen-lannoite","11":"first","12":"instock","13":"featured","14":"taxable","15":"shipping-taxable","16":"purchasable","17":"product-type-simple"},"ct_brands":[],"acf":[],"_links":{"self":[{"href":"https:\/\/agrozone.ee\/fi\/wp-json\/wp\/v2\/product\/47645","targetHints":{"allow":["GET"]}}],"collection":[{"href":"https:\/\/agrozone.ee\/fi\/wp-json\/wp\/v2\/product"}],"about":[{"href":"https:\/\/agrozone.ee\/fi\/wp-json\/wp\/v2\/types\/product"}],"wp:featuredmedia":[{"embeddable":true,"href":"https:\/\/agrozone.ee\/fi\/wp-json\/wp\/v2\/media\/48839"}],"wp:attachment":[{"href":"https:\/\/agrozone.ee\/fi\/wp-json\/wp\/v2\/media?parent=47645"}],"wp:term":[{"taxonomy":"product_brand","embeddable":true,"href":"https:\/\/agrozone.ee\/fi\/wp-json\/wp\/v2\/product_brand?post=47645"},{"taxonomy":"product_cat","embeddable":true,"href":"https:\/\/agrozone.ee\/fi\/wp-json\/wp\/v2\/product_cat?post=47645"},{"taxonomy":"product_tag","embeddable":true,"href":"https:\/\/agrozone.ee\/fi\/wp-json\/wp\/v2\/product_tag?post=47645"}],"curies":[{"name":"wp","href":"https:\/\/api.w.org\/{rel}","templated":true}]}}