{"id":4765,"date":"2024-06-09T16:07:12","date_gmt":"2024-06-09T13:07:12","guid":{"rendered":"https:\/\/agrozone.ee\/?post_type=product&#038;p=4765"},"modified":"2026-04-08T10:25:14","modified_gmt":"2026-04-08T08:25:14","slug":"baklazaan-black-beauty","status":"publish","type":"product","link":"https:\/\/agrozone.ee\/fi\/tuote\/baklazaan-black-beauty\/","title":{"rendered":"Bakla\u017eaan BLACK BEAUTY"},"content":{"rendered":"<ul>\n<li>Bakla\u017eaan &#8211; keskmine varajane sort.<\/li>\n<li>Viljad on suured, tumelilla koorega.<\/li>\n<li>Viljaliha on tihke ja valge.<\/li>\n<li>Viljad korjatakse, kui koor on l\u00e4ikiv. (<strong>NB!<\/strong> Hiljem v\u00f5ivad need muutuda kibedaks.)<\/li>\n<\/ul>\n<h3>Kasutusjuhend<\/h3>\n<ul>\n<li><strong>Kogus pakendis:<\/strong> 0,2g<\/li>\n<li><strong>K\u00fclviaeg:<\/strong> II-III, 1 cm.<\/li>\n<li><strong>Saak valmib:<\/strong> VII-IX<\/li>\n<li><strong>Tootja:<\/strong> Agronom<\/li>\n<\/ul>\n<p>Istutage bakla\u017eaanitaimed avamaale p\u00e4rast k\u00fclmade l\u00f5ppemist, kui p\u00e4evane keskmine temperatuur ei ole madalam kui +15 kraadi.<\/p>\n","protected":false},"excerpt":{"rendered":"<ul>\n<li>Bakla\u017eaan &#8211; keskmine varajane sort.<\/li>\n<li>Viljad on suured, tumelilla koorega.<\/li>\n<li>Viljaliha on tihke ja valge.<\/li>\n<li>Viljad korjatakse, kui koor on l\u00e4ikiv. (<strong>NB!<\/strong> Hiljem v\u00f5ivad need muutuda kibedaks.)<\/li>\n<\/ul>\n","protected":false},"featured_media":4829,"template":"","meta":{"_acf_changed":false,"_seopress_robots_primary_cat":"","_seopress_titles_title":"","_seopress_titles_desc":"Bakla\u017eaan - keskmine varajane sort. Viljad on suured, tumelilla koorega. Viljaliha on tihke ja valge. Bakla\u017eaanid korjatakse, kui koor on l\u00e4ikiv.","_seopress_robots_index":"","_gspb_post_css":""},"product_brand":[],"product_cat":[15,88,351,87],"product_tag":[],"class_list":{"0":"post-4765","1":"product","2":"type-product","3":"status-publish","4":"has-post-thumbnail","6":"product_cat-koik-kategooriad","7":"product_cat-koogiviljaseemned","8":"product_cat-korvits-suvikorvits","9":"product_cat-seemned","11":"first","12":"instock","13":"taxable","14":"shipping-taxable","15":"purchasable","16":"product-type-simple"},"ct_brands":[],"acf":[],"_links":{"self":[{"href":"https:\/\/agrozone.ee\/fi\/wp-json\/wp\/v2\/product\/4765","targetHints":{"allow":["GET"]}}],"collection":[{"href":"https:\/\/agrozone.ee\/fi\/wp-json\/wp\/v2\/product"}],"about":[{"href":"https:\/\/agrozone.ee\/fi\/wp-json\/wp\/v2\/types\/product"}],"wp:featuredmedia":[{"embeddable":true,"href":"https:\/\/agrozone.ee\/fi\/wp-json\/wp\/v2\/media\/4829"}],"wp:attachment":[{"href":"https:\/\/agrozone.ee\/fi\/wp-json\/wp\/v2\/media?parent=4765"}],"wp:term":[{"taxonomy":"product_brand","embeddable":true,"href":"https:\/\/agrozone.ee\/fi\/wp-json\/wp\/v2\/product_brand?post=4765"},{"taxonomy":"product_cat","embeddable":true,"href":"https:\/\/agrozone.ee\/fi\/wp-json\/wp\/v2\/product_cat?post=4765"},{"taxonomy":"product_tag","embeddable":true,"href":"https:\/\/agrozone.ee\/fi\/wp-json\/wp\/v2\/product_tag?post=4765"}],"curies":[{"name":"wp","href":"https:\/\/api.w.org\/{rel}","templated":true}]}}